{"id":735,"date":"2024-01-09T10:24:06","date_gmt":"2024-01-09T06:54:06","guid":{"rendered":"https:\/\/azco.parazitt.ir\/layih%c9%99l%c9%99r\/"},"modified":"2025-05-28T21:14:13","modified_gmt":"2025-05-28T17:44:13","slug":"layih%c9%99l%c9%99r","status":"publish","type":"page","link":"https:\/\/azco.az\/az\/layih%c9%99l%c9%99r\/","title":{"rendered":"Layih\u0259l\u0259r"},"content":{"rendered":"\t\t<div data-elementor-type=\"wp-page\" data-elementor-id=\"735\" class=\"elementor elementor-735 elementor-261\" data-elementor-post-type=\"page\">\n\t\t\t\t<div class=\"elementor-element elementor-element-8c6f5f2 e-flex e-con-boxed e-con e-child\" data-id=\"8c6f5f2\" data-element_type=\"container\" data-e-type=\"container\">\n\t\t\t\t\t<div class=\"e-con-inner\">\n\t\t\t\t<div class=\"elementor-element elementor-element-0adb26d elementor-widget elementor-widget-ot-portfolio-filter\" data-id=\"0adb26d\" data-element_type=\"widget\" data-e-type=\"widget\" data-widget_type=\"ot-portfolio-filter.default\">\n\t\t\t\t<div class=\"elementor-widget-container\">\n\t\t\t\t\t\r\n\t\t<div class=\"projects-filter-wrapper\">\r\n\t\t\t\t\t\t\r\n\t        <div class=\"projects-masonry isotope pf_3_cols \">\r\n\t\t\t\t<div class=\"grid-sizer\"><\/div>\r\n\t            <article class=\"project-item \">\r\n\t<div class=\"projects-box\">\r\n\t\t<figure class=\"projects-thumbnail overlay hover-scale \" data-src=\"https:\/\/azco.az\/wp-content\/uploads\/2025\/05\/Quba-animal-husbandry-1.jpg\" data-sub-html=\"Q\u018fB\u018fL\u018f K\u0259nd T\u0259s\u0259rr\u00fcfat\u0131 layih\u0259si\">\r\n\t\t\t<a href=\"https:\/\/azco.az\/az\/portfolio\/qebele-k%c9%99nd-t%c9%99s%c9%99rrufati-layih%c9%99si\/\">\r\n\t\t\t\t<img decoding=\"async\" src=\"https:\/\/azco.az\/wp-content\/uploads\/elementor\/thumbs\/Quba-animal-husbandry-1-r61a11iloiiysra9ibbnpfy7b7tz7zagwgcyrzjctc.jpg\" title=\"Quba-animal-husbandry\" alt=\"Quba-animal-husbandry\" loading=\"lazy\" \/>\t\t\t\t<span class=\"bg\"><\/span>\r\n\t\t\t\t<figcaption>\r\n\t\t\t\t\t<h5 class=\"post-title\">Q\u018fB\u018fL\u018f K\u0259nd T\u0259s\u0259rr\u00fcfat\u0131 layih\u0259si<\/h5>\r\n\t\t\t\t<\/figcaption>\r\n\t\t\t<\/a>\r\n\t\t<\/figure>\r\n\t<\/div>\r\n<\/article>\r\n<article class=\"project-item \">\r\n\t<div class=\"projects-box\">\r\n\t\t<figure class=\"projects-thumbnail overlay hover-scale \" data-src=\"https:\/\/azco.az\/wp-content\/uploads\/2025\/05\/MERCHANT-HOTEL-PROJECTS.jpg\" data-sub-html=\"MER\u00c7ANT HOTEL LAY\u0130H\u018fL\u018fR\u0130\">\r\n\t\t\t<a href=\"https:\/\/azco.az\/az\/portfolio\/mercant-hotel-layiheleri\/\">\r\n\t\t\t\t<img decoding=\"async\" src=\"https:\/\/azco.az\/wp-content\/uploads\/elementor\/thumbs\/MERCHANT-HOTEL-PROJECTS-r6fetey3g69dxfqbr616kvbo2qremh0su30svno2ow.jpg\" title=\"MERCHANT-HOTEL-PROJECTS\" alt=\"MERCHANT-HOTEL-PROJECTS\" loading=\"lazy\" \/>\t\t\t\t<span class=\"bg\"><\/span>\r\n\t\t\t\t<figcaption>\r\n\t\t\t\t\t<h5 class=\"post-title\">MER\u00c7ANT HOTEL LAY\u0130H\u018fL\u018fR\u0130<\/h5>\r\n\t\t\t\t<\/figcaption>\r\n\t\t\t<\/a>\r\n\t\t<\/figure>\r\n\t<\/div>\r\n<\/article>\r\n<article class=\"project-item \">\r\n\t<div class=\"projects-box\">\r\n\t\t<figure class=\"projects-thumbnail overlay hover-scale \" data-src=\"https:\/\/azco.az\/wp-content\/uploads\/2025\/05\/Qanli-Bridge-1.jpg\" data-sub-html=\"QANLI K\u00d6RP\u00dcL\u00dc LAY\u0130H\u018fL\u018fR\u0130\">\r\n\t\t\t<a href=\"https:\/\/azco.az\/az\/portfolio\/qanli-korpulu-layiheleri\/\">\r\n\t\t\t\t<img decoding=\"async\" src=\"https:\/\/azco.az\/wp-content\/uploads\/elementor\/thumbs\/Qanli-Bridge-1-r618zgwuhx3cpvuzwknijf9whr0sjj4q2hl96t8vj4.jpg\" title=\"Qanli-Bridge\" alt=\"Qanli-Bridge\" loading=\"lazy\" \/>\t\t\t\t<span class=\"bg\"><\/span>\r\n\t\t\t\t<figcaption>\r\n\t\t\t\t\t<h5 class=\"post-title\">QANLI K\u00d6RP\u00dcL\u00dc LAY\u0130H\u018fL\u018fR\u0130<\/h5>\r\n\t\t\t\t<\/figcaption>\r\n\t\t\t<\/a>\r\n\t\t<\/figure>\r\n\t<\/div>\r\n<\/article>\r\n<article class=\"project-item \">\r\n\t<div class=\"projects-box\">\r\n\t\t<figure class=\"projects-thumbnail overlay hover-scale \" data-src=\"https:\/\/azco.az\/wp-content\/uploads\/2025\/05\/Amburan-Villas-1.jpg\" data-sub-html=\"Amburan Villa layih\u0259si\">\r\n\t\t\t<a href=\"https:\/\/azco.az\/az\/portfolio\/amburan-villa-layih%c9%99si\/\">\r\n\t\t\t\t<img decoding=\"async\" src=\"https:\/\/azco.az\/wp-content\/uploads\/elementor\/thumbs\/Amburan-Villas-1-r618swzcui4drrdp68o5nkt7e1bnvi43i1udqcyoww.jpg\" title=\"Amburan-Villas\" alt=\"Amburan-Villas\" loading=\"lazy\" \/>\t\t\t\t<span class=\"bg\"><\/span>\r\n\t\t\t\t<figcaption>\r\n\t\t\t\t\t<h5 class=\"post-title\">Amburan Villa layih\u0259si<\/h5>\r\n\t\t\t\t<\/figcaption>\r\n\t\t\t<\/a>\r\n\t\t<\/figure>\r\n\t<\/div>\r\n<\/article>\r\n<article class=\"project-item \">\r\n\t<div class=\"projects-box\">\r\n\t\t<figure class=\"projects-thumbnail overlay hover-scale \" data-src=\"https:\/\/azco.az\/wp-content\/uploads\/2025\/04\/\u062c\u0645\u0632.jpg\" data-sub-html=\"GEMS Beyn\u0259lxalq M\u0259kt\u0259bi\">\r\n\t\t\t<a href=\"https:\/\/azco.az\/az\/portfolio\/qala-beyn%c9%99lxalq-m%c9%99kt%c9%99bi\/\">\r\n\t\t\t\t<img decoding=\"async\" src=\"https:\/\/azco.az\/wp-content\/uploads\/elementor\/thumbs\/\u062c\u0645\u0632-r618objrfntx0e20095tgqk2u7z28rvc7b0x9nrzc0.jpg\" title=\"\u062c\u0645\u0632\" alt=\"\u062c\u0645\u0632\" loading=\"lazy\" \/>\t\t\t\t<span class=\"bg\"><\/span>\r\n\t\t\t\t<figcaption>\r\n\t\t\t\t\t<h5 class=\"post-title\">GEMS Beyn\u0259lxalq M\u0259kt\u0259bi<\/h5>\r\n\t\t\t\t<\/figcaption>\r\n\t\t\t<\/a>\r\n\t\t<\/figure>\r\n\t<\/div>\r\n<\/article>\r\n<article class=\"project-item \">\r\n\t<div class=\"projects-box\">\r\n\t\t<figure class=\"projects-thumbnail overlay hover-scale \" data-src=\"https:\/\/azco.az\/wp-content\/uploads\/2025\/04\/Amburan-Beach-1-1.jpg\" data-sub-html=\"Amburan \u00c7im\u0259rlik Klub layih\u0259si\">\r\n\t\t\t<a href=\"https:\/\/azco.az\/az\/portfolio\/amburan-cim%c9%99rliyi\/\">\r\n\t\t\t\t<img decoding=\"async\" src=\"https:\/\/azco.az\/wp-content\/uploads\/elementor\/thumbs\/Amburan-Beach-1-1-r6f9n3dsqf78k2dfqmngbvyd1544udc8jvnw93xg2o.jpg\" title=\"Amburan-Beach-1\" alt=\"Amburan-Beach-1\" loading=\"lazy\" \/>\t\t\t\t<span class=\"bg\"><\/span>\r\n\t\t\t\t<figcaption>\r\n\t\t\t\t\t<h5 class=\"post-title\">Amburan \u00c7im\u0259rlik Klub layih\u0259si<\/h5>\r\n\t\t\t\t<\/figcaption>\r\n\t\t\t<\/a>\r\n\t\t<\/figure>\r\n\t<\/div>\r\n<\/article>\r\n\t\t\t<\/div>\r\n\t\t\t\r\n\t\t\t\t    <\/div>\r\n\t\t\t\t\t\t\t\t\t\t\r\n\t    \t\t\t\t<\/div>\n\t\t\t\t<\/div>\n\t\t\t\t\t<\/div>\n\t\t\t\t<\/div>\n\t\t\t\t<\/div>\n\t\t","protected":false},"excerpt":{"rendered":"<p>Quba Heyvandarl\u0131\u011f\u0131 T\u00fcccar Oteli Qanl\u0131 K\u00f6rp\u00fc Amburan Villalar\u0131 Qala Beyn\u0259lxalq M\u0259kt\u0259bi Amburan \u00c7im\u0259rliyi MAD MUT G\u0259d\u0259b\u0259y Q\u0259l\u0259vil\u0259\u015fdirm\u0259 \u00c7\u0259nl\u0259rin istehsal\u0131 Zavodu GEMS Beyn\u0259lxalq M\u0259kt\u0259bi Naftalan Qa\u015falt\u0131 Otel<\/p>\n","protected":false},"author":1,"featured_media":0,"parent":0,"menu_order":0,"comment_status":"closed","ping_status":"closed","template":"","meta":{"footnotes":""},"class_list":["post-735","page","type-page","status-publish","hentry"],"_links":{"self":[{"href":"https:\/\/azco.az\/az\/wp-json\/wp\/v2\/pages\/735","targetHints":{"allow":["GET"]}}],"collection":[{"href":"https:\/\/azco.az\/az\/wp-json\/wp\/v2\/pages"}],"about":[{"href":"https:\/\/azco.az\/az\/wp-json\/wp\/v2\/types\/page"}],"author":[{"embeddable":true,"href":"https:\/\/azco.az\/az\/wp-json\/wp\/v2\/users\/1"}],"replies":[{"embeddable":true,"href":"https:\/\/azco.az\/az\/wp-json\/wp\/v2\/comments?post=735"}],"version-history":[{"count":8,"href":"https:\/\/azco.az\/az\/wp-json\/wp\/v2\/pages\/735\/revisions"}],"predecessor-version":[{"id":3079,"href":"https:\/\/azco.az\/az\/wp-json\/wp\/v2\/pages\/735\/revisions\/3079"}],"wp:attachment":[{"href":"https:\/\/azco.az\/az\/wp-json\/wp\/v2\/media?parent=735"}],"curies":[{"name":"wp","href":"https:\/\/api.w.org\/{rel}","templated":true}]}}