{"id":727,"date":"2024-01-08T08:55:18","date_gmt":"2024-01-08T05:25:18","guid":{"rendered":"https:\/\/azco.parazitt.ir\/haqqimizda\/"},"modified":"2025-07-18T21:13:20","modified_gmt":"2025-07-18T17:43:20","slug":"sirk%c9%99timiz-haqqinda","status":"publish","type":"page","link":"https:\/\/azco.az\/az\/sirk%c9%99timiz-haqqinda\/","title":{"rendered":"\u015eirk\u0259timiz Haqq\u0131nda"},"content":{"rendered":"\t\t<div data-elementor-type=\"wp-page\" data-elementor-id=\"727\" class=\"elementor elementor-727 elementor-381\" data-elementor-post-type=\"page\">\n\t\t\t\t<div class=\"elementor-element elementor-element-36c5d48 e-flex e-con-boxed e-con e-parent\" data-id=\"36c5d48\" data-element_type=\"container\" data-e-type=\"container\" data-settings=\"{&quot;background_background&quot;:&quot;classic&quot;}\">\n\t\t\t\t\t<div class=\"e-con-inner\">\n\t\t<div class=\"elementor-element elementor-element-4e7abd7 e-con-full e-flex e-con e-child\" data-id=\"4e7abd7\" data-element_type=\"container\" data-e-type=\"container\">\n\t\t\t\t<div class=\"elementor-element elementor-element-fa0a070 elementor-widget elementor-widget-text-editor\" data-id=\"fa0a070\" data-element_type=\"widget\" data-e-type=\"widget\" data-widget_type=\"text-editor.default\">\n\t\t\t\t<div class=\"elementor-widget-container\">\n\t\t\t\t\t\t\t\t\t<p><strong>\u015eirk\u0259timiz haqq\u0131nda q\u0131sa m\u0259lumat<br \/><\/strong><\/p><p>\u201cAZCO Engineering-Procurement&amp;Construction\u201d Co \u015firk\u0259ti \u0259n yax\u015f\u0131 inki\u015faf etmi\u015f yerli EPC \u015firk\u0259tl\u0259rind\u0259n biridir.\u00a0 \u015eirk\u0259timizin ba\u015f ofisi Bak\u0131, Az\u0259rbaycanda ,<\/p><p>AZCO S\u0259naye Layih\u0259l\u0259rin\u0259 s\u0259rmay\u0259 qoyan v\u0259 inki\u015faf ed\u0259n \u015firk\u0259tl\u0259ri pe\u015f\u0259kar texniki xidm\u0259tl\u0259rl\u0259 t\u0259min edir.<\/p><p>\u015eirk\u0259timiz Neft v\u0259 Qaz, Da\u011f-M\u0259d\u0259n, S\u0259naye v\u0259 \u0130nfrastruktur sektorlar\u0131nda M\u00fch\u0259ndislik, T\u0259chizat Xidm\u0259tl\u0259ri, Tikintinin \u0130dar\u0259 edilm\u0259si, \u0130stehsalat v\u0259 Tikinti, Sazlama i\u015fl\u0259ri v\u0259 \u0130stismara verilm\u0259 zaman\u0131 Yard\u0131m, Texniki T\u0259mir v\u0259 \u0130nsan Resurslar\u0131 Xidm\u0259tl\u0259ri kimi ixtisasla\u015fd\u0131r\u0131lm\u0131\u015f xidm\u0259t \u00e7e\u015fidl\u0259rini t\u0259klif\u00a0edir.<\/p><p>H\u0259m\u00e7inin, biz Az\u0259rbaycanda Skandinaviya Ticar\u0259t Palatas\u0131n\u0131n (ASTP) \u00fczv\u00fcy\u00fck.<\/p>\t\t\t\t\t\t\t\t<\/div>\n\t\t\t\t<\/div>\n\t\t\t\t<\/div>\n\t\t<div class=\"elementor-element elementor-element-e72eaaa e-con-full e-flex e-con e-child\" data-id=\"e72eaaa\" data-element_type=\"container\" data-e-type=\"container\">\n\t\t<div class=\"elementor-element elementor-element-0d8e2c2 e-con-full e-flex e-con e-child\" data-id=\"0d8e2c2\" data-element_type=\"container\" data-e-type=\"container\" data-settings=\"{&quot;background_background&quot;:&quot;classic&quot;,&quot;position&quot;:&quot;absolute&quot;}\">\n\t\t\t\t<\/div>\n\t\t\t\t<\/div>\n\t\t\t\t\t<\/div>\n\t\t\t\t<\/div>\n\t\t<div class=\"elementor-element elementor-element-0e84e74 ot-jarallax e-flex e-con-boxed e-con e-parent\" data-id=\"0e84e74\" data-element_type=\"container\" data-e-type=\"container\" data-settings=\"{&quot;background_background&quot;:&quot;classic&quot;}\">\n\t\t\t\t\t<div class=\"e-con-inner\">\n\t\t\t\t<div class=\"elementor-element elementor-element-6018c79 elementor-widget elementor-widget-text-editor\" data-id=\"6018c79\" data-element_type=\"widget\" data-e-type=\"widget\" data-widget_type=\"text-editor.default\">\n\t\t\t\t<div class=\"elementor-widget-container\">\n\t\t\t\t\t\t\t\t\t<p><strong>Keyfiyy\u0259t Siyas\u0259ti<\/strong><\/p><p>AZCO EPC \u015firk\u0259tinin siyas\u0259ti ISO 9001 (son N\u0259\u015fr) t\u0259l\u0259bl\u0259rin\u0259 uy\u011fun f\u0259aliyy\u0259t g\u00f6st\u0259rm\u0259kdir. Bizim m\u0259qs\u0259dimiz m\u00fc\u015ft\u0259ril\u0259rin g\u00f6zl\u0259ntil\u0259rin\u0259 v\u0259 ehtiyaclar\u0131na uy\u011fun g\u0259l\u0259n dig\u0259r standart v\u0259 normativ t\u0259l\u0259bl\u0259rin r\u0259smi tan\u0131nmas\u0131na nail olmaqd\u0131r.<\/p><p>AZCO EPC b\u00fct\u00fcn g\u00f6st\u0259ril\u0259n xidm\u0259tl\u0259rin m\u00fc\u015ft\u0259rinin m\u00fc\u0259yy\u0259nl\u0259\u015fdirdiyi t\u0259l\u0259bl\u0259r\u0259 cavab verm\u0259sini v\u0259 daha \u00fcst\u00fcn olmas\u0131n\u0131 t\u0259min etm\u0259kl\u0259, m\u00fc\u015ft\u0259rinin m\u0259mnunlu\u011funu \u0259ld\u0259 etm\u0259kl\u0259, m\u00fcnt\u0259z\u0259m \u015f\u0259kild\u0259 t\u0259kmill\u0259\u015fm\u0259 yolu il\u0259 keyfiyy\u0259t\u0259 can at\u0131r v\u0259 bel\u0259likl\u0259, bu keyfiyy\u0259tl\u0259r say\u0259sind\u0259 AZCO EPC \u015firk\u0259ti regional \u0259m\u0259liyyat bazar\u0131nda lider\u0259 \u00e7evrilmi\u015fdir.<\/p><p>\u00a0<\/p><p><strong>AZCO-nun \u00d6hd\u0259likl\u0259ri:<\/strong><\/p><p><em>M\u00fc\u015ft\u0259ri m\u0259mnunlu\u011funa nail olmaq;<\/em><\/p><p><em>Zelous sistemin\u00a0inki\u015faf\u0131 v\u0259 \u0259m\u0259kda\u015flar\u0131n t\u0259limi;<\/em><\/p><p><em>Proses v\u0259 xidm\u0259tl\u0259rin m\u00fcnt\u0259z\u0259m inki\u015faf\u0131;<\/em><\/p><p><em>Resurslar\u0131n optimalla\u015fd\u0131r\u0131lmas\u0131 v\u0259 itkinin azald\u0131lmas\u0131;<\/em><\/p>\t\t\t\t\t\t\t\t<\/div>\n\t\t\t\t<\/div>\n\t\t\t\t\t<\/div>\n\t\t\t\t<\/div>\n\t\t<div class=\"elementor-element elementor-element-d6eb839 e-con-full e-flex e-con e-parent\" data-id=\"d6eb839\" data-element_type=\"container\" data-e-type=\"container\" data-settings=\"{&quot;background_background&quot;:&quot;classic&quot;}\">\n\t\t<div class=\"elementor-element elementor-element-4e3ef7c e-con-full e-flex e-con e-child\" data-id=\"4e3ef7c\" data-element_type=\"container\" data-e-type=\"container\" data-settings=\"{&quot;background_background&quot;:&quot;classic&quot;,&quot;position&quot;:&quot;absolute&quot;}\">\n\t\t\t\t<\/div>\n\t\t<div class=\"elementor-element elementor-element-de53c48 e-flex e-con-boxed e-con e-child\" data-id=\"de53c48\" data-element_type=\"container\" data-e-type=\"container\">\n\t\t\t\t\t<div class=\"e-con-inner\">\n\t\t<div class=\"elementor-element elementor-element-031cc92 e-con-full e-flex e-con e-child\" data-id=\"031cc92\" data-element_type=\"container\" data-e-type=\"container\">\n\t\t\t\t<div class=\"elementor-element elementor-element-384077c elementor-widget elementor-widget-heading\" data-id=\"384077c\" data-element_type=\"widget\" data-e-type=\"widget\" data-widget_type=\"heading.default\">\n\t\t\t\t<div class=\"elementor-widget-container\">\n\t\t\t\t\t<h2 class=\"elementor-heading-title elementor-size-default\">Bu \u00f6hd\u0259likl\u0259ri yerin\u0259 yetirm\u0259k \u00fc\u00e7\u00fcn, AZCO EPC m\u00fcvafiq olaraq a\u015fa\u011f\u0131dak\u0131 i\u015fl\u0259ri g\u00f6rm\u0259y\u0259 s\u0259y g\u00f6st\u0259rir;<\/h2>\t\t\t\t<\/div>\n\t\t\t\t<\/div>\n\t\t<div class=\"elementor-element elementor-element-237f983 e-flex e-con-boxed e-con e-child\" data-id=\"237f983\" data-element_type=\"container\" data-e-type=\"container\">\n\t\t\t\t\t<div class=\"e-con-inner\">\n\t\t<div class=\"elementor-element elementor-element-dd6f658 e-flex e-con-boxed e-con e-child\" data-id=\"dd6f658\" data-element_type=\"container\" data-e-type=\"container\">\n\t\t\t\t\t<div class=\"e-con-inner\">\n\t\t\t\t<div class=\"elementor-element elementor-element-d60ef25 elementor-widget elementor-widget-text-editor\" data-id=\"d60ef25\" data-element_type=\"widget\" data-e-type=\"widget\" data-widget_type=\"text-editor.default\">\n\t\t\t\t<div class=\"elementor-widget-container\">\n\t\t\t\t\t\t\t\t\t<ul><li>Yaz\u0131l\u0131 formada keyfiyy\u0259tin idar\u0259 olunmas\u0131 sistemini yaratmaq, icra etm\u0259k v\u0259 xidm\u0259t etm\u0259k;<hr \/><\/li><li>\u00d6l\u00e7\u00fcl\u0259 bil\u0259n v\u0259 miqdar\u0131 t\u0259yin edil\u0259n m\u0259qs\u0259d v\u0259 \u00f6hd\u0259likl\u0259ri m\u00fc\u0259yy\u0259n etm\u0259k;<hr \/><\/li><li>\u018fm\u0259kda\u015flar\u0131n m\u00fcvafiq \u015f\u0259kild\u0259 t\u0259lim ke\u00e7m\u0259sin\u0259, bu siyas\u0259tin v\u0259 onun t\u0259tbiq edil\u0259n t\u0259l\u0259bl\u0259rini anlamas\u0131na \u0259min olmaq \u00fc\u00e7\u00fcn laz\u0131mi m\u0259lumat, m\u0259sl\u0259h\u0259t v\u0259 resurslar\u0131 t\u0259min etm\u0259k;<hr \/><\/li><li>Keyfiyy\u0259tin \u0130dar\u0259 edilm\u0259si Sisteminin yerin\u0259 yetirilm\u0259sin\u0259 n\u0259zar\u0259t v\u0259 a\u00e7\u0131q m\u0259ruz\u0259 etm\u0259k;<hr \/><\/li><li>Bu siyas\u0259tin v\u0259 Keyfiyy\u0259tin \u0130dar\u0259 olunmas\u0131 Sisteminin m\u00fcnt\u0259z\u0259m \u015f\u0259kild\u0259 t\u0259kmill\u0259\u015fdirilm\u0259sini asanla\u015fd\u0131rmaq v\u0259 onun effektivliyini t\u0259min etm\u0259k \u00fc\u00e7\u00fcn bu siyas\u0259tin yerin\u0259 yetirilm\u0259sini yoxlamaq;<\/li><\/ul><p>Bu b\u0259yan edil\u0259n prinsipl\u0259r v\u0259 istinad olunan Keyfiyy\u0259t \u0130dar\u0259etm\u0259 Sistemin\u0259 onlar\u0131n effektivliyinin t\u0259min olunmas\u0131nda cavabdehlik da\u015f\u0131yan R\u0259hb\u0259rlik t\u0259r\u0259find\u0259n tam d\u0259st\u0259k g\u00f6st\u0259rilir.<\/p>\t\t\t\t\t\t\t\t<\/div>\n\t\t\t\t<\/div>\n\t\t\t\t\t<\/div>\n\t\t\t\t<\/div>\n\t\t\t\t\t<\/div>\n\t\t\t\t<\/div>\n\t\t\t\t<\/div>\n\t\t\t\t\t<\/div>\n\t\t\t\t<\/div>\n\t\t\t\t<\/div>\n\t\t\t\t<\/div>\n\t\t","protected":false},"excerpt":{"rendered":"<p>\u015eirk\u0259timiz haqq\u0131nda q\u0131sa m\u0259lumat \u201cAZCO Engineering-Procurement&amp;Construction\u201d Co \u015firk\u0259ti \u0259n yax\u015f\u0131 inki\u015faf etmi\u015f yerli EPC \u015firk\u0259tl\u0259rind\u0259n biridir.\u00a0 \u015eirk\u0259timizin ba\u015f ofisi Bak\u0131, Az\u0259rbaycanda , AZCO S\u0259naye Layih\u0259l\u0259rin\u0259 s\u0259rmay\u0259 qoyan v\u0259 inki\u015faf ed\u0259n \u015firk\u0259tl\u0259ri pe\u015f\u0259kar texniki xidm\u0259tl\u0259rl\u0259 t\u0259min edir. \u015eirk\u0259timiz Neft v\u0259 Qaz, Da\u011f-M\u0259d\u0259n, S\u0259naye v\u0259 \u0130nfrastruktur sektorlar\u0131nda M\u00fch\u0259ndislik, T\u0259chizat Xidm\u0259tl\u0259ri, Tikintinin \u0130dar\u0259 edilm\u0259si, \u0130stehsalat v\u0259 Tikinti, Sazlama [&hellip;]<\/p>\n","protected":false},"author":1,"featured_media":0,"parent":0,"menu_order":0,"comment_status":"closed","ping_status":"closed","template":"","meta":{"footnotes":""},"class_list":["post-727","page","type-page","status-publish","hentry"],"_links":{"self":[{"href":"https:\/\/azco.az\/az\/wp-json\/wp\/v2\/pages\/727","targetHints":{"allow":["GET"]}}],"collection":[{"href":"https:\/\/azco.az\/az\/wp-json\/wp\/v2\/pages"}],"about":[{"href":"https:\/\/azco.az\/az\/wp-json\/wp\/v2\/types\/page"}],"author":[{"embeddable":true,"href":"https:\/\/azco.az\/az\/wp-json\/wp\/v2\/users\/1"}],"replies":[{"embeddable":true,"href":"https:\/\/azco.az\/az\/wp-json\/wp\/v2\/comments?post=727"}],"version-history":[{"count":23,"href":"https:\/\/azco.az\/az\/wp-json\/wp\/v2\/pages\/727\/revisions"}],"predecessor-version":[{"id":3640,"href":"https:\/\/azco.az\/az\/wp-json\/wp\/v2\/pages\/727\/revisions\/3640"}],"wp:attachment":[{"href":"https:\/\/azco.az\/az\/wp-json\/wp\/v2\/media?parent=727"}],"curies":[{"name":"wp","href":"https:\/\/api.w.org\/{rel}","templated":true}]}}