{"id":724,"date":"2025-04-14T17:27:21","date_gmt":"2025-04-14T13:57:21","guid":{"rendered":"https:\/\/azco.parazitt.ir\/is-saglamligi-v%c9%99-t%c9%99hluk%c9%99sizliyi\/"},"modified":"2025-04-22T14:49:46","modified_gmt":"2025-04-22T11:19:46","slug":"em%c9%99yin-muhafiz%c9%99si","status":"publish","type":"page","link":"https:\/\/azco.az\/az\/em%c9%99yin-muhafiz%c9%99si\/","title":{"rendered":"\u018fm\u0259yin M\u00fchafiz\u0259si v\u0259 T\u0259hl\u00fck\u0259sizlik Texnikas\u0131"},"content":{"rendered":"\r\n<pre><strong>Bizim m\u0259qs\u0259dimiz \"S\u0131f\u0131r B\u0259db\u0259xt Hadis\u0259\" t\u0259min etm\u0259kdir v\u0259 b\u00fct\u00fcn \u0259m\u0259kda\u015flar\u0131m\u0131z\u0131n h\u0259yat\u0131 v\u0259 t\u0259hl\u00fck\u0259sizliyi bizim \u00fc\u00e7\u00fcn \u0259n vacib \u0259h\u0259miyy\u0259t da\u015f\u0131y\u0131r.<\/strong><\/pre>\r\n<p>Bizim b\u00fct\u00fcn \u0259m\u0259kda\u015flar\u0131m\u0131z\u0131n sa\u011flaml\u0131\u011f\u0131 v\u0259 t\u0259hl\u00fck\u0259sizliyi bizim \u00fc\u00e7\u00fcn d\u0259y\u0259rlidir. Bel\u0259likl\u0259, f\u0259aliyy\u0259t g\u00f6st\u0259rdiyimiz b\u00fct\u00fcn sah\u0259l\u0259rd\u0259, \u0259m\u0259kda\u015flar\u0131m\u0131z\u0131n\u00a0sa\u011flaml\u0131\u011f\u0131 v\u0259 t\u0259hl\u00fck\u0259sizliyi bar\u0259sind\u0259 proqramlar\u0131 inki\u015faf etdirir, geni\u015fl\u0259ndirir, effektiv s\u00fcr\u0259td\u0259 yerin\u0259 yetirir v\u0259 m\u00fcnt\u0259z\u0259m t\u0259kmill\u0259\u015fdirirk. Biz AZCO EPC-d\u0259 gigiyena v\u0259 \u0259m\u0259yin t\u0259hl\u00fck\u0259sizliyini davaml\u0131 etm\u0259y\u0259 v\u0259 dig\u0259r biznes prosesl\u0259ri il\u0259 korporativ m\u0259d\u0259niyy\u0259tin ayr\u0131lmaz hiss\u0259si etm\u0259y\u0259 tam q\u0259tiyy\u0259tliyik.<\/p>\r\n<p><img fetchpriority=\"high\" decoding=\"async\" class=\"aligncenter wp-image-844 size-full\" src=\"https:\/\/azco.parazitt.ir\/wp-content\/uploads\/2025\/04\/o1az.jpg\" alt=\"\" width=\"544\" height=\"477\" srcset=\"https:\/\/azco.az\/wp-content\/uploads\/2025\/04\/o1az.jpg 544w, https:\/\/azco.az\/wp-content\/uploads\/2025\/04\/o1az-300x263.jpg 300w\" sizes=\"(max-width: 544px) 100vw, 544px\" \/>\u00a0<\/p>\r\n<p>Bizim q\u0259tiyy\u0259tli v\u0259 m\u00fcnt\u0259z\u0259m m\u00fcnasib\u0259timiz, bizim s\u0259hiyy\u0259 t\u0259dbirl\u0259ri v\u0259 t\u0259hl\u00fck\u0259sizliyin idar\u0259 olunmas\u0131n\u0131n professional sistemi v\u0259 onlar\u0131n n\u0259tic\u0259l\u0259rinin yum\u015falmas\u0131 v\u0259 qabaqlay\u0131c\u0131 t\u0259dbirl\u0259r b\u00fct\u00fcn i\u015f sah\u0259l\u0259rind\u0259 \u0259m\u0259kda\u015flar\u0131m\u0131z \u00fc\u00e7\u00fcn m\u00fcmk\u00fcn olan riskl\u0259r\u0259 qar\u015f\u0131 \u0259n vacib z\u0259man\u0259tdir. Bizim bu m\u0259s\u0259l\u0259l\u0259ri anlamam\u0131z v\u0259 q\u0259tiyy\u0259tli add\u0131mlar\u0131m\u0131z, y\u00fcks\u0259k keyfiyy\u0259tli v\u0259 m\u00fcnt\u0259z\u0259m t\u0259liml\u0259rl\u0259 birg\u0259 bizim b\u00fct\u00fcn \u0259m\u0259kda\u015flar\u0131m\u0131z\u0131 d\u00fcnya standartlar\u0131nda \u0259m\u0259yin qorunmas\u0131 m\u0259d\u0259niyy\u0259ti v\u0259 s\u0259naye t\u0259hl\u00fck\u0259sizliyi yaratma\u011fa istiqam\u0259tl\u0259ndirir.<\/p>\r\n","protected":false},"excerpt":{"rendered":"<p>Bizim m\u0259qs\u0259dimiz &#8220;S\u0131f\u0131r B\u0259db\u0259xt Hadis\u0259&#8221; t\u0259min etm\u0259kdir v\u0259 b\u00fct\u00fcn \u0259m\u0259kda\u015flar\u0131m\u0131z\u0131n h\u0259yat\u0131 v\u0259 t\u0259hl\u00fck\u0259sizliyi bizim \u00fc\u00e7\u00fcn \u0259n vacib \u0259h\u0259miyy\u0259t da\u015f\u0131y\u0131r. Bizim b\u00fct\u00fcn \u0259m\u0259kda\u015flar\u0131m\u0131z\u0131n sa\u011flaml\u0131\u011f\u0131 v\u0259 t\u0259hl\u00fck\u0259sizliyi bizim \u00fc\u00e7\u00fcn d\u0259y\u0259rlidir. Bel\u0259likl\u0259, f\u0259aliyy\u0259t g\u00f6st\u0259rdiyimiz b\u00fct\u00fcn sah\u0259l\u0259rd\u0259, \u0259m\u0259kda\u015flar\u0131m\u0131z\u0131n\u00a0sa\u011flaml\u0131\u011f\u0131 v\u0259 t\u0259hl\u00fck\u0259sizliyi bar\u0259sind\u0259 proqramlar\u0131 inki\u015faf etdirir, geni\u015fl\u0259ndirir, effektiv s\u00fcr\u0259td\u0259 yerin\u0259 yetirir v\u0259 m\u00fcnt\u0259z\u0259m t\u0259kmill\u0259\u015fdirirk. Biz AZCO EPC-d\u0259 gigiyena v\u0259 \u0259m\u0259yin t\u0259hl\u00fck\u0259sizliyini [&hellip;]<\/p>\n","protected":false},"author":1,"featured_media":794,"parent":0,"menu_order":0,"comment_status":"closed","ping_status":"closed","template":"","meta":{"footnotes":""},"class_list":["post-724","page","type-page","status-publish","has-post-thumbnail","hentry"],"_links":{"self":[{"href":"https:\/\/azco.az\/az\/wp-json\/wp\/v2\/pages\/724","targetHints":{"allow":["GET"]}}],"collection":[{"href":"https:\/\/azco.az\/az\/wp-json\/wp\/v2\/pages"}],"about":[{"href":"https:\/\/azco.az\/az\/wp-json\/wp\/v2\/types\/page"}],"author":[{"embeddable":true,"href":"https:\/\/azco.az\/az\/wp-json\/wp\/v2\/users\/1"}],"replies":[{"embeddable":true,"href":"https:\/\/azco.az\/az\/wp-json\/wp\/v2\/comments?post=724"}],"version-history":[{"count":5,"href":"https:\/\/azco.az\/az\/wp-json\/wp\/v2\/pages\/724\/revisions"}],"predecessor-version":[{"id":846,"href":"https:\/\/azco.az\/az\/wp-json\/wp\/v2\/pages\/724\/revisions\/846"}],"wp:featuredmedia":[{"embeddable":true,"href":"https:\/\/azco.az\/az\/wp-json\/wp\/v2\/media\/794"}],"wp:attachment":[{"href":"https:\/\/azco.az\/az\/wp-json\/wp\/v2\/media?parent=724"}],"curies":[{"name":"wp","href":"https:\/\/api.w.org\/{rel}","templated":true}]}}