{"id":719,"date":"2024-01-09T07:50:19","date_gmt":"2024-01-09T04:20:19","guid":{"rendered":"https:\/\/azco.parazitt.ir\/xidm%c9%99tl%c9%99r\/"},"modified":"2025-06-01T06:40:40","modified_gmt":"2025-06-01T03:10:40","slug":"xidm%c9%99tl%c9%99r","status":"publish","type":"page","link":"https:\/\/azco.az\/az\/xidm%c9%99tl%c9%99r\/","title":{"rendered":"Xidm\u0259tl\u0259r"},"content":{"rendered":"\t\t<div data-elementor-type=\"wp-page\" data-elementor-id=\"719\" class=\"elementor elementor-719 elementor-383\" data-elementor-post-type=\"page\">\n\t\t\t\t<div class=\"elementor-element elementor-element-a344ea6 e-flex e-con-boxed e-con e-parent\" data-id=\"a344ea6\" data-element_type=\"container\" data-e-type=\"container\" data-settings=\"{&quot;background_background&quot;:&quot;classic&quot;}\">\n\t\t\t\t\t<div class=\"e-con-inner\">\n\t\t<div class=\"elementor-element elementor-element-12376f3 e-con-full e-flex e-con e-child\" data-id=\"12376f3\" data-element_type=\"container\" data-e-type=\"container\">\n\t\t\t\t<div class=\"elementor-element elementor-element-32cc650 elementor-widget elementor-widget-heading\" data-id=\"32cc650\" data-element_type=\"widget\" data-e-type=\"widget\" data-widget_type=\"heading.default\">\n\t\t\t\t<div class=\"elementor-widget-container\">\n\t\t\t\t\t<h2 class=\"elementor-heading-title elementor-size-default\">X\u0130DM\u018fTL\u018fR\u0130M\u0130Z<\/h2>\t\t\t\t<\/div>\n\t\t\t\t<\/div>\n\t\t\t\t<div class=\"elementor-element elementor-element-709a22a elementor-widget-divider--view-line_icon elementor-view-default elementor-widget-divider--element-align-center elementor-widget elementor-widget-divider\" data-id=\"709a22a\" data-element_type=\"widget\" data-e-type=\"widget\" data-widget_type=\"divider.default\">\n\t\t\t\t<div class=\"elementor-widget-container\">\n\t\t\t\t\t\t\t<div class=\"elementor-divider\">\n\t\t\t<span class=\"elementor-divider-separator\">\n\t\t\t\t\t\t\t<div class=\"elementor-icon elementor-divider__element\">\n\t\t\t\t\t<i aria-hidden=\"true\" class=\" icon_cog\"><\/i><\/div>\n\t\t\t\t\t\t<\/span>\n\t\t<\/div>\n\t\t\t\t\t\t<\/div>\n\t\t\t\t<\/div>\n\t\t\t\t<\/div>\n\t\t<div class=\"elementor-element elementor-element-335746e e-con-full e-grid e-con e-child\" data-id=\"335746e\" data-element_type=\"container\" data-e-type=\"container\">\n\t\t\t\t<div class=\"elementor-element elementor-element-a145dfc elementor-widget elementor-widget-ot-service-box\" data-id=\"a145dfc\" data-element_type=\"widget\" data-e-type=\"widget\" data-widget_type=\"ot-service-box.default\">\n\t\t\t\t<div class=\"elementor-widget-container\">\n\t\t\t\t\t\r\n\t\t<div class=\"ot-service-box\">\r\n\t\t\t<a href=\"https:\/\/azco.parazitt.ir\/az\/t%c9%99chizat-xidm%c9%99tl%c9%99ri\/\" target=\"_blank\" rel=\"noopener\"><img decoding=\"async\" src=\"https:\/\/azco.az\/wp-content\/uploads\/2025\/05\/\u067e\u0631\u0648\u0698\u0647_\u06cc-\u062c\u062f\u06cc\u062f.jpg\" title=\"\u067e\u0631\u0648\u0698\u0647_\u06cc \u062c\u062f\u06cc\u062f\" alt=\"\u067e\u0631\u0648\u0698\u0647_\u06cc \u062c\u062f\u06cc\u062f\" loading=\"lazy\" \/><\/a>\t\t\t<div class=\"ot-service-box__content\">\r\n\t\t\t\t<h3 class=\"ot-service-box__title\"><a href=\"https:\/\/azco.parazitt.ir\/az\/t%c9%99chizat-xidm%c9%99tl%c9%99ri\/\" target=\"_blank\" rel=\"noopener\">T\u018fCH\u0130ZAT<\/a><\/h3>\t\t\t\t\t\t\t\t\t<p class=\"ot-service-box__desc\">\r\n\t\t\t\t\t\tAZCO, t\u0259chizat\u00e7\u0131 se\u00e7imi v\u0259 tenderd\u0259n ba\u015flayaraq logistika, m\u00fcqavil\u0259 idar\u0259\u00e7iliyi v\u0259 t\u0259chizat\u00e7\u0131 keyfiyy\u0259tinin t\u0259min olunmas\u0131na q\u0259d\u0259r tam sat\u0131nalma h\u0259ll\u0259ri t\u0259qdim edir. \u018fsas bazarlarda t\u0259lim ke\u00e7mi\u015f inspektorlar\u0131m\u0131zla, neft-qaz, istehsalat v\u0259 s\u0259naye sektorlar\u0131 \u00fc\u00e7\u00fcn y\u00fcks\u0259k keyfiyy\u0259tli \u00e7atd\u0131r\u0131lman\u0131 t\u0259min edirik.\t\t\t\t\t<\/p>\r\n\t\t\t\t\r\n\t\t\t\t\t\t\t\t\t<a href=\"https:\/\/azco.parazitt.ir\/az\/t%c9%99chizat-xidm%c9%99tl%c9%99ri\/\" class=\"octf-btn\" target=\"_blank\" rel=\"noopener\">\r\n\t\t\t\t\t\t\u018ftrafl\u0131 oxu\t\t\t\t\t<\/a>\r\n\t\t\t\t\t\t\t<\/div>\r\n\t\t\t\r\n\t    <\/div>\r\n\r\n\t    \t\t\t\t<\/div>\n\t\t\t\t<\/div>\n\t\t\t\t<div class=\"elementor-element elementor-element-a790906 elementor-widget elementor-widget-ot-service-box\" data-id=\"a790906\" data-element_type=\"widget\" data-e-type=\"widget\" data-widget_type=\"ot-service-box.default\">\n\t\t\t\t<div class=\"elementor-widget-container\">\n\t\t\t\t\t\r\n\t\t<div class=\"ot-service-box\">\r\n\t\t\t<a href=\"https:\/\/azco.parazitt.ir\/az\/istehsalat\/\" target=\"_blank\" rel=\"noopener\"><img decoding=\"async\" src=\"https:\/\/azco.az\/wp-content\/uploads\/2025\/05\/1\u067e\u0631\u0648\u0698\u0647_\u06cc-\u062c\u062f\u06cc\u062f.jpg\" title=\"1\u067e\u0631\u0648\u0698\u0647_\u06cc \u062c\u062f\u06cc\u062f\" alt=\"1\u067e\u0631\u0648\u0698\u0647_\u06cc \u062c\u062f\u06cc\u062f\" loading=\"lazy\" \/><\/a>\t\t\t<div class=\"ot-service-box__content\">\r\n\t\t\t\t<h3 class=\"ot-service-box__title\"><a href=\"https:\/\/azco.parazitt.ir\/az\/istehsalat\/\" target=\"_blank\" rel=\"noopener\">\u0130stehsal<\/a><\/h3>\t\t\t\t\t\t\t\t\t<p class=\"ot-service-box__desc\">\r\n\t\t\t\t\t\tAZCO, h\u0259r bir m\u00fc\u015ft\u0259rinin ehtiyaclar\u0131na uy\u011funla\u015fd\u0131r\u0131lm\u0131\u015f \u00e7evik istehsal h\u0259ll\u0259ri t\u0259qdim edir v\u0259 d\u0259rin EPC v\u0259 layih\u0259 idar\u0259etm\u0259 t\u0259cr\u00fcb\u0259si il\u0259 d\u0259st\u0259kl\u0259nir. Bu da istehsal v\u0259 tikinti \u00fc\u00e7\u00fcn optimalla\u015fd\u0131r\u0131lm\u0131\u015f x\u0259rc v\u0259 c\u0259dv\u0259l t\u0259min edir.\t\t\t\t\t<\/p>\r\n\t\t\t\t\r\n\t\t\t\t\t\t\t\t\t<a href=\"https:\/\/azco.parazitt.ir\/az\/istehsalat\/\" class=\"octf-btn\" target=\"_blank\" rel=\"noopener\">\r\n\t\t\t\t\t\t\u018ftrafl\u0131 oxu\t\t\t\t\t<\/a>\r\n\t\t\t\t\t\t\t<\/div>\r\n\t\t\t\r\n\t    <\/div>\r\n\r\n\t    \t\t\t\t<\/div>\n\t\t\t\t<\/div>\n\t\t\t\t<div class=\"elementor-element elementor-element-dc767fb elementor-widget elementor-widget-ot-service-box\" data-id=\"dc767fb\" data-element_type=\"widget\" data-e-type=\"widget\" data-widget_type=\"ot-service-box.default\">\n\t\t\t\t<div class=\"elementor-widget-container\">\n\t\t\t\t\t\r\n\t\t<div class=\"ot-service-box\">\r\n\t\t\t<a href=\"https:\/\/azco.parazitt.ir\/az\/layih%c9%99l%c9%99ndirm%c9%99-v%c9%99-dizayn\/\" target=\"_blank\" rel=\"noopener\"><img decoding=\"async\" src=\"https:\/\/azco.az\/wp-content\/uploads\/2025\/05\/2\u067e\u0631\u0648\u0698\u0647_\u06cc-\u062c\u062f\u06cc\u062f.jpg\" title=\"2\u067e\u0631\u0648\u0698\u0647_\u06cc \u062c\u062f\u06cc\u062f\" alt=\"2\u067e\u0631\u0648\u0698\u0647_\u06cc \u062c\u062f\u06cc\u062f\" loading=\"lazy\" \/><\/a>\t\t\t<div class=\"ot-service-box__content\">\r\n\t\t\t\t<h3 class=\"ot-service-box__title\"><a href=\"https:\/\/azco.parazitt.ir\/az\/layih%c9%99l%c9%99ndirm%c9%99-v%c9%99-dizayn\/\" target=\"_blank\" rel=\"noopener\">M\u00fch\u0259ndislik v\u0259 Dizayn<\/a><\/h3>\t\t\t\t\t\t\t\t\t<p class=\"ot-service-box__desc\">\r\n\t\t\t\t\t\tAZCO, m\u00fc\u015ft\u0259rinin ehtiyaclar\u0131na, yerin\u0259 v\u0259 layih\u0259nin miqyas\u0131na uy\u011fun olaraq, pe\u015f\u0259kar daxili komandas\u0131 v\u0259 strateji t\u0259r\u0259fda\u015fl\u0131qlar\u0131 vasit\u0259sil\u0259 m\u00fch\u0259ndislik v\u0259 dizayn sah\u0259sind\u0259 ixtisasla\u015fm\u0131\u015f xidm\u0259tl\u0259r t\u0259qdim edir. Bu yana\u015fma, texniki bilikl\u0259rimizd\u0259n v\u0259 h\u0259ll\u0259rimizd\u0259n maksimum d\u0259y\u0259r \u0259ld\u0259 olunmas\u0131n\u0131 t\u0259min edir.\t\t\t\t\t<\/p>\r\n\t\t\t\t\r\n\t\t\t\t\t\t\t\t\t<a href=\"https:\/\/azco.parazitt.ir\/az\/layih%c9%99l%c9%99ndirm%c9%99-v%c9%99-dizayn\/\" class=\"octf-btn\" target=\"_blank\" rel=\"noopener\">\r\n\t\t\t\t\t\t\u018ftrafl\u0131 oxu\t\t\t\t\t<\/a>\r\n\t\t\t\t\t\t\t<\/div>\r\n\t\t\t\r\n\t    <\/div>\r\n\r\n\t    \t\t\t\t<\/div>\n\t\t\t\t<\/div>\n\t\t\t\t<div class=\"elementor-element elementor-element-51f8a85 elementor-widget elementor-widget-ot-service-box\" data-id=\"51f8a85\" data-element_type=\"widget\" data-e-type=\"widget\" data-widget_type=\"ot-service-box.default\">\n\t\t\t\t<div class=\"elementor-widget-container\">\n\t\t\t\t\t\r\n\t\t<div class=\"ot-service-box\">\r\n\t\t\t<a href=\"https:\/\/azco.parazitt.ir\/az\/layih%c9%99l%c9%99ndirm%c9%99-v%c9%99-dizayn\/\" target=\"_blank\" rel=\"noopener\"><img decoding=\"async\" src=\"https:\/\/azco.az\/wp-content\/uploads\/2025\/05\/3\u067e\u0631\u0648\u0698\u0647_\u06cc-\u062c\u062f\u06cc\u062f.jpg\" title=\"3\u067e\u0631\u0648\u0698\u0647_\u06cc \u062c\u062f\u06cc\u062f\" alt=\"3\u067e\u0631\u0648\u0698\u0647_\u06cc \u062c\u062f\u06cc\u062f\" loading=\"lazy\" \/><\/a>\t\t\t<div class=\"ot-service-box__content\">\r\n\t\t\t\t<h3 class=\"ot-service-box__title\"><a href=\"https:\/\/azco.parazitt.ir\/az\/layih%c9%99l%c9%99ndirm%c9%99-v%c9%99-dizayn\/\" target=\"_blank\" rel=\"noopener\">Layih\u0259 v\u0259 Proqram \u0130dar\u0259\u00e7iliyi<\/a><\/h3>\t\t\t\t\t\t\t\t\t<p class=\"ot-service-box__desc\">\r\n\t\t\t\t\t\tAZCO, b\u00fct\u00fcn EPC funksiyalar\u0131n\u0131 \u0259laq\u0259l\u0259ndir\u0259r\u0259k, t\u0259hl\u00fck\u0259siz, vaxt\u0131nda v\u0259 b\u00fcdc\u0259y\u0259 uy\u011fun layih\u0259 icras\u0131n\u0131 t\u0259min ed\u0259n tam inteqrasiya olunmu\u015f layih\u0259 v\u0259 proqram idar\u0259\u00e7iliyi xidm\u0259tl\u0259ri t\u0259qdim edir v\u0259 bir ne\u00e7\u0259 m\u0259sl\u0259h\u0259t\u00e7iy\u0259 ehtiyac\u0131 aradan qald\u0131r\u0131r.\t\t\t\t\t<\/p>\r\n\t\t\t\t\r\n\t\t\t\t\t\t\t\t\t<a href=\"https:\/\/azco.parazitt.ir\/az\/layih%c9%99l%c9%99ndirm%c9%99-v%c9%99-dizayn\/\" class=\"octf-btn\" target=\"_blank\" rel=\"noopener\">\r\n\t\t\t\t\t\t\u018ftrafl\u0131 oxu\t\t\t\t\t<\/a>\r\n\t\t\t\t\t\t\t<\/div>\r\n\t\t\t\r\n\t    <\/div>\r\n\r\n\t    \t\t\t\t<\/div>\n\t\t\t\t<\/div>\n\t\t\t\t<div class=\"elementor-element elementor-element-5362c1b elementor-widget elementor-widget-ot-service-box\" data-id=\"5362c1b\" data-element_type=\"widget\" data-e-type=\"widget\" data-widget_type=\"ot-service-box.default\">\n\t\t\t\t<div class=\"elementor-widget-container\">\n\t\t\t\t\t\r\n\t\t<div class=\"ot-service-box\">\r\n\t\t\t<a href=\"https:\/\/azco.parazitt.ir\/az\/?page_id=706\" target=\"_blank\" rel=\"noopener\"><img decoding=\"async\" src=\"https:\/\/azco.az\/wp-content\/uploads\/2025\/05\/5\u067e\u0631\u0648\u0698\u0647_\u06cc-\u062c\u062f\u06cc\u062f.jpg\" title=\"5\u067e\u0631\u0648\u0698\u0647_\u06cc \u062c\u062f\u06cc\u062f\" alt=\"5\u067e\u0631\u0648\u0698\u0647_\u06cc \u062c\u062f\u06cc\u062f\" loading=\"lazy\" \/><\/a>\t\t\t<div class=\"ot-service-box__content\">\r\n\t\t\t\t<h3 class=\"ot-service-box__title\"><a href=\"https:\/\/azco.parazitt.ir\/az\/?page_id=706\" target=\"_blank\" rel=\"noopener\">Bax\u0131m<\/a><\/h3>\t\t\t\t\t\t\t\t\t<p class=\"ot-service-box__desc\">\r\n\t\t\t\t\t\tAZCO, ixtisasl\u0131 m\u00fct\u0259x\u0259ssisl\u0259ri komandan\u0131za inteqrasiya ed\u0259r\u0259k, obyektinizin spesifik ehtiyaclar\u0131na \u0259saslanan problemsiz v\u0259 s\u0259m\u0259r\u0259li \u0259m\u0259liyyat ke\u00e7idi \u00fc\u00e7\u00fcn uy\u011funla\u015fd\u0131r\u0131lm\u0131\u015f istismara verm\u0259 v\u0259 i\u015f\u0259 salma d\u0259st\u0259yi t\u0259qdim edir.\t\t\t\t\t<\/p>\r\n\t\t\t\t\r\n\t\t\t\t\t\t\t\t\t<a href=\"https:\/\/azco.parazitt.ir\/az\/?page_id=706\" class=\"octf-btn\" target=\"_blank\" rel=\"noopener\">\r\n\t\t\t\t\t\t\u018ftrafl\u0131 oxu\t\t\t\t\t<\/a>\r\n\t\t\t\t\t\t\t<\/div>\r\n\t\t\t\r\n\t    <\/div>\r\n\r\n\t    \t\t\t\t<\/div>\n\t\t\t\t<\/div>\n\t\t\t\t<div class=\"elementor-element elementor-element-209b364 elementor-widget elementor-widget-ot-service-box\" data-id=\"209b364\" data-element_type=\"widget\" data-e-type=\"widget\" data-widget_type=\"ot-service-box.default\">\n\t\t\t\t<div class=\"elementor-widget-container\">\n\t\t\t\t\t\r\n\t\t<div class=\"ot-service-box\">\r\n\t\t\t<a href=\"https:\/\/azco.parazitt.ir\/az\/tikinti\/\" target=\"_blank\" rel=\"noopener\"><img decoding=\"async\" src=\"https:\/\/azco.az\/wp-content\/uploads\/2025\/05\/6\u067e\u0631\u0648\u0698\u0647_\u06cc-\u062c\u062f\u06cc\u062f.jpg\" title=\"6\u067e\u0631\u0648\u0698\u0647_\u06cc \u062c\u062f\u06cc\u062f\" alt=\"6\u067e\u0631\u0648\u0698\u0647_\u06cc \u062c\u062f\u06cc\u062f\" loading=\"lazy\" \/><\/a>\t\t\t<div class=\"ot-service-box__content\">\r\n\t\t\t\t<h3 class=\"ot-service-box__title\"><a href=\"https:\/\/azco.parazitt.ir\/az\/tikinti\/\" target=\"_blank\" rel=\"noopener\">Tikinti<\/a><\/h3>\t\t\t\t\t\t\t\t\t<p class=\"ot-service-box__desc\">\r\n\t\t\t\t\t\tAZCO, s\u00fcbut olunmu\u015f sisteml\u0259r v\u0259 liderlik vasit\u0259sil\u0259 m\u00fcr\u0259kk\u0259b layih\u0259l\u0259rin vaxt\u0131nda v\u0259 b\u00fcdc\u0259y\u0259 uy\u011fun icras\u0131n\u0131 t\u0259min ed\u0259n \u00e7evik Tap\u015f\u0131r\u0131q Q\u00fcvv\u0259si yana\u015fmas\u0131 il\u0259 pe\u015f\u0259kar tikinti idar\u0259\u00e7iliyi xidm\u0259tl\u0259ri t\u0259qdim edir.\t\t\t\t\t<\/p>\r\n\t\t\t\t\r\n\t\t\t\t\t\t\t\t\t<a href=\"https:\/\/azco.parazitt.ir\/az\/tikinti\/\" class=\"octf-btn\" target=\"_blank\" rel=\"noopener\">\r\n\t\t\t\t\t\t\u018ftrafl\u0131 oxu\t\t\t\t\t<\/a>\r\n\t\t\t\t\t\t\t<\/div>\r\n\t\t\t\r\n\t    <\/div>\r\n\r\n\t    \t\t\t\t<\/div>\n\t\t\t\t<\/div>\n\t\t\t\t<\/div>\n\t\t\t\t\t<\/div>\n\t\t\t\t<\/div>\n\t\t\t\t<\/div>\n\t\t","protected":false},"excerpt":{"rendered":"<p>X\u0130DM\u018fTL\u018fR\u0130M\u0130Z T\u018fCH\u0130ZAT AZCO, t\u0259chizat\u00e7\u0131 se\u00e7imi v\u0259 tenderd\u0259n ba\u015flayaraq logistika, m\u00fcqavil\u0259 idar\u0259\u00e7iliyi v\u0259 t\u0259chizat\u00e7\u0131 keyfiyy\u0259tinin t\u0259min olunmas\u0131na q\u0259d\u0259r tam sat\u0131nalma h\u0259ll\u0259ri t\u0259qdim edir. \u018fsas bazarlarda t\u0259lim ke\u00e7mi\u015f inspektorlar\u0131m\u0131zla, neft-qaz, istehsalat v\u0259 s\u0259naye sektorlar\u0131 \u00fc\u00e7\u00fcn y\u00fcks\u0259k keyfiyy\u0259tli \u00e7atd\u0131r\u0131lman\u0131 t\u0259min edirik. \u018ftrafl\u0131 oxu \u0130stehsal AZCO, h\u0259r bir m\u00fc\u015ft\u0259rinin ehtiyaclar\u0131na uy\u011funla\u015fd\u0131r\u0131lm\u0131\u015f \u00e7evik istehsal h\u0259ll\u0259ri t\u0259qdim edir v\u0259 d\u0259rin EPC [&hellip;]<\/p>\n","protected":false},"author":1,"featured_media":0,"parent":0,"menu_order":0,"comment_status":"closed","ping_status":"closed","template":"","meta":{"footnotes":""},"class_list":["post-719","page","type-page","status-publish","hentry"],"_links":{"self":[{"href":"https:\/\/azco.az\/az\/wp-json\/wp\/v2\/pages\/719","targetHints":{"allow":["GET"]}}],"collection":[{"href":"https:\/\/azco.az\/az\/wp-json\/wp\/v2\/pages"}],"about":[{"href":"https:\/\/azco.az\/az\/wp-json\/wp\/v2\/types\/page"}],"author":[{"embeddable":true,"href":"https:\/\/azco.az\/az\/wp-json\/wp\/v2\/users\/1"}],"replies":[{"embeddable":true,"href":"https:\/\/azco.az\/az\/wp-json\/wp\/v2\/comments?post=719"}],"version-history":[{"count":13,"href":"https:\/\/azco.az\/az\/wp-json\/wp\/v2\/pages\/719\/revisions"}],"predecessor-version":[{"id":3498,"href":"https:\/\/azco.az\/az\/wp-json\/wp\/v2\/pages\/719\/revisions\/3498"}],"wp:attachment":[{"href":"https:\/\/azco.az\/az\/wp-json\/wp\/v2\/media?parent=719"}],"curies":[{"name":"wp","href":"https:\/\/api.w.org\/{rel}","templated":true}]}}