{"id":718,"date":"2025-04-14T17:27:52","date_gmt":"2025-04-14T13:57:52","guid":{"rendered":"https:\/\/azco.parazitt.ir\/davamliliq\/"},"modified":"2025-04-27T18:49:34","modified_gmt":"2025-04-27T15:19:34","slug":"davamliliq","status":"publish","type":"page","link":"https:\/\/azco.az\/az\/davamliliq\/","title":{"rendered":"Davaml\u0131l\u0131q"},"content":{"rendered":"\r\n<p>AZCO EPC \u0259traf m\u00fchit\u0259 cavabdehliy\u0259 uy\u011fun olaraq f\u0259aliyy\u0259t g\u00f6st\u0259rir, h\u0259m\u00e7inin layih\u0259nin vura bil\u0259c\u0259yi m\u00fcmk\u00fcn ziyanlar\u0131n qar\u015f\u0131s\u0131n\u0131 almaq \u00fc\u00e7\u00fcn davaml\u0131 strategiyalar yerin\u0259 yetirir.<\/p>\r\n<p>\u00d6z korporativ m\u0259d\u0259niyy\u0259ti, m\u00fcnt\u0259z\u0259m t\u0259kmill\u0259\u015fdirm\u0259 prinsipl\u0259rin\u0259 sadiqliyi v\u0259 ekoloji m\u0259suliyy\u0259ti anlama daxil olmaqla, AZCO \u00f6z sektorunda ekologiyan\u0131n d\u0259rk edilm\u0259si\u00a0 cavabdehliyi sah\u0259sind\u0259 ilk v\u0259 apar\u0131c\u0131 \u015firk\u0259t hesab olunur.<\/p>\r\n\r\n\r\n\r\n<figure class=\"wp-block-image size-full\"><img fetchpriority=\"high\" decoding=\"async\" class=\"aligncenter wp-image-1146 size-full\" src=\"https:\/\/azco.parazitt.ir\/wp-content\/uploads\/2025\/04\/freepik__upload__74251.jpeg\" alt=\"\" width=\"903\" height=\"938\" srcset=\"https:\/\/azco.az\/wp-content\/uploads\/2025\/04\/freepik__upload__74251.jpeg 903w, https:\/\/azco.az\/wp-content\/uploads\/2025\/04\/freepik__upload__74251-289x300.jpeg 289w, https:\/\/azco.az\/wp-content\/uploads\/2025\/04\/freepik__upload__74251-768x798.jpeg 768w\" sizes=\"(max-width: 903px) 100vw, 903px\" \/><\/figure>\r\n","protected":false},"excerpt":{"rendered":"<p>AZCO EPC \u0259traf m\u00fchit\u0259 cavabdehliy\u0259 uy\u011fun olaraq f\u0259aliyy\u0259t g\u00f6st\u0259rir, h\u0259m\u00e7inin layih\u0259nin vura bil\u0259c\u0259yi m\u00fcmk\u00fcn ziyanlar\u0131n qar\u015f\u0131s\u0131n\u0131 almaq \u00fc\u00e7\u00fcn davaml\u0131 strategiyalar yerin\u0259 yetirir. \u00d6z korporativ m\u0259d\u0259niyy\u0259ti, m\u00fcnt\u0259z\u0259m t\u0259kmill\u0259\u015fdirm\u0259 prinsipl\u0259rin\u0259 sadiqliyi v\u0259 ekoloji m\u0259suliyy\u0259ti anlama daxil olmaqla, AZCO \u00f6z sektorunda ekologiyan\u0131n d\u0259rk edilm\u0259si\u00a0 cavabdehliyi sah\u0259sind\u0259 ilk v\u0259 apar\u0131c\u0131 \u015firk\u0259t hesab olunur.<\/p>\n","protected":false},"author":1,"featured_media":813,"parent":0,"menu_order":0,"comment_status":"closed","ping_status":"closed","template":"","meta":{"footnotes":""},"class_list":["post-718","page","type-page","status-publish","has-post-thumbnail","hentry"],"_links":{"self":[{"href":"https:\/\/azco.az\/az\/wp-json\/wp\/v2\/pages\/718","targetHints":{"allow":["GET"]}}],"collection":[{"href":"https:\/\/azco.az\/az\/wp-json\/wp\/v2\/pages"}],"about":[{"href":"https:\/\/azco.az\/az\/wp-json\/wp\/v2\/types\/page"}],"author":[{"embeddable":true,"href":"https:\/\/azco.az\/az\/wp-json\/wp\/v2\/users\/1"}],"replies":[{"embeddable":true,"href":"https:\/\/azco.az\/az\/wp-json\/wp\/v2\/comments?post=718"}],"version-history":[{"count":7,"href":"https:\/\/azco.az\/az\/wp-json\/wp\/v2\/pages\/718\/revisions"}],"predecessor-version":[{"id":1148,"href":"https:\/\/azco.az\/az\/wp-json\/wp\/v2\/pages\/718\/revisions\/1148"}],"wp:featuredmedia":[{"embeddable":true,"href":"https:\/\/azco.az\/az\/wp-json\/wp\/v2\/media\/813"}],"wp:attachment":[{"href":"https:\/\/azco.az\/az\/wp-json\/wp\/v2\/media?parent=718"}],"curies":[{"name":"wp","href":"https:\/\/api.w.org\/{rel}","templated":true}]}}