{"id":715,"date":"2025-04-14T17:33:09","date_gmt":"2025-04-14T14:03:09","guid":{"rendered":"https:\/\/azco.parazitt.ir\/etika-siyas%c9%99timiz\/"},"modified":"2025-04-27T18:44:48","modified_gmt":"2025-04-27T15:14:48","slug":"etika-siyas%c9%99timiz","status":"publish","type":"page","link":"https:\/\/azco.az\/az\/etika-siyas%c9%99timiz\/","title":{"rendered":"Bizim Etika Siyas\u0259timiz"},"content":{"rendered":"\r\n<p>AZCO EPC hesab edir ki, i\u015f yerind\u0259 uzun m\u00fcdd\u0259tli m\u00fcv\u0259ff\u0259qiyy\u0259t \u0259ld\u0259 etm\u0259k \u00fc\u00e7\u00fcn biznes, davran\u0131\u015f kodeksin\u0259 uy\u011fun h\u0259yata ke\u00e7irilm\u0259lidir.Bunu r\u0259hb\u0259r tutaraq, AZCO \u00f6z f\u0259aliyy\u0259t istiqam\u0259tini bu prinsip\u0259 uy\u011fun formada t\u0259nziml\u0259yir.\u00a0Bel\u0259likl\u0259, AZCO\u00a0 \u0259dal\u0259t,d\u00fczg\u00fcnl\u00fck v\u0259 inam\u0131 \u0259sas korporativ d\u0259y\u0259rl\u0259ri kimi q\u0259bul ed\u0259r\u0259k, \u00f6z sektorunda f\u0259aliyy\u0259t g\u00f6st\u0259r\u0259n qabaqc\u0131l \u015firk\u0259tl\u0259rd\u0259n biri olmu\u015fdur.\u00a0Y\u00fcks\u0259k s\u0259viyy\u0259li etik standartlar\u0131n q\u0259bulu n\u0259tic\u0259sind\u0259, h\u0259r hans\u0131 bir ayr\u0131-se\u00e7kilik v\u0259 ya qeyri etik davran\u0131\u015flar ciddi s\u00fcr\u0259td\u0259 q\u0259bul olunmazd\u0131r. Bu \u00e7\u0259r\u00e7iv\u0259d\u0259, b\u00fct\u00fcn \u0259m\u0259kda\u015flar\u0131n etik standartlar v\u0259 prinsipl\u0259ri m\u00fc\u0259yy\u0259nl\u0259\u015fdir\u0259n Davran\u0131\u015f Raz\u0131la\u015fmas\u0131 Kodeksin\u0259 \u0259m\u0259l etm\u0259l\u0259ri g\u00f6zl\u0259nilir, h\u0259m\u00e7inin \u0259m\u0259kda\u015flar\u0131n i\u015f g\u00f6st\u0259ricil\u0259rinin d\u0259y\u0259rl\u0259ndirilm\u0259si v\u0259 karyera inki\u015faf\u0131 prosesi zaman\u0131 monitorinq v\u0259 audit mexanizml\u0259rinin n\u0259tic\u0259l\u0259ri n\u0259z\u0259r\u0259 al\u0131n\u0131r. \u0130\u015f\u00e7il\u0259rd\u0259n ba\u015fqa, AZCO h\u0259m\u00e7inin podrat\u00e7\u0131lar\u0131n, subpodrat\u00e7\u0131lar\u0131n v\u0259 dig\u0259r maraql\u0131 t\u0259r\u0259fl\u0259rin\u00a0d\u0259 bu c\u00fcr etik d\u0259y\u0259rl\u0259rl\u0259 f\u0259aliyy\u0259t g\u00f6st\u0259rm\u0259yini g\u00f6zl\u0259yir.<\/p>\r\n<p><img fetchpriority=\"high\" decoding=\"async\" class=\"aligncenter wp-image-1142 size-full\" src=\"https:\/\/azco.parazitt.ir\/wp-content\/uploads\/2025\/04\/freepik__upload__74250.jpeg\" alt=\"\" width=\"1195\" height=\"501\" srcset=\"https:\/\/azco.az\/wp-content\/uploads\/2025\/04\/freepik__upload__74250.jpeg 1195w, https:\/\/azco.az\/wp-content\/uploads\/2025\/04\/freepik__upload__74250-300x126.jpeg 300w, https:\/\/azco.az\/wp-content\/uploads\/2025\/04\/freepik__upload__74250-1024x429.jpeg 1024w, https:\/\/azco.az\/wp-content\/uploads\/2025\/04\/freepik__upload__74250-768x322.jpeg 768w\" sizes=\"(max-width: 1195px) 100vw, 1195px\" \/><\/p>\r\n<p>\u00d6z\u00fcn\u00fcn \u0259sasl\u0131 etik d\u0259y\u0259rl\u0259rini yaradan v\u0259 Davran\u0131\u015f Raz\u0131la\u015fmas\u0131 Kodeksinin \u0259sas\u0131n\u0131 qoyan prinsipl\u0259r a\u015fa\u011f\u0131dak\u0131 kimidir:<\/p>\r\n<p>Xahi\u015f edirik\u00a0burada\u00a0AZCO t\u0259r\u0259find\u0259n q\u0259bul olunan i\u015fd\u0259 etikan\u0131n olmas\u0131na y\u00f6n\u0259l\u0259n \u0259sas qanun v\u0259 siyas\u0259tl\u0259rd\u0259n ibar\u0259t Davran\u0131\u015f Raz\u0131la\u015fmas\u0131 Kodeksi il\u0259 tan\u0131\u015f olun.<\/p>\r\n","protected":false},"excerpt":{"rendered":"<p>AZCO EPC hesab edir ki, i\u015f yerind\u0259 uzun m\u00fcdd\u0259tli m\u00fcv\u0259ff\u0259qiyy\u0259t \u0259ld\u0259 etm\u0259k \u00fc\u00e7\u00fcn biznes, davran\u0131\u015f kodeksin\u0259 uy\u011fun h\u0259yata ke\u00e7irilm\u0259lidir.Bunu r\u0259hb\u0259r tutaraq, AZCO \u00f6z f\u0259aliyy\u0259t istiqam\u0259tini bu prinsip\u0259 uy\u011fun formada t\u0259nziml\u0259yir.\u00a0Bel\u0259likl\u0259, AZCO\u00a0 \u0259dal\u0259t,d\u00fczg\u00fcnl\u00fck v\u0259 inam\u0131 \u0259sas korporativ d\u0259y\u0259rl\u0259ri kimi q\u0259bul ed\u0259r\u0259k, \u00f6z sektorunda f\u0259aliyy\u0259t g\u00f6st\u0259r\u0259n qabaqc\u0131l \u015firk\u0259tl\u0259rd\u0259n biri olmu\u015fdur.\u00a0Y\u00fcks\u0259k s\u0259viyy\u0259li etik standartlar\u0131n q\u0259bulu n\u0259tic\u0259sind\u0259, h\u0259r hans\u0131 [&hellip;]<\/p>\n","protected":false},"author":1,"featured_media":799,"parent":0,"menu_order":0,"comment_status":"closed","ping_status":"closed","template":"","meta":{"footnotes":""},"class_list":["post-715","page","type-page","status-publish","has-post-thumbnail","hentry"],"_links":{"self":[{"href":"https:\/\/azco.az\/az\/wp-json\/wp\/v2\/pages\/715","targetHints":{"allow":["GET"]}}],"collection":[{"href":"https:\/\/azco.az\/az\/wp-json\/wp\/v2\/pages"}],"about":[{"href":"https:\/\/azco.az\/az\/wp-json\/wp\/v2\/types\/page"}],"author":[{"embeddable":true,"href":"https:\/\/azco.az\/az\/wp-json\/wp\/v2\/users\/1"}],"replies":[{"embeddable":true,"href":"https:\/\/azco.az\/az\/wp-json\/wp\/v2\/comments?post=715"}],"version-history":[{"count":5,"href":"https:\/\/azco.az\/az\/wp-json\/wp\/v2\/pages\/715\/revisions"}],"predecessor-version":[{"id":1144,"href":"https:\/\/azco.az\/az\/wp-json\/wp\/v2\/pages\/715\/revisions\/1144"}],"wp:featuredmedia":[{"embeddable":true,"href":"https:\/\/azco.az\/az\/wp-json\/wp\/v2\/media\/799"}],"wp:attachment":[{"href":"https:\/\/azco.az\/az\/wp-json\/wp\/v2\/media?parent=715"}],"curies":[{"name":"wp","href":"https:\/\/api.w.org\/{rel}","templated":true}]}}