{"id":706,"date":"2025-04-14T16:51:08","date_gmt":"2025-04-14T13:21:08","guid":{"rendered":"https:\/\/azco.parazitt.ir\/baxim\/"},"modified":"2025-06-01T06:44:33","modified_gmt":"2025-06-01T03:14:33","slug":"istismar-v%c9%99-texniki-xidm%c9%99t","status":"publish","type":"page","link":"https:\/\/azco.az\/az\/istismar-v%c9%99-texniki-xidm%c9%99t\/","title":{"rendered":"\u0130stismar v\u0259 Texniki xidm\u0259t"},"content":{"rendered":"\r\n\r\n\r\n<h2><span style=\"color: #ff6600;\"><strong>Sazlama i\u015fl\u0259ri v\u0259 \u0130stismara verilm\u0259y\u0259 Yard\u0131m<\/strong><\/span><\/h2>\r\n<p>T\u0259qdim olunan bu xidm\u0259t \u00e7\u0259rciv\u0259sind\u0259, AZCO \u0259m\u0259liyyatlar n\u00f6qteyi n\u0259z\u0259rind\u0259n sizin s\u0259naye v\u0259 istismara verilm\u0259 t\u0259l\u0259bl\u0259riniz \u00fczr\u0259 \u0259trafl\u0131 t\u0259s\u0259vv\u00fcr \u0259ld\u0259 ed\u0259c\u0259kdir. Buradan biz x\u00fcsusi \u0259m\u0259liyyat\u0131n\u0131z \u00fc\u00e7\u00fcn laz\u0131m\u0131 bacar\u0131q v\u0259 t\u0259cr\u00fcb\u0259si olan Sazlama i\u015fl\u0259ri v\u0259 \u0130stifad\u0259y\u0259 verilm\u0259y\u0259 Yard\u0131m i\u015f\u00e7i hey\u0259ti il\u0259 sizi t\u0259min ed\u0259c\u0259yik. Bu bir m\u0259sl\u0259t\u0259t\u00e7id\u0259n b\u00fct\u00f6v hey\u0259t\u0259 kimi d\u0259yi\u015f\u0259 bil\u0259r; n\u0259zar\u0259td\u0259n v\u0259 hey\u0259tin idar\u0259 edilm\u0259sind\u0259n tutmu\u015f, istifad\u0259y\u0259 verm\u0259 \u00fczr\u0259 y\u00fcks\u0259k ixtisasl\u0131 m\u00fct\u0259x\u0259ssisl\u0259rd\u0259n orta ixtisasl\u0131lara kimi s\u0131ralana bil\u0259r. Bizim i\u015f\u00e7i hey\u0259t sizin \u015f\u0259xsi hey\u0259tinizl\u0259 birg\u0259 istismar v\u0259 sazlama i\u015fl\u0259rini t\u0259\u015fkil ed\u0259r\u0259k onlara n\u0259zar\u0259t ed\u0259c\u0259kdir. Bizim i\u015f imkan\u0131m\u0131z sizin t\u0259l\u0259batlar\u0131n\u0131z\u0131n \u00f6d\u0259nilm\u0259sin\u0259 uy\u011fun olaraq ba\u015flaya v\u0259 sona \u00e7ata bil\u0259r.Sizin \u0259m\u0259liyyatlar v\u0259 m\u0259d\u0259niyy\u0259tinizi \u0259trafl\u0131 anlamaq biz\u0259 imkan ver\u0259c\u0259k ki, sizin i\u015f\u00e7i hey\u0259tiniz \u00fc\u00e7\u00fcn m\u00fc\u0259yy\u0259n olunmu\u015f v\u0259rdi\u015f v\u0259 insanlara uy\u011funlu\u011fumuzu t\u0259min ed\u0259k. \u00dcmumi olaraq, bu variant a\u015fa\u011f\u0131dak\u0131lar\u0131n b\u0259zisini v\u0259 yaxud ham\u0131s\u0131n\u0131 \u0259hat\u0259 ed\u0259c\u0259k:<\/p>\r\n<p>&nbsp;<\/p>\r\n<ul>\r\n<li><span style=\"color: #003366;\"><strong>Zavodun\/prosesin analiz olunmas\u0131 v\u0259 onunla tan\u0131\u015fl\u0131q;<\/strong><\/span><hr \/><\/li>\r\n<li><span style=\"color: #003366;\"><strong>M\u00fcmk\u00fcn olarsa, Total hey\u0259t daxili prosesin haz\u0131rl\u0131\u011f\u0131n\u0131 tamamlayacaqd\u0131r (istehsal v\u0259\/ yaxud proses);<\/strong><\/span><hr \/><\/li>\r\n<li><span style=\"color: #003366;\"><strong>Tamamlama v\u0259 sona \u00e7atd\u0131rma \u0259m\u0259liyyatlar\u0131na v\u0259 texnoloji proses t\u0259limatlar\u0131na yard\u0131m etm\u0259k;<\/strong><\/span><hr \/><\/li>\r\n<li><span style=\"color: #003366;\"><strong>Sazlamadan \u0259vv\u0259l, sazlama v\u0259 istismara verilm\u0259 zaman\u0131 \u0259m\u0259liyyatlarda funksional yard\u0131mda i\u015ftirak etm\u0259k;<\/strong><\/span><hr \/><\/li>\r\n<li><span style=\"color: #003366;\"><strong>M\u00fc\u015ft\u0259rinin t\u0259l\u0259bl\u0259rin\u0259 \u0259sas\u0259n s\u0259n\u0259dl\u0259\u015fm\u0259y\u0259 yard\u0131m;<\/strong><\/span><hr \/><\/li>\r\n<li><span style=\"color: #003366;\"><strong>\u00c7at\u0131\u015fmamazl\u0131q siyah\u0131s\u0131n\u0131n n\u0259z\u0259rd\u0259n ke\u00e7irilm\u0259si v\u0259 aradan qald\u0131r\u0131lmas\u0131;<\/strong><\/span><hr \/><\/li>\r\n<li><span style=\"color: #003366;\"><strong>Nasazl\u0131qlar v\u0259 optimalla\u015fd\u0131rma \u00fc\u00e7\u00fcn cari m\u0259sl\u0259h\u0259tl\u0259rin verilm\u0259si;<\/strong><\/span><hr \/><\/li>\r\n<li><span style=\"color: #003366;\"><strong>Anbar\u0131n t\u0259\u015fkili, material q\u0259buluna N\u0259zar\u0259t, Yoxlama, Kodla\u015fd\u0131rma, s\u0259n\u0259dl\u0259\u015fdirm\u0259 i\u015fl\u0259rinin icras\u0131<\/strong><\/span><\/li>\r\n<\/ul>\r\n<p>&nbsp;<\/p>\r\n<p>AZCO neft v\u0259 qaz, kimy\u0259vi madd\u0259l\u0259r, neft kimya, metal, m\u0259d\u0259n, enerji v\u0259 istehsalat m\u00fc\u0259ssis\u0259l\u0259rin\u0259 istismar v\u0259 texniki xidm\u0259t (\u0130 v\u0259 TX) t\u0259qdim edir. \u0130 v\u0259 TX xidm\u0259tl\u0259rin\u0259 zavodun texniki xidm\u0259ti, qur\u011fular\u0131n idar\u0259 edilm\u0259si, \u0259m\u0259liyyatlara yard\u0131m, \u0259sas fondlar\u0131n yax\u015f\u0131la\u015fd\u0131r\u0131lmas\u0131, \u0259m\u0259liyyatlar\u0131n haz\u0131rl\u0131\u011f\u0131, istifad\u0259y\u0259 verilm\u0259, sazlama v\u0259 h\u0259m\u00e7inin ki\u00e7ik kapitall\u0131 layih\u0259 v\u0259 tikintinin i\u015fl\u0259nib haz\u0131rlanmas\u0131 daxildir.\u00a0\u0130 v\u0259 TX AZCO-nun \u0259sas fondunun yax\u015f\u0131la\u015fd\u0131r\u0131lmas\u0131n\u0131n (\u018fFY) qiym\u0259tl\u0259ndirm\u0259si prosesi hesab\u0131na zavod v\u0259 qur\u011fu sahibl\u0259rin\u0259 \u00fcmumi \u0259m\u0259liyyat x\u0259rcl\u0259rini azaltma\u011fa v\u0259 zavod m\u0259hsuldarl\u0131\u011f\u0131n\u0131 y\u00fcks\u0259ltm\u0259y\u0259 k\u00f6m\u0259k edir.<\/p>\r\n<p>\u018fFY zavodun \u0259m\u0259liyyat effektivliyini m\u00fcqayis\u0259 edir v\u0259 m\u0259hsuldarl\u0131\u011fa \u00f6d\u0259ni\u015f kimi kommersiya yana\u015fmas\u0131 vasit\u0259sil\u0259 pill\u0259li d\u0259yi\u015film\u0259 imkanlar\u0131n\u0131n m\u00fc\u0259yy\u0259nl\u0259\u015fm\u0259sin\u0259 yard\u0131m edir.<\/p>\r\n","protected":false},"excerpt":{"rendered":"<p>Sazlama i\u015fl\u0259ri v\u0259 \u0130stismara verilm\u0259y\u0259 Yard\u0131m T\u0259qdim olunan bu xidm\u0259t \u00e7\u0259rciv\u0259sind\u0259, AZCO \u0259m\u0259liyyatlar n\u00f6qteyi n\u0259z\u0259rind\u0259n sizin s\u0259naye v\u0259 istismara verilm\u0259 t\u0259l\u0259bl\u0259riniz \u00fczr\u0259 \u0259trafl\u0131 t\u0259s\u0259vv\u00fcr \u0259ld\u0259 ed\u0259c\u0259kdir. Buradan biz x\u00fcsusi \u0259m\u0259liyyat\u0131n\u0131z \u00fc\u00e7\u00fcn laz\u0131m\u0131 bacar\u0131q v\u0259 t\u0259cr\u00fcb\u0259si olan Sazlama i\u015fl\u0259ri v\u0259 \u0130stifad\u0259y\u0259 verilm\u0259y\u0259 Yard\u0131m i\u015f\u00e7i hey\u0259ti il\u0259 sizi t\u0259min ed\u0259c\u0259yik. Bu bir m\u0259sl\u0259t\u0259t\u00e7id\u0259n b\u00fct\u00f6v hey\u0259t\u0259 kimi d\u0259yi\u015f\u0259 [&hellip;]<\/p>\n","protected":false},"author":1,"featured_media":790,"parent":0,"menu_order":0,"comment_status":"closed","ping_status":"closed","template":"","meta":{"footnotes":""},"class_list":["post-706","page","type-page","status-publish","has-post-thumbnail","hentry"],"_links":{"self":[{"href":"https:\/\/azco.az\/az\/wp-json\/wp\/v2\/pages\/706","targetHints":{"allow":["GET"]}}],"collection":[{"href":"https:\/\/azco.az\/az\/wp-json\/wp\/v2\/pages"}],"about":[{"href":"https:\/\/azco.az\/az\/wp-json\/wp\/v2\/types\/page"}],"author":[{"embeddable":true,"href":"https:\/\/azco.az\/az\/wp-json\/wp\/v2\/users\/1"}],"replies":[{"embeddable":true,"href":"https:\/\/azco.az\/az\/wp-json\/wp\/v2\/comments?post=706"}],"version-history":[{"count":7,"href":"https:\/\/azco.az\/az\/wp-json\/wp\/v2\/pages\/706\/revisions"}],"predecessor-version":[{"id":3503,"href":"https:\/\/azco.az\/az\/wp-json\/wp\/v2\/pages\/706\/revisions\/3503"}],"wp:featuredmedia":[{"embeddable":true,"href":"https:\/\/azco.az\/az\/wp-json\/wp\/v2\/media\/790"}],"wp:attachment":[{"href":"https:\/\/azco.az\/az\/wp-json\/wp\/v2\/media?parent=706"}],"curies":[{"name":"wp","href":"https:\/\/api.w.org\/{rel}","templated":true}]}}