{"id":705,"date":"2025-04-14T16:50:00","date_gmt":"2025-04-14T13:20:00","guid":{"rendered":"https:\/\/azco.parazitt.ir\/uydurma\/"},"modified":"2025-06-01T06:52:34","modified_gmt":"2025-06-01T03:22:34","slug":"istehsalat","status":"publish","type":"page","link":"https:\/\/azco.az\/az\/istehsalat\/","title":{"rendered":"\u0130stehsalat"},"content":{"rendered":"<h2><span style=\"color: #ff6600;\"><strong>\u0130stehsalat<\/strong><\/span><\/h2>\n<h3><span style=\"color: #ff6600;\"><strong>M\u00fc\u015ft\u0259rinin ehtiyaclar\u0131na cavab ver\u0259n \u0130stehsal\u0131n potensial imkanlar\u0131<\/strong><\/span><\/h3>\n<p>AZCO istehsalat variantlar\u0131 \u00e7\u0259r\u00e7iv\u0259sind\u0259 M\u00fc\u015ft\u0259rinin x\u00fcsusi ehtiyaclar\u0131na uy\u011fun texnologiyan\u0131n istehsal\u0131na \u00e7evik yana\u015fma t\u0259klif edir. AZCO-nun EPC v\u0259 Layih\u0259 \u0130dar\u0259etm\u0259si (L\u0130) \u00fczr\u0259 h\u0259rt\u0259r\u0259fli biliyi AZCO-ya M\u00fc\u015ft\u0259rinin \u00fcmumi istehsal v\u0259 tikinti qurulu\u015funu x\u0259rc v\u0259 i\u015f c\u0259dv\u0259li \u00fcst\u00fcnl\u00fckl\u0259ri bax\u0131m\u0131ndan optimalla\u015fd\u0131r\u0131lmas\u0131na\u00a0imkan verir.<\/p>\n<p>&nbsp;<\/p>\n<h3><span style=\"color: #ff6600;\"><strong>\u0130stehsal \u00fcst\u00fcnl\u00fckl\u0259ri<\/strong><\/span><\/h3>\n<ul>\n<li><span style=\"color: #003366;\"><strong>Tikinti qabiliyy\u0259tini yax\u015f\u0131la\u015fd\u0131rmaq \u00fc\u00e7\u00fcn ilkin istehsal layih\u0259si;<\/strong><\/span><br \/>\n<hr \/>\n<\/li>\n<li><span style=\"color: #003366;\"><strong>X\u00fcsusi layih\u0259l\u0259rin modulla\u015fd\u0131rmas\u0131;<\/strong><\/span><br \/>\n<hr \/>\n<\/li>\n<li><span style=\"color: #003366;\"><strong>Sah\u0259d\u0259n k\u0259narda istehsala yard\u0131m \u00fc\u00e7\u00fcn material v\u0259 avadanl\u0131\u011f\u0131n t\u0259chizat\u0131 \u00fczr\u0259 m\u0259qs\u0259dy\u00f6nl\u00fc planla\u015fd\u0131rma;<\/strong><\/span><br \/>\n<hr \/>\n<\/li>\n<li><span style=\"color: #003366;\"><strong>T\u0259chizat \u00fczr\u0259 qabaqc\u0131l metodlar ;<\/strong><\/span><br \/>\n<hr \/>\n<\/li>\n<li><span style=\"color: #003366;\"><strong>Qlobal bazar biliyi \/ Qlobal al\u0131\u015f\u00a0h\u0259cmi;<\/strong><\/span><br \/>\n<hr \/>\n<\/li>\n<li><span style=\"color: #003366;\"><strong>T\u0259chizat sistemi\/ Logistika\/ Ekspedaytinq;<\/strong><\/span><br \/>\n<hr \/>\n<\/li>\n<li><span style=\"color: #003366;\"><strong>Keyfiyy\u0259t\u0259 N\u0259zar\u0259t\/ Keyfiyy\u0259t\u0259 z\u0259man\u0259t;<\/strong><\/span><br \/>\n<hr \/>\n<\/li>\n<li><span style=\"color: #003366;\"><strong>M\u00fc\u015ft\u0259ril\u0259r \u00fc\u00e7\u00fcn ekoloji s\u0259m\u0259r\u0259<\/strong><\/span><\/li>\n<\/ul>\n<p>&nbsp;<\/p>\n<h3><span style=\"color: #000080;\"><strong>\u018fsas Avadanl\u0131qlar<\/strong><\/span><\/h3>\n<ul>\n<li><span style=\"color: #003366;\"><strong>M\u00fcxt\u0259lif \u00f6l\u00e7\u00fcl\u0259rd\u0259 xarrat d\u0259zgah\u0131;<\/strong><\/span><br \/>\n<hr \/>\n<\/li>\n<li><span style=\"color: #003366;\"><strong>M\u00fcxt\u0259lif n\u00f6v universal \u015faquli, \u00fcf\u00fcqi, stol\u00fcst\u00fc v\u0259 da\u015f\u0131na bil\u0259n qazma ma\u015f\u0131nlar\u0131;<\/strong><\/span><br \/>\n<hr \/>\n<\/li>\n<li><span style=\"color: #003366;\"><strong>\u015eaquli v\u0259 \u00fcf\u00fcqi frezer d\u0259zgahlar\u0131, oyma, yonma, par\u0131ldatma, cilalama v\u0259 dig\u0259r d\u0259zgahlar;<\/strong><\/span><br \/>\n<hr \/>\n<\/li>\n<li><span style=\"color: #003366;\"><strong>L\u00f6vh\u0259l\u0259rin m\u00fcxt\u0259lif \u00f6l\u00e7\u00fcl\u00fc hidravlik, \u00e7arx qolu ( krivi\u015fip), \u015ftampvuran pressi ;<\/strong><\/span><br \/>\n<hr \/>\n<\/li>\n<li><span style=\"color: #003366;\"><strong>M\u00fcxt\u0259lif \u00e7arx qolu (kriv\u015fip) qay\u00e7\u0131lar\u0131;<\/strong><\/span><br \/>\n<hr \/>\n<\/li>\n<li><span style=\"color: #003366;\"><strong>Qaz v\u0259 plazma il\u0259 metal k\u0259s\u0259n ma\u015f\u0131n al\u0259ti<\/strong><\/span><\/li>\n<\/ul>\n<p>&nbsp;<\/p>\n<p>K\u00f6rp\u00fc kranlar\u0131 m\u00fcxt\u0259lif y\u00fckl\u0259ri, qaynaq \u00fc\u00e7\u00fcn manipulatorlar\u0131, m\u00fcxt\u0259lif qaynaq ma\u015f\u0131nlar\u0131, pe\u00e7l\u0259r, kondensator sisteml\u0259ri, qums\u0259p\u0259n avadanl\u0131qlar\u0131 qald\u0131rma\u011fa qadirdil\u0259r.<\/p>\n","protected":false},"excerpt":{"rendered":"<p>\u0130stehsalat M\u00fc\u015ft\u0259rinin ehtiyaclar\u0131na cavab ver\u0259n \u0130stehsal\u0131n potensial imkanlar\u0131 AZCO istehsalat variantlar\u0131 \u00e7\u0259r\u00e7iv\u0259sind\u0259 M\u00fc\u015ft\u0259rinin x\u00fcsusi ehtiyaclar\u0131na uy\u011fun texnologiyan\u0131n istehsal\u0131na \u00e7evik yana\u015fma t\u0259klif edir. AZCO-nun EPC v\u0259 Layih\u0259 \u0130dar\u0259etm\u0259si (L\u0130) \u00fczr\u0259 h\u0259rt\u0259r\u0259fli biliyi AZCO-ya M\u00fc\u015ft\u0259rinin \u00fcmumi istehsal v\u0259 tikinti qurulu\u015funu x\u0259rc v\u0259 i\u015f c\u0259dv\u0259li \u00fcst\u00fcnl\u00fckl\u0259ri bax\u0131m\u0131ndan optimalla\u015fd\u0131r\u0131lmas\u0131na\u00a0imkan verir. &nbsp; \u0130stehsal \u00fcst\u00fcnl\u00fckl\u0259ri Tikinti qabiliyy\u0259tini yax\u015f\u0131la\u015fd\u0131rmaq \u00fc\u00e7\u00fcn ilkin istehsal [&hellip;]<\/p>\n","protected":false},"author":1,"featured_media":784,"parent":0,"menu_order":0,"comment_status":"closed","ping_status":"closed","template":"","meta":{"footnotes":""},"class_list":["post-705","page","type-page","status-publish","has-post-thumbnail","hentry"],"_links":{"self":[{"href":"https:\/\/azco.az\/az\/wp-json\/wp\/v2\/pages\/705","targetHints":{"allow":["GET"]}}],"collection":[{"href":"https:\/\/azco.az\/az\/wp-json\/wp\/v2\/pages"}],"about":[{"href":"https:\/\/azco.az\/az\/wp-json\/wp\/v2\/types\/page"}],"author":[{"embeddable":true,"href":"https:\/\/azco.az\/az\/wp-json\/wp\/v2\/users\/1"}],"replies":[{"embeddable":true,"href":"https:\/\/azco.az\/az\/wp-json\/wp\/v2\/comments?post=705"}],"version-history":[{"count":9,"href":"https:\/\/azco.az\/az\/wp-json\/wp\/v2\/pages\/705\/revisions"}],"predecessor-version":[{"id":3508,"href":"https:\/\/azco.az\/az\/wp-json\/wp\/v2\/pages\/705\/revisions\/3508"}],"wp:featuredmedia":[{"embeddable":true,"href":"https:\/\/azco.az\/az\/wp-json\/wp\/v2\/media\/784"}],"wp:attachment":[{"href":"https:\/\/azco.az\/az\/wp-json\/wp\/v2\/media?parent=705"}],"curies":[{"name":"wp","href":"https:\/\/api.w.org\/{rel}","templated":true}]}}