{"id":704,"date":"2025-04-14T16:48:28","date_gmt":"2025-04-14T13:18:28","guid":{"rendered":"https:\/\/azco.parazitt.ir\/muh%c9%99ndislik-v%c9%99-dizayn\/"},"modified":"2025-05-30T21:16:02","modified_gmt":"2025-05-30T17:46:02","slug":"layih%c9%99l%c9%99ndirm%c9%99-v%c9%99-dizayn","status":"publish","type":"page","link":"https:\/\/azco.az\/az\/layih%c9%99l%c9%99ndirm%c9%99-v%c9%99-dizayn\/","title":{"rendered":"Layih\u0259l\u0259ndirm\u0259 v\u0259 Dizayn"},"content":{"rendered":"\r\n<h2 class=\"wp-block-heading\"><span style=\"color: #ff6600;\"><strong>Layih\u0259l\u0259ndirm\u0259 v\u0259 Dizayn<\/strong><\/span><\/h2>\r\n<p>AZCO m\u00fch\u0259ndis i\u015f\u00e7i qrupu \u00e7\u0259r\u00e7iv\u0259sind\u0259 g\u00fccl\u00fc s\u0259ri\u015ft\u0259 v\u0259 nou-hau inki\u015faf etdirmi\u015fdir v\u0259 m\u00fc\u015ft\u0259rinin yerl\u0259\u015fdiyi yer, biznes texnologiyas\u0131 v\u0259 layih\u0259 h\u0259cmini n\u0259z\u0259r\u0259 alaraq t\u0259l\u0259b olunan m\u00fch\u0259ndislik i\u015fl\u0259rinin h\u0259llinin daha d\u0259qiq t\u0259qdim ed\u0259 bilinm\u0259si m\u0259qs\u0259dil\u0259 se\u00e7ilmi\u015f m\u00fch\u0259ndislik \u015firk\u0259tl\u0259ri il\u0259 daimi \u0259makda\u015fl\u0131q yaratm\u0131\u015fd\u0131r. Bu yolla biz inan\u0131r\u0131q ki, M\u00fc\u015ft\u0259ril\u0259rimizin bizim noy-hau mahiyy\u0259timizi v\u0259 Texnologiyan\u0131n d\u0259y\u0259rini maksimuma \u00e7atd\u0131rmaq imkan\u0131 olacaq.<\/p>\r\n<h3><span style=\"color: #003366;\"><strong>AZCO Layih\u0259l\u0259ndirm\u0259 v\u0259\u00a0Dizayn\u00a0Xidm\u0259tl\u0259rini t\u0259min ed\u0259 bil\u0259r:<\/strong><\/span><\/h3>\r\n<h3><span style=\"color: #003366;\"><strong>Dizayn<\/strong><\/span><\/h3>\r\n<ul>\r\n<li>Layih\u0259 konsepsiyas\u0131<hr \/><\/li>\r\n<li>Qiym\u0259tl\u0259ndirm\u0259<hr \/><\/li>\r\n<li>Texniki-Reall\u0131\u011f\u0131 analiz etm\u0259<hr \/><\/li>\r\n<li>Prosesin modell\u0259\u015fdirilm\u0259si v\u0259 simulyasiyas\u0131<hr \/><\/li>\r\n<li>Layih\u0259nin Maliyy\u0259l\u0259\u015fm\u0259si<\/li>\r\n<\/ul>\r\n<h3>\u00a0<\/h3>\r\n<h3><span style=\"color: #003366;\"><strong>Layih\u0259l\u0259ndirm\u0259<\/strong><\/span><\/h3>\r\n<ul>\r\n<li>Qiym\u0259t\u0259 n\u0259zar\u0259t<hr \/><\/li>\r\n<li>\u0130\u015f\u00e7i Layih\u0259sinin haz\u0131rlanmas\u0131<hr \/><\/li>\r\n<li>Planla\u015fd\u0131rma v\u0259 Qrafikin haz\u0131rlanmas\u0131<hr \/><\/li>\r\n<li>T\u0259hl\u00fck\u0259sizlik Planla\u015fd\u0131rmas\u0131<\/li>\r\n<\/ul>\r\n<p>&nbsp;<\/p>\r\n<p><span style=\"color: #003366;\"><strong>A\u015fa\u011f\u0131da g\u00f6st\u0259ril\u0259n \u0259sas texnologiyalar \u00fc\u00e7\u00fcn M\u0259sl\u0259h\u0259t\u00e7i s\u0259viyy\u0259sind\u0259n tutmu\u015f Texniki layih\u0259l\u0259ndirm\u0259y\u0259 kimi:<\/strong><\/span><\/p>\r\n<ul>\r\n<li>Neft v\u0259 qaz\u0131n k\u0259\u015ffiyyat v\u0259 hasilat\u0131 \u00fc\u00e7\u00fcn qur\u011fular;<hr \/><\/li>\r\n<li>Boru x\u0259ttl\u0259ri;<hr \/><\/li>\r\n<li>Da\u011f M\u0259d\u0259n zavodu;<hr \/><\/li>\r\n<li>K\u0259\u015ffiyyat v\u0259 hasilat Qur\u011fular\u0131 \u00fc\u00e7\u00fcn Texniki T\u0259mir H\u0259lli yollar\u0131;<hr \/><\/li>\r\n<li>S\u018fT\u018fM (Sa\u011flaml\u0131q, \u018fm\u0259yin T\u0259hl\u00fck\u0259sizliyi v\u0259 \u018ftraf M\u00fchitin M\u00fchafiz\u0259si) layih\u0259l\u0259ndirm\u0259si;<hr \/><\/li>\r\n<li>Su resurslar\u0131 v\u0259 \u00e7irkab sular\u0131n t\u0259mizl\u0259nm\u0259si v\u0259 aradan qald\u0131r\u0131lmas\u0131\u00a0;<hr \/><\/li>\r\n<li>G\u0259rginliyin yaranmas\u0131 v\u0259 paylanmas\u0131;<hr \/><\/li>\r\n<li>Tullant\u0131n\u0131n idar\u0259edilm\u0259si v\u0259 emal\u0131 .<\/li>\r\n<\/ul>\r\n<p><strong>AZCO \u00f6z\u00fcn\u00fcn m\u00fcxt\u0259lif sah\u0259l\u0259r \u00fczr\u0259 r\u0259hb\u0259rliyini yerli t\u0259\u015fkilata c\u0259lb ed\u0259 v\u0259 \u0130dar\u0259edici i\u015f\u00e7i Hey\u0259ti v\u0259 yaxud M\u00fc\u015ft\u0259ri n\u00fcmay\u0259nd\u0259si kimi i\u015f gost\u0259ricisinin inki\u015faf\u0131n\u0131 stimulla\u015fd\u0131ra bil\u0259r.<\/strong><\/p>\r\n","protected":false},"excerpt":{"rendered":"<p>Layih\u0259l\u0259ndirm\u0259 v\u0259 Dizayn AZCO m\u00fch\u0259ndis i\u015f\u00e7i qrupu \u00e7\u0259r\u00e7iv\u0259sind\u0259 g\u00fccl\u00fc s\u0259ri\u015ft\u0259 v\u0259 nou-hau inki\u015faf etdirmi\u015fdir v\u0259 m\u00fc\u015ft\u0259rinin yerl\u0259\u015fdiyi yer, biznes texnologiyas\u0131 v\u0259 layih\u0259 h\u0259cmini n\u0259z\u0259r\u0259 alaraq t\u0259l\u0259b olunan m\u00fch\u0259ndislik i\u015fl\u0259rinin h\u0259llinin daha d\u0259qiq t\u0259qdim ed\u0259 bilinm\u0259si m\u0259qs\u0259dil\u0259 se\u00e7ilmi\u015f m\u00fch\u0259ndislik \u015firk\u0259tl\u0259ri il\u0259 daimi \u0259makda\u015fl\u0131q yaratm\u0131\u015fd\u0131r. Bu yolla biz inan\u0131r\u0131q ki, M\u00fc\u015ft\u0259ril\u0259rimizin bizim noy-hau mahiyy\u0259timizi v\u0259 Texnologiyan\u0131n d\u0259y\u0259rini [&hellip;]<\/p>\n","protected":false},"author":1,"featured_media":780,"parent":0,"menu_order":0,"comment_status":"closed","ping_status":"closed","template":"","meta":{"footnotes":""},"class_list":["post-704","page","type-page","status-publish","has-post-thumbnail","hentry"],"_links":{"self":[{"href":"https:\/\/azco.az\/az\/wp-json\/wp\/v2\/pages\/704","targetHints":{"allow":["GET"]}}],"collection":[{"href":"https:\/\/azco.az\/az\/wp-json\/wp\/v2\/pages"}],"about":[{"href":"https:\/\/azco.az\/az\/wp-json\/wp\/v2\/types\/page"}],"author":[{"embeddable":true,"href":"https:\/\/azco.az\/az\/wp-json\/wp\/v2\/users\/1"}],"replies":[{"embeddable":true,"href":"https:\/\/azco.az\/az\/wp-json\/wp\/v2\/comments?post=704"}],"version-history":[{"count":6,"href":"https:\/\/azco.az\/az\/wp-json\/wp\/v2\/pages\/704\/revisions"}],"predecessor-version":[{"id":3416,"href":"https:\/\/azco.az\/az\/wp-json\/wp\/v2\/pages\/704\/revisions\/3416"}],"wp:featuredmedia":[{"embeddable":true,"href":"https:\/\/azco.az\/az\/wp-json\/wp\/v2\/media\/780"}],"wp:attachment":[{"href":"https:\/\/azco.az\/az\/wp-json\/wp\/v2\/media?parent=704"}],"curies":[{"name":"wp","href":"https:\/\/api.w.org\/{rel}","templated":true}]}}