{"id":701,"date":"2025-04-14T17:18:58","date_gmt":"2025-04-14T13:48:58","guid":{"rendered":"https:\/\/azco.parazitt.ir\/kompensasiya-v%c9%99-muavin%c9%99tl%c9%99r\/"},"modified":"2025-06-01T06:58:45","modified_gmt":"2025-06-01T03:28:45","slug":"kompensasiya-v%c9%99-guz%c9%99stl%c9%99r","status":"publish","type":"page","link":"https:\/\/azco.az\/az\/kompensasiya-v%c9%99-guz%c9%99stl%c9%99r\/","title":{"rendered":"Kompensasiya v\u0259 G\u00fcz\u0259\u015ftl\u0259r"},"content":{"rendered":"\r\n<ul class=\"wp-block-list\">\r\n<li>\r\n<ul>\r\n<li><strong>AZCO EPC-d\u0259 kompensasiya sistemi \u0259m\u0259kda\u015flar\u0131n s\u0259ri\u015ft\u0259l\u0259rin\u0259, h\u0259m\u00e7inin \u015firk\u0259tin i\u015finin m\u0259hsuldarl\u0131\u011f\u0131na qoydu\u011fu t\u00f6hf\u0259, i\u015fin \u00e7\u0259tinlik d\u0259r\u0259c\u0259si v\u0259 cavabdehlik s\u0259viyy\u0259sin\u0259 \u0259saslan\u0131r.<\/strong><hr \/><\/li>\r\n<\/ul>\r\n<ul>\r\n<li><strong>M\u00fct\u0259x\u0259ssis v\u0259 daha y\u00fcks\u0259k d\u0259r\u0259c\u0259l\u0259rd\u0259 \u00e7al\u0131\u015fan \u0259m\u0259kda\u015flar \u00fc\u00e7\u00fcn, AZCO EPC HAY Qrupla m\u0259sl\u0259h\u0259tl\u0259\u015f\u0259r\u0259k i\u015fin qiym\u0259tl\u0259ndirilm\u0259si v\u0259 layih\u0259nin t\u0259snifat\u0131n\u0131 aparm\u0131\u015fd\u0131r. Kompensasiya siyas\u0259ti illik olaraq t\u0259hlil etm\u0259 yolu il\u0259 n\u0259z\u0259rd\u0259n ke\u00e7irilir.<\/strong><hr \/><\/li>\r\n<\/ul>\r\n<ul>\r\n<li><strong>Ayl\u0131q maa\u015f \u0259sas\u0131nda i\u015fl\u0259y\u0259n \u0259m\u0259kda\u015flar\u0131n maa\u015flar\u0131n\u0131n \u00f6d\u0259nm\u0259si il \u0259rzind\u0259 bir d\u0259f\u0259 n\u0259z\u0259rd\u0259n ke\u00e7irilir, saat hesab\u0131 i\u015fl\u0259y\u0259n \u0259m\u0259kda\u015flar\u0131n maa\u015flar\u0131n\u0131n \u00f6d\u0259nm\u0259si sah\u0259sind\u0259n as\u0131l\u0131 olaraq ild\u0259 bir v\u0259 ya iki d\u0259f\u0259 n\u0259z\u0259rd\u0259n ke\u00e7irilir.<\/strong><\/li>\r\n<\/ul>\r\n<h2><span style=\"color: #ff6600;\"><strong>Qeyri-Kompensasiyal\u0131 \u00d6d\u0259ni\u015fl\u0259r<\/strong><\/span><\/h2>\r\n<p><span style=\"color: #003366;\"><strong>Bonuslar:\u00a0Bonus sistemi \u015firk\u0259tin m\u00fcsb\u0259t g\u00f6st\u0259ricisi olan d\u00f6vrl\u0259r \u0259rzind\u0259 \u015f\u0259xsi g\u00f6st\u0259rici \u0259sas\u0131nda yerin\u0259 yetirlir.<\/strong><\/span><\/p>\r\n<p><span style=\"color: #003366;\"><strong>M\u00fckafatlar:\u00a0M\u00fckafat sistemi AZCO EPC-d\u0259 yerin\u0259 yetirilir ki, bu da \u015firk\u0259tl\u0259r qrupundan as\u0131l\u0131 olaraq d\u0259yi\u015fir .<\/strong><\/span><\/p>\r\n<\/li>\r\n<\/ul>\r\n","protected":false},"excerpt":{"rendered":"","protected":false},"author":1,"featured_media":767,"parent":0,"menu_order":0,"comment_status":"closed","ping_status":"closed","template":"","meta":{"footnotes":""},"class_list":["post-701","page","type-page","status-publish","has-post-thumbnail","hentry"],"_links":{"self":[{"href":"https:\/\/azco.az\/az\/wp-json\/wp\/v2\/pages\/701","targetHints":{"allow":["GET"]}}],"collection":[{"href":"https:\/\/azco.az\/az\/wp-json\/wp\/v2\/pages"}],"about":[{"href":"https:\/\/azco.az\/az\/wp-json\/wp\/v2\/types\/page"}],"author":[{"embeddable":true,"href":"https:\/\/azco.az\/az\/wp-json\/wp\/v2\/users\/1"}],"replies":[{"embeddable":true,"href":"https:\/\/azco.az\/az\/wp-json\/wp\/v2\/comments?post=701"}],"version-history":[{"count":7,"href":"https:\/\/azco.az\/az\/wp-json\/wp\/v2\/pages\/701\/revisions"}],"predecessor-version":[{"id":3514,"href":"https:\/\/azco.az\/az\/wp-json\/wp\/v2\/pages\/701\/revisions\/3514"}],"wp:featuredmedia":[{"embeddable":true,"href":"https:\/\/azco.az\/az\/wp-json\/wp\/v2\/media\/767"}],"wp:attachment":[{"href":"https:\/\/azco.az\/az\/wp-json\/wp\/v2\/media?parent=701"}],"curies":[{"name":"wp","href":"https:\/\/api.w.org\/{rel}","templated":true}]}}