{"id":697,"date":"2025-04-14T17:17:00","date_gmt":"2025-04-14T13:47:00","guid":{"rendered":"https:\/\/azco.parazitt.ir\/t%c9%99lim-v%c9%99-inkisaf-sistemi\/"},"modified":"2025-06-06T15:26:04","modified_gmt":"2025-06-06T11:56:04","slug":"t%c9%99lim-v%c9%99-inkisaf-sistemi","status":"publish","type":"page","link":"https:\/\/azco.az\/az\/t%c9%99lim-v%c9%99-inkisaf-sistemi\/","title":{"rendered":"T\u0259lim v\u0259 \u0130nki\u015faf Sistemi"},"content":{"rendered":"<ul>\n<li><span style=\"color: #003366;\"><strong>AZCO EPC daimi olaraq i\u015f\u00e7i hey\u0259tinin \u00f6yr\u0259nm\u0259 v\u0259 t\u0259kmill\u0259\u015fdirilm\u0259sini m\u0259qs\u0259d olaraq qoymu\u015fdur. Bu n\u00f6qteyi n\u0259z\u0259r\u0259 \u0259sas\u0259n, i\u015f\u00e7inin t\u0259l\u0259bini, v\u0259zif\u0259 \u00fc\u00e7\u00fcn olan x\u00fcsusi s\u0259ri\u015ft\u0259l\u0259r sah\u0259sinin inki\u015faf\u0131 h\u0259m\u00e7inin \u015f\u0259xsi v\u0259 professional inki\u015faf ehtiyaclar\u0131n\u0131 n\u0259z\u0259r\u0259 alaraq illik t\u0259lim planlar\u0131 haz\u0131rlan\u0131r.<\/strong><\/span><br \/>\n<hr \/>\n<\/li>\n<li><span style=\"color: #003366;\"><strong>Bu proses v\u0259zif\u0259 v\u0259 \u015firk\u0259td\u0259ki m\u00f6vqeyi n\u0259z\u0259r\u0259 almaqla, t\u0259lim v\u0259 m\u0259\u015fq f\u0259aliyy\u0259ti \u0259sas\u0131nda liderlik inki\u015faf proqramlar\u0131 il\u0259 d\u0259st\u0259kl\u0259nir.<\/strong><\/span><br \/>\n<hr \/>\n<\/li>\n<\/ul>\n<ul>\n<li><span style=\"color: #003366;\"><strong>Bu t\u0259lim proqramlar\u0131 tamamland\u0131qdan sonra, t\u0259lim t\u0259\u015fkilat\u0131m\u0131zda m\u00fcnt\u0259z\u0259m t\u0259kmill\u0259\u015fdirm\u0259 \u00fc\u00e7\u00fcn \u00a0i\u015ftirak\u00e7\u0131n\u0131n verdiyi cavab d\u0259y\u0259rl\u0259ndirilir.<\/strong><\/span><br \/>\n<hr \/>\n<\/li>\n<li><span style=\"color: #003366;\"><strong>Saat hesab\u0131 il\u0259 i\u015fl\u0259y\u0259n \u0259m\u0259kda\u015flar \u00fc\u00e7\u00fcn professional icbari t\u0259liml\u0259r, eyni zamanda \u00e7\u0259tin v\u0259 riskli pe\u015f\u0259l\u0259r \u00fc\u00e7\u00fcn n\u0259z\u0259rd\u0259 tutulan t\u0259lim ehtiyaclar\u0131 t\u0259hlil edilir v\u0259 bu t\u0259liml\u0259r akkreditasiya ke\u00e7mi\u015f m\u00fct\u0259x\u0259ssisl\u0259r t\u0259r\u0259find\u0259n t\u0259min olunur.<\/strong><\/span><\/li>\n<\/ul>\n","protected":false},"excerpt":{"rendered":"<p>AZCO EPC daimi olaraq i\u015f\u00e7i hey\u0259tinin \u00f6yr\u0259nm\u0259 v\u0259 t\u0259kmill\u0259\u015fdirilm\u0259sini m\u0259qs\u0259d olaraq qoymu\u015fdur. Bu n\u00f6qteyi n\u0259z\u0259r\u0259 \u0259sas\u0259n, i\u015f\u00e7inin t\u0259l\u0259bini, v\u0259zif\u0259 \u00fc\u00e7\u00fcn olan x\u00fcsusi s\u0259ri\u015ft\u0259l\u0259r sah\u0259sinin inki\u015faf\u0131 h\u0259m\u00e7inin \u015f\u0259xsi v\u0259 professional inki\u015faf ehtiyaclar\u0131n\u0131 n\u0259z\u0259r\u0259 alaraq illik t\u0259lim planlar\u0131 haz\u0131rlan\u0131r. Bu proses v\u0259zif\u0259 v\u0259 \u015firk\u0259td\u0259ki m\u00f6vqeyi n\u0259z\u0259r\u0259 almaqla, t\u0259lim v\u0259 m\u0259\u015fq f\u0259aliyy\u0259ti \u0259sas\u0131nda liderlik inki\u015faf proqramlar\u0131 il\u0259 d\u0259st\u0259kl\u0259nir. [&hellip;]<\/p>\n","protected":false},"author":1,"featured_media":818,"parent":0,"menu_order":0,"comment_status":"closed","ping_status":"closed","template":"","meta":{"footnotes":""},"class_list":["post-697","page","type-page","status-publish","has-post-thumbnail","hentry"],"_links":{"self":[{"href":"https:\/\/azco.az\/az\/wp-json\/wp\/v2\/pages\/697","targetHints":{"allow":["GET"]}}],"collection":[{"href":"https:\/\/azco.az\/az\/wp-json\/wp\/v2\/pages"}],"about":[{"href":"https:\/\/azco.az\/az\/wp-json\/wp\/v2\/types\/page"}],"author":[{"embeddable":true,"href":"https:\/\/azco.az\/az\/wp-json\/wp\/v2\/users\/1"}],"replies":[{"embeddable":true,"href":"https:\/\/azco.az\/az\/wp-json\/wp\/v2\/comments?post=697"}],"version-history":[{"count":7,"href":"https:\/\/azco.az\/az\/wp-json\/wp\/v2\/pages\/697\/revisions"}],"predecessor-version":[{"id":3545,"href":"https:\/\/azco.az\/az\/wp-json\/wp\/v2\/pages\/697\/revisions\/3545"}],"wp:featuredmedia":[{"embeddable":true,"href":"https:\/\/azco.az\/az\/wp-json\/wp\/v2\/media\/818"}],"wp:attachment":[{"href":"https:\/\/azco.az\/az\/wp-json\/wp\/v2\/media?parent=697"}],"curies":[{"name":"wp","href":"https:\/\/api.w.org\/{rel}","templated":true}]}}