{"id":693,"date":"2025-04-14T17:16:24","date_gmt":"2025-04-14T13:46:24","guid":{"rendered":"https:\/\/azco.parazitt.ir\/karyera-idar%c9%99etm%c9%99\/"},"modified":"2025-06-06T15:26:43","modified_gmt":"2025-06-06T11:56:43","slug":"karyeranin-idar%c9%99-edilm%c9%99si","status":"publish","type":"page","link":"https:\/\/azco.az\/az\/karyeranin-idar%c9%99-edilm%c9%99si\/","title":{"rendered":"Karyeran\u0131n \u0130dar\u0259 edilm\u0259si"},"content":{"rendered":"<ul>\n<li><span style=\"color: #003366;\"><strong>AZCO EPC-d\u0259, i\u015f\u00e7il\u0259rin i\u015f g\u00f6st\u0259ricisi v\u0259 s\u0259ri\u015ft\u0259sinin inki\u015faf\u0131na il boyu n\u0259zar\u0259t olunur. \u0130\u015fd\u0259 dig\u0259r d\u0259r\u0259c\u0259y\u0259 ke\u00e7m\u0259k \u00fc\u00e7\u00fcn olan v\u0259zif\u0259 art\u0131m\u0131na t\u0259l\u0259b olunan inki\u015faf\u0131 n\u00fcmayi\u015f etdir\u0259n \u0259m\u0259kda\u015flar\u0131n<\/strong><\/span><\/li>\n<li><span style=\"color: #003366;\"><strong> ya \u015firk\u0259t daxilind\u0259 v\u0259zif\u0259l\u0259ri art\u0131r, yaxud\u00a0 h\u0259min i\u015f\u00e7il\u0259r dig\u0259r \u015firk\u0259t qrupuna, ke\u00e7irilir. Bu inki\u015faf\u0131 t\u0259min etm\u0259k v\u0259 potensial namiz\u0259d bazas\u0131n\u0131 yaratmaq \u00fc\u00e7\u00fcn, \u0259m\u0259kda\u015flar m\u00fcxt\u0259lif spektrli t\u0259lim,<\/strong><\/span><\/li>\n<li><span style=\"color: #003366;\"><strong> m\u0259\u015fq v\u0259 liderlik proqramlar\u0131ndan yararlan\u0131rlar. Orta s\u0259viyy\u0259li v\u0259 y\u00fcks\u0259k s\u0259viyy\u0259li icraedicil\u0259rin \u0259h\u0259miyy\u0259tli hiss\u0259si \u015firk\u0259t daxilind\u0259n\u00a0bu v\u0259zif\u0259y\u0259 ke\u00e7irilirl\u0259r.<\/strong><\/span><\/li>\n<\/ul>\n","protected":false},"excerpt":{"rendered":"<p>AZCO EPC-d\u0259, i\u015f\u00e7il\u0259rin i\u015f g\u00f6st\u0259ricisi v\u0259 s\u0259ri\u015ft\u0259sinin inki\u015faf\u0131na il boyu n\u0259zar\u0259t olunur. \u0130\u015fd\u0259 dig\u0259r d\u0259r\u0259c\u0259y\u0259 ke\u00e7m\u0259k \u00fc\u00e7\u00fcn olan v\u0259zif\u0259 art\u0131m\u0131na t\u0259l\u0259b olunan inki\u015faf\u0131 n\u00fcmayi\u015f etdir\u0259n \u0259m\u0259kda\u015flar\u0131n ya \u015firk\u0259t daxilind\u0259 v\u0259zif\u0259l\u0259ri art\u0131r, yaxud\u00a0 h\u0259min i\u015f\u00e7il\u0259r dig\u0259r \u015firk\u0259t qrupuna, ke\u00e7irilir. Bu inki\u015faf\u0131 t\u0259min etm\u0259k v\u0259 potensial namiz\u0259d bazas\u0131n\u0131 yaratmaq \u00fc\u00e7\u00fcn, \u0259m\u0259kda\u015flar m\u00fcxt\u0259lif spektrli t\u0259lim, m\u0259\u015fq v\u0259 liderlik [&hellip;]<\/p>\n","protected":false},"author":1,"featured_media":764,"parent":0,"menu_order":0,"comment_status":"closed","ping_status":"closed","template":"","meta":{"footnotes":""},"class_list":["post-693","page","type-page","status-publish","has-post-thumbnail","hentry"],"_links":{"self":[{"href":"https:\/\/azco.az\/az\/wp-json\/wp\/v2\/pages\/693","targetHints":{"allow":["GET"]}}],"collection":[{"href":"https:\/\/azco.az\/az\/wp-json\/wp\/v2\/pages"}],"about":[{"href":"https:\/\/azco.az\/az\/wp-json\/wp\/v2\/types\/page"}],"author":[{"embeddable":true,"href":"https:\/\/azco.az\/az\/wp-json\/wp\/v2\/users\/1"}],"replies":[{"embeddable":true,"href":"https:\/\/azco.az\/az\/wp-json\/wp\/v2\/comments?post=693"}],"version-history":[{"count":6,"href":"https:\/\/azco.az\/az\/wp-json\/wp\/v2\/pages\/693\/revisions"}],"predecessor-version":[{"id":3547,"href":"https:\/\/azco.az\/az\/wp-json\/wp\/v2\/pages\/693\/revisions\/3547"}],"wp:featuredmedia":[{"embeddable":true,"href":"https:\/\/azco.az\/az\/wp-json\/wp\/v2\/media\/764"}],"wp:attachment":[{"href":"https:\/\/azco.az\/az\/wp-json\/wp\/v2\/media?parent=693"}],"curies":[{"name":"wp","href":"https:\/\/api.w.org\/{rel}","templated":true}]}}