{"id":689,"date":"2025-04-14T17:15:24","date_gmt":"2025-04-14T13:45:24","guid":{"rendered":"https:\/\/azco.parazitt.ir\/insan-resurslari-siyas%c9%99ti\/"},"modified":"2025-06-01T07:01:26","modified_gmt":"2025-06-01T03:31:26","slug":"insan-resurslari-siyas%c9%99ti","status":"publish","type":"page","link":"https:\/\/azco.az\/az\/insan-resurslari-siyas%c9%99ti\/","title":{"rendered":"\u0130nsan Resurslar\u0131 Siyas\u0259ti"},"content":{"rendered":"\r\n<p><strong>AZCO EPC \u00f6z \u0259m\u0259kda\u015flar\u0131n\u0131n s\u0259y v\u0259 d\u0259st\u0259yi say\u0259sind\u0259 m\u00fcv\u0259ff\u0259qiyy\u0259t qazanm\u0131\u015fd\u0131r.\u00a0\u015eirk\u0259timizin \u0259n vacib resursu insan resurslar\u0131. Bu n\u00f6qteyi-n\u0259z\u0259rd\u0259n, AZCO EPC \u00f6z\u00a0<span class=\"menu\"><span class=\"menu-title\">\u0130R<\/span><\/span>\u00a0 siyas\u0259ti \u00fc\u00e7\u00fcn \u0259sas olaraq a\u015fa\u011f\u0131dak\u0131 prinsipl\u0259ri q\u0259bul etmi\u015fdir:<\/strong><\/p>\r\n<ul>\r\n<li><strong><span style=\"color: #003366;\">Verilmi\u015f v\u0259zif\u0259 \u00fczr\u0259 t\u0259l\u0259b olunan bilik v\u0259 bacar\u0131\u011fa malik istetadadl\u0131 i\u015f\u00e7il\u0259ri i\u015f\u0259 g\u00f6t\u00fcrm\u0259k;<\/span><\/strong><hr \/><\/li>\r\n<li><strong><span style=\"color: #003366;\">\u0130\u015f\u00e7il\u0259rin \u00f6z t\u0259s\u0259vv\u00fcrl\u0259rini istifad\u0259 ed\u0259 bilm\u0259l\u0259ri v\u0259 \u00f6z ideyalar\u0131n\u0131 ayd\u0131n \u015f\u0259kild\u0259 ifad\u0259 ed\u0259 bilm\u0259l\u0259ri \u00fc\u00e7\u00fcn effektli kommunikasiya v\u0259 motivasiya m\u00fchiti yaratmaq;<\/span><\/strong><hr \/><\/li>\r\n<li><strong><span style=\"color: #003366;\">\u00d6z\u00fcnd\u0259 m\u00fcxt\u0259lif perspektivl\u0259ri v\u0259 nou-hou birl\u0259\u015fdir\u0259n \u00fcmumi idar\u0259etm\u0259 siyas\u0259tini q\u0259bul etm\u0259k;<\/span><\/strong><hr \/><\/li>\r\n<li><strong><span style=\"color: #003366;\">\u018fm\u0259kda\u015flar\u0131n \u015f\u0259xsi v\u0259 professional inki\u015faf\u0131na \u00fcst\u00fcnl\u00fck ver\u0259r\u0259k m\u00fcnt\u0259z\u0259m \u00f6yr\u0259nm\u0259 v\u0259 inki\u015fafa yard\u0131m etm\u0259k;<\/span><\/strong><hr \/><\/li>\r\n<li><strong><span style=\"color: #003366;\">Obyektiv meyarlar \u0259sas\u0131nda i\u015f\u00e7inin i\u015f g\u00f6st\u0259ricisini qiym\u0259tl\u0259ndirm\u0259k, h\u0259m\u00e7inin m\u00fckafatland\u0131rmaq v\u0259 y\u00fcks\u0259k g\u00f6st\u0259riciy\u0259 ruhland\u0131rmaq;<\/span><\/strong><\/li>\r\n<\/ul>\r\n<p><strong><span style=\"color: #003366;\">H\u0259r zaman \u00f6z \u0259m\u0259kda\u015flar\u0131n\u0131 \u0259n yax\u015f\u0131s\u0131 il\u0259 t\u0259min etm\u0259k \u00fc\u00e7\u00fcn \u0259m\u0259k ehtiyyatlar\u0131n\u0131n innovasiya \u0259lav\u0259l\u0259rini yerin\u0259 yetirm\u0259k.<\/span><\/strong><\/p>\r\n<ul class=\"wp-block-list\"><\/ul>\r\n<!-- \/wp:post-content -->","protected":false},"excerpt":{"rendered":"<p>AZCO EPC \u00f6z \u0259m\u0259kda\u015flar\u0131n\u0131n s\u0259y v\u0259 d\u0259st\u0259yi say\u0259sind\u0259 m\u00fcv\u0259ff\u0259qiyy\u0259t qazanm\u0131\u015fd\u0131r.\u00a0\u015eirk\u0259timizin \u0259n vacib resursu insan resurslar\u0131. Bu n\u00f6qteyi-n\u0259z\u0259rd\u0259n, AZCO EPC \u00f6z\u00a0\u0130R\u00a0 siyas\u0259ti \u00fc\u00e7\u00fcn \u0259sas olaraq a\u015fa\u011f\u0131dak\u0131 prinsipl\u0259ri q\u0259bul etmi\u015fdir: Verilmi\u015f v\u0259zif\u0259 \u00fczr\u0259 t\u0259l\u0259b olunan bilik v\u0259 bacar\u0131\u011fa malik istetadadl\u0131 i\u015f\u00e7il\u0259ri i\u015f\u0259 g\u00f6t\u00fcrm\u0259k; \u0130\u015f\u00e7il\u0259rin \u00f6z t\u0259s\u0259vv\u00fcrl\u0259rini istifad\u0259 ed\u0259 bilm\u0259l\u0259ri v\u0259 \u00f6z ideyalar\u0131n\u0131 ayd\u0131n \u015f\u0259kild\u0259 ifad\u0259 ed\u0259 bilm\u0259l\u0259ri [&hellip;]<\/p>\n","protected":false},"author":1,"featured_media":787,"parent":0,"menu_order":0,"comment_status":"closed","ping_status":"closed","template":"","meta":{"footnotes":""},"class_list":["post-689","page","type-page","status-publish","has-post-thumbnail","hentry"],"_links":{"self":[{"href":"https:\/\/azco.az\/az\/wp-json\/wp\/v2\/pages\/689","targetHints":{"allow":["GET"]}}],"collection":[{"href":"https:\/\/azco.az\/az\/wp-json\/wp\/v2\/pages"}],"about":[{"href":"https:\/\/azco.az\/az\/wp-json\/wp\/v2\/types\/page"}],"author":[{"embeddable":true,"href":"https:\/\/azco.az\/az\/wp-json\/wp\/v2\/users\/1"}],"replies":[{"embeddable":true,"href":"https:\/\/azco.az\/az\/wp-json\/wp\/v2\/comments?post=689"}],"version-history":[{"count":6,"href":"https:\/\/azco.az\/az\/wp-json\/wp\/v2\/pages\/689\/revisions"}],"predecessor-version":[{"id":3516,"href":"https:\/\/azco.az\/az\/wp-json\/wp\/v2\/pages\/689\/revisions\/3516"}],"wp:featuredmedia":[{"embeddable":true,"href":"https:\/\/azco.az\/az\/wp-json\/wp\/v2\/media\/787"}],"wp:attachment":[{"href":"https:\/\/azco.az\/az\/wp-json\/wp\/v2\/media?parent=689"}],"curies":[{"name":"wp","href":"https:\/\/api.w.org\/{rel}","templated":true}]}}