{"id":685,"date":"2025-04-14T16:51:44","date_gmt":"2025-04-14T13:21:44","guid":{"rendered":"https:\/\/azco.parazitt.ir\/layih%c9%99-v%c9%99-proqram-idar%c9%99etm%c9%99\/"},"modified":"2025-06-01T06:34:11","modified_gmt":"2025-06-01T03:04:11","slug":"layih%c9%99-v%c9%99-proqram-idar%c9%99etm%c9%99","status":"publish","type":"page","link":"https:\/\/azco.az\/az\/layih%c9%99-v%c9%99-proqram-idar%c9%99etm%c9%99\/","title":{"rendered":"Layih\u0259 v\u0259 Proqram \u0130dar\u0259etm\u0259"},"content":{"rendered":"\r\n<h2 class=\"wp-block-heading\"><span style=\"color: #ff6600;\"><strong>Layih\u0259 v\u0259 Proqram \u0130dar\u0259 edilm\u0259si \u00fczr\u0259 Xidm\u0259tl\u0259ri t\u0259qdim edir<\/strong><\/span><\/h2>\r\n<p>AZCO-nun layih\u0259ni idar\u0259 etm\u0259 t\u0259cr\u00fcb\u0259si h\u0259r bir i\u015fd\u0259 \u00f6n planda durur. Layih\u0259 r\u0259hb\u0259ri kimi, AZCO layih\u0259l\u0259ndirm\u0259, t\u0259chizat, v\u0259 tikinti (EPC) f\u0259aliyy\u0259t funksiyalar\u0131n\u0131 M\u00fc\u015ft\u0259rinin \u00fcmidini do\u011frultmaq \u00fc\u00e7\u00fcn birl\u0259\u015fdirir. AZCO \u015firk\u0259tin\u0259 m\u00fcnt\u0259z\u0259m olaraq yerli s\u0259nayed\u0259 \u0259n y\u00fcks\u0259k layih\u0259 v\u0259 proqram idar\u0259etm\u0259 \u015firk\u0259tl\u0259rind\u0259n biri kimi bax\u0131l\u0131r. AZCO layih\u0259ni t\u0259hl\u00fck\u0259siz, vaxt\u0131nda v\u0259 b\u00fcdc\u0259 daxilind\u0259 t\u0259slim etm\u0259 qabiliyy\u0259tin\u0259 g\u00f6r\u0259 tan\u0131n\u0131r. M\u00fc\u015ft\u0259ril\u0259rin AZCO-nu se\u00e7m\u0259 s\u0259b\u0259bl\u0259rind\u0259n biri, b\u00fct\u00fcn laz\u0131m\u0131 xidm\u0259tl\u0259ri \u00f6z personal\u0131 il\u0259 t\u0259min etm\u0259sin\u0259, bel\u0259likl\u0259 \u00e7oxsayl\u0131 m\u0259sl\u0259h\u0259t\u00e7il\u0259r\u0259 olan ehtiyac\u0131 aradan qald\u0131rma qabiliyy\u0259tinin olmas\u0131na g\u00f6r\u0259dir.\u00a0AZCO-nun tam ixtisasla\u015fm\u0131\u015f i\u015f\u00e7i hey\u0259ti layih\u0259l\u0259ndirm\u0259, tikinti, istehsal, t\u0259chizat, layih\u0259y\u0259 n\u0259zar\u0259t, t\u0259hl\u00fck\u0259sizlik, keyfiyy\u0259t v\u0259\u00a0 texniki t\u0259mir \u00fczr\u0259 xidm\u0259tl\u0259rini t\u0259klif edir.<\/p>\r\n<p><strong>B\u00fct\u00fcn AZCO layih\u0259l\u0259ri \u015firk\u0259tin \u018fm\u0259liyyat Sistemin\u0259 olan T\u0259l\u0259bl\u0259r (\u018fST), AZCO-nun keyfiyy\u0259t s\u0259n\u0259din\u0259 uy\u011fun olan \u00fcmumi t\u0259l\u0259bl\u0259r\u0259 \u0259sas\u0259n idar\u0259 olunur ki, bu da layih\u0259l\u0259rin u\u011furlu icra edilm\u0259sin\u0259 \u015f\u0259rait yarad\u0131r.<\/strong><\/p>\r\n","protected":false},"excerpt":{"rendered":"<p>Layih\u0259 v\u0259 Proqram \u0130dar\u0259 edilm\u0259si \u00fczr\u0259 Xidm\u0259tl\u0259ri t\u0259qdim edir AZCO-nun layih\u0259ni idar\u0259 etm\u0259 t\u0259cr\u00fcb\u0259si h\u0259r bir i\u015fd\u0259 \u00f6n planda durur. Layih\u0259 r\u0259hb\u0259ri kimi, AZCO layih\u0259l\u0259ndirm\u0259, t\u0259chizat, v\u0259 tikinti (EPC) f\u0259aliyy\u0259t funksiyalar\u0131n\u0131 M\u00fc\u015ft\u0259rinin \u00fcmidini do\u011frultmaq \u00fc\u00e7\u00fcn birl\u0259\u015fdirir. AZCO \u015firk\u0259tin\u0259 m\u00fcnt\u0259z\u0259m olaraq yerli s\u0259nayed\u0259 \u0259n y\u00fcks\u0259k layih\u0259 v\u0259 proqram idar\u0259etm\u0259 \u015firk\u0259tl\u0259rind\u0259n biri kimi bax\u0131l\u0131r. AZCO layih\u0259ni t\u0259hl\u00fck\u0259siz, [&hellip;]<\/p>\n","protected":false},"author":1,"featured_media":671,"parent":0,"menu_order":0,"comment_status":"closed","ping_status":"closed","template":"","meta":{"footnotes":""},"class_list":["post-685","page","type-page","status-publish","has-post-thumbnail","hentry"],"_links":{"self":[{"href":"https:\/\/azco.az\/az\/wp-json\/wp\/v2\/pages\/685","targetHints":{"allow":["GET"]}}],"collection":[{"href":"https:\/\/azco.az\/az\/wp-json\/wp\/v2\/pages"}],"about":[{"href":"https:\/\/azco.az\/az\/wp-json\/wp\/v2\/types\/page"}],"author":[{"embeddable":true,"href":"https:\/\/azco.az\/az\/wp-json\/wp\/v2\/users\/1"}],"replies":[{"embeddable":true,"href":"https:\/\/azco.az\/az\/wp-json\/wp\/v2\/comments?post=685"}],"version-history":[{"count":5,"href":"https:\/\/azco.az\/az\/wp-json\/wp\/v2\/pages\/685\/revisions"}],"predecessor-version":[{"id":3494,"href":"https:\/\/azco.az\/az\/wp-json\/wp\/v2\/pages\/685\/revisions\/3494"}],"wp:featuredmedia":[{"embeddable":true,"href":"https:\/\/azco.az\/az\/wp-json\/wp\/v2\/media\/671"}],"wp:attachment":[{"href":"https:\/\/azco.az\/az\/wp-json\/wp\/v2\/media?parent=685"}],"curies":[{"name":"wp","href":"https:\/\/api.w.org\/{rel}","templated":true}]}}