{"id":684,"date":"2025-04-14T17:15:53","date_gmt":"2025-04-14T13:45:53","guid":{"rendered":"https:\/\/azco.parazitt.ir\/performans-idar%c9%99etm%c9%99-sistemi\/"},"modified":"2025-04-23T11:04:39","modified_gmt":"2025-04-23T07:34:39","slug":"effektiv-idar%c9%99etm%c9%99-sistemi","status":"publish","type":"page","link":"https:\/\/azco.az\/az\/effektiv-idar%c9%99etm%c9%99-sistemi\/","title":{"rendered":"Effektiv idar\u0259etm\u0259 sistemi"},"content":{"rendered":"\r\n<ul class=\"wp-block-list\">\r\n<li>AZCO EPC v\u0259 \u015firk\u0259tl\u0259r qrupu i\u015f\u00e7inin m\u0259qs\u0259dl\u0259r g\u00f6st\u0259ricisini idar\u0259etm\u0259 prinsipl\u0259rin\u0259 uy\u011fun olaraq \u00f6l\u00e7\u00fcr.<hr \/><\/li>\r\n<li>\u018fm\u0259kda\u015f\u0131n m\u0259hsuldarl\u0131\u011f\u0131 m\u0259qs\u0259d v\u0259 h\u0259m\u00e7inin s\u0259ri\u015ft\u0259l\u0259rd\u0259n istifad\u0259 ed\u0259n sisteml\u0259 \u00f6l\u00e7\u00fcl\u00fcr.<hr \/><\/li>\r\n<li>\u0130\u015f G\u00f6st\u0259ricisinin Qiym\u0259tl\u0259ndirilm\u0259si Sistemi ild\u0259 iki d\u0259f\u0259, aral\u0131q d\u00f6vrd\u0259 v\u0259 ilin sonunda apar\u0131l\u0131r.<hr \/><\/li>\r\n<li>\u0130\u015f g\u00f6st\u0259ricisinin \u0130dar\u0259 olunmas\u0131 Sistemi \u00d6yr\u0259nm\u0259 v\u0259 \u0130nki\u015fafa, Karyera \u0130dar\u0259 edilm\u0259sin\u0259 v\u0259 M\u00fckafat\u0131n \u0130dar\u0259 edilm\u0259si prosesl\u0259rin\u0259 yard\u0131m edir.<\/li>\r\n<\/ul>\r\n","protected":false},"excerpt":{"rendered":"","protected":false},"author":1,"featured_media":802,"parent":0,"menu_order":0,"comment_status":"closed","ping_status":"closed","template":"","meta":{"footnotes":""},"class_list":["post-684","page","type-page","status-publish","has-post-thumbnail","hentry"],"_links":{"self":[{"href":"https:\/\/azco.az\/az\/wp-json\/wp\/v2\/pages\/684","targetHints":{"allow":["GET"]}}],"collection":[{"href":"https:\/\/azco.az\/az\/wp-json\/wp\/v2\/pages"}],"about":[{"href":"https:\/\/azco.az\/az\/wp-json\/wp\/v2\/types\/page"}],"author":[{"embeddable":true,"href":"https:\/\/azco.az\/az\/wp-json\/wp\/v2\/users\/1"}],"replies":[{"embeddable":true,"href":"https:\/\/azco.az\/az\/wp-json\/wp\/v2\/comments?post=684"}],"version-history":[{"count":5,"href":"https:\/\/azco.az\/az\/wp-json\/wp\/v2\/pages\/684\/revisions"}],"predecessor-version":[{"id":853,"href":"https:\/\/azco.az\/az\/wp-json\/wp\/v2\/pages\/684\/revisions\/853"}],"wp:featuredmedia":[{"embeddable":true,"href":"https:\/\/azco.az\/az\/wp-json\/wp\/v2\/media\/802"}],"wp:attachment":[{"href":"https:\/\/azco.az\/az\/wp-json\/wp\/v2\/media?parent=684"}],"curies":[{"name":"wp","href":"https:\/\/api.w.org\/{rel}","templated":true}]}}