{"id":673,"date":"2025-04-14T16:50:40","date_gmt":"2025-04-14T13:20:40","guid":{"rendered":"https:\/\/azco.parazitt.ir\/tikinti\/"},"modified":"2025-06-01T06:54:47","modified_gmt":"2025-06-01T03:24:47","slug":"tikinti","status":"publish","type":"page","link":"https:\/\/azco.az\/az\/tikinti\/","title":{"rendered":"Tikinti"},"content":{"rendered":"\r\n<h2><span style=\"color: #ff6600;\"><strong>Tikintinin idar\u0259 olunmas\u0131<\/strong><\/span><\/h2>\r\n<p>AZCO EPC M\u00fc\u015ft\u0259ril\u0259ri optimal n\u0259tic\u0259l\u0259rl\u0259 t\u0259min etm\u0259k \u00fc\u00e7\u00fcn t\u0259sdiql\u0259nmi\u015f texnologiyalardan, sistem v\u0259 i\u015f prosesl\u0259rind\u0259n istifad\u0259 ed\u0259r\u0259k tikinti layih\u0259sinin idar\u0259edilm\u0259si xidm\u0259tl\u0259rini t\u0259qdim edir. M\u00fc\u015ft\u0259ril\u0259r AZCO &#8211; a m\u00fcr\u0259kk\u0259b v\u0259 prespektivli tikinti layih\u0259l\u0259rini vaxt\u0131nda v\u0259 b\u00fcdc\u0259 daxilind\u0259 yerin\u0259 yetirdiyin\u0259 qadir oldu\u011fu \u00fc\u00e7\u00fcn etibar edirl\u0259r. Hal-haz\u0131rda bu b\u00f6y\u00fck t\u0259cr\u00fcb\u0259 M\u00fc\u015ft\u0259ril\u0259rin ixtiyar\u0131ndad\u0131r.<\/p>\r\n<p>Bizim \u0130\u015f\u00e7i Qrupumuz h\u0259r hans\u0131 bir Layih\u0259l\u0259r\u0259 yana\u015fmada Neft v\u0259 Qaz s\u0259nayesi v\u0259 a\u011f\u0131r \u0130stehsalda EPC-d\u0259n ba\u015flayaraq \u0130stehsalata kimi \u0130\u015f\u00e7i Qrupunu s\u0259f\u0259rb\u0259r v\u0259 idar\u0259 ed\u0259 bil\u0259r.<\/p>\r\n<p>Layih\u0259nin h\u0259cmini, M\u00fc\u015ft\u0259ril\u0259rimizin yerl\u0259\u015fdiyi yer v\u0259 texniki strukturunu n\u0259z\u0259r\u0259 alaraq, M\u00fc\u015ft\u0259ril\u0259rimiz\u0259 \u00f6z i\u015f\u00e7i hey\u0259ti daxilind\u0259 s\u0259f\u0259rb\u0259rlik etm\u0259 imkan\u0131 v\u0259 ya \u0259sas R\u0259hb\u0259rlik olaraq M\u00fcst\u0259qil \u00fc\u00e7\u00fcn\u00e7\u00fc t\u0259r\u0259f t\u0259\u015fkilat\u0131 kimi Layih\u0259ni \u0259n yax\u015f\u0131 n\u0259tic\u0259l\u0259rl\u0259 v\u0259 nailiyy\u0259tl\u0259rl\u0259 ba\u015fa \u00e7atd\u0131rmaq imkan\u0131n\u0131 il\u0259 a\u015fa\u011f\u0131dak\u0131 sah\u0259l\u0259rd\u0259 \u0259n yax\u015f\u0131 s\u0259naye naill\u0259y\u0259tl\u0259rini t\u0259klif ed\u0259n AZCO-nun etibarl\u0131 Tikintinin \u0130dar\u0259 olunmas\u0131 Sistemini yaratm\u0131\u015fd\u0131r:<\/p>\r\n<ul>\r\n<li><span style=\"color: #003366;\"><strong>Podrat\u00e7\u0131n\u0131n idar\u0259 olunmas\u0131;<\/strong><\/span><hr \/><\/li>\r\n<li><span style=\"color: #003366;\"><strong>Avadanl\u0131q v\u0259 Al\u0259tl\u0259rin T\u0259chizat\u0131;<\/strong><\/span><hr \/><\/li>\r\n<li><span style=\"color: #003366;\"><strong>\u0130stehsal;<\/strong><\/span><hr \/><\/li>\r\n<li><span style=\"color: #003366;\"><strong>Sah\u0259nin haz\u0131r v\u0259ziyy\u0259t\u0259 g\u0259tirilm\u0259si;<\/strong><\/span><hr \/><\/li>\r\n<li><span style=\"color: #003366;\"><strong>Layih\u0259 v\u0259 Proqram\u0131n \u0130dar\u0259 olunmas\u0131;<\/strong><\/span><hr \/><\/li>\r\n<li><span style=\"color: #003366;\"><strong>Keyfiyy\u0259t\u0259 N\u0259zar\u0259t;<\/strong><\/span><hr \/><\/li>\r\n<li><span style=\"color: #003366;\"><strong>Sa\u011flaml\u0131q, T\u0259hl\u00fck\u0259sizlik v\u0259 \u018ftraf M\u00fchitin M\u00fchafiz\u0259si Proqramlar\u0131;<\/strong><\/span><hr \/><\/li>\r\n<li><span style=\"color: #003366;\"><strong>Effektivlik<\/strong><\/span><\/li>\r\n<\/ul>\r\n<ul class=\"wp-block-list\"><\/ul>\r\n<!-- \/wp:post-content -->","protected":false},"excerpt":{"rendered":"<p>Tikintinin idar\u0259 olunmas\u0131 AZCO EPC M\u00fc\u015ft\u0259ril\u0259ri optimal n\u0259tic\u0259l\u0259rl\u0259 t\u0259min etm\u0259k \u00fc\u00e7\u00fcn t\u0259sdiql\u0259nmi\u015f texnologiyalardan, sistem v\u0259 i\u015f prosesl\u0259rind\u0259n istifad\u0259 ed\u0259r\u0259k tikinti layih\u0259sinin idar\u0259edilm\u0259si xidm\u0259tl\u0259rini t\u0259qdim edir. M\u00fc\u015ft\u0259ril\u0259r AZCO &#8211; a m\u00fcr\u0259kk\u0259b v\u0259 prespektivli tikinti layih\u0259l\u0259rini vaxt\u0131nda v\u0259 b\u00fcdc\u0259 daxilind\u0259 yerin\u0259 yetirdiyin\u0259 qadir oldu\u011fu \u00fc\u00e7\u00fcn etibar edirl\u0259r. Hal-haz\u0131rda bu b\u00f6y\u00fck t\u0259cr\u00fcb\u0259 M\u00fc\u015ft\u0259ril\u0259rin ixtiyar\u0131ndad\u0131r. Bizim \u0130\u015f\u00e7i Qrupumuz h\u0259r [&hellip;]<\/p>\n","protected":false},"author":1,"featured_media":1183,"parent":0,"menu_order":0,"comment_status":"closed","ping_status":"closed","template":"","meta":{"footnotes":""},"class_list":["post-673","page","type-page","status-publish","has-post-thumbnail","hentry"],"_links":{"self":[{"href":"https:\/\/azco.az\/az\/wp-json\/wp\/v2\/pages\/673","targetHints":{"allow":["GET"]}}],"collection":[{"href":"https:\/\/azco.az\/az\/wp-json\/wp\/v2\/pages"}],"about":[{"href":"https:\/\/azco.az\/az\/wp-json\/wp\/v2\/types\/page"}],"author":[{"embeddable":true,"href":"https:\/\/azco.az\/az\/wp-json\/wp\/v2\/users\/1"}],"replies":[{"embeddable":true,"href":"https:\/\/azco.az\/az\/wp-json\/wp\/v2\/comments?post=673"}],"version-history":[{"count":6,"href":"https:\/\/azco.az\/az\/wp-json\/wp\/v2\/pages\/673\/revisions"}],"predecessor-version":[{"id":3510,"href":"https:\/\/azco.az\/az\/wp-json\/wp\/v2\/pages\/673\/revisions\/3510"}],"wp:featuredmedia":[{"embeddable":true,"href":"https:\/\/azco.az\/az\/wp-json\/wp\/v2\/media\/1183"}],"wp:attachment":[{"href":"https:\/\/azco.az\/az\/wp-json\/wp\/v2\/media?parent=673"}],"curies":[{"name":"wp","href":"https:\/\/api.w.org\/{rel}","templated":true}]}}