{"id":672,"date":"2025-04-14T16:49:21","date_gmt":"2025-04-14T13:19:21","guid":{"rendered":"https:\/\/azco.parazitt.ir\/satinalma\/"},"modified":"2025-05-30T21:17:19","modified_gmt":"2025-05-30T17:47:19","slug":"t%c9%99chizat-xidm%c9%99tl%c9%99ri","status":"publish","type":"page","link":"https:\/\/azco.az\/az\/t%c9%99chizat-xidm%c9%99tl%c9%99ri\/","title":{"rendered":"T\u0259chizat Xidm\u0259tl\u0259ri"},"content":{"rendered":"<h2><span style=\"color: #ff6600;\"><strong>T\u0259chizat xidm\u0259tl\u0259ri<\/strong><\/span><\/h2>\n<p>AZCO M\u00fc\u015ft\u0259rinin \u0259sas investisiyalar\u0131na \u0259n yax\u015f\u0131 d\u0259y\u0259ri t\u0259min etm\u0259k \u00fc\u00e7\u00fcn maddi-texniki t\u0259chizat prosesind\u0259 t\u0259chizat t\u0259cr\u00fcb\u0259sind\u0259n v\u0259 t\u0259chizat\u00e7\u0131 \u015f\u0259b\u0259k\u0259l\u0259rind\u0259n istifad\u0259 olunmas\u0131na diqq\u0259ti c\u0259ml\u0259\u015fdirir. Biz avadanl\u0131q\/cihaz\u0131n layih\u0259sini t\u0259min etm\u0259k \u00fc\u00e7\u00fcn t\u0259cr\u00fcb\u0259 v\u0259 bazar haqq\u0131nda biliyimizi t\u0259klif edir v\u0259 ya t\u0259chizat\u00e7\u0131lar\u0131n siyah\u0131s\u0131n\u0131 v\u0259 M\u00fc\u015ft\u0259ri t\u0259r\u0259find\u0259n t\u0259min olunan Layih\u0259 paketin\u0259 \u0259sas\u0259n tender prosesini t\u0259\u015fkil ed\u0259 bil\u0259r, texniki v\u0259 kommersiya bax\u0131m\u0131ndan qiym\u0259tl\u0259ndir\u0259 v\u0259 m\u00fc\u015ft\u0259ril\u0259rimiz\u0259 \u0259n yax\u015f\u0131 optimal h\u0259lli t\u0259qdim ed\u0259 bil\u0259rik.<\/p>\n<p>AZCO m\u00fcmk\u00fcn olan h\u0259rt\u0259r\u0259fli T\u0259chizat\u0131 a\u015fa\u011f\u0131dak\u0131lar daxil olmaqla m\u00fczakir\u0259 etm\u0259y\u0259 haz\u0131rd\u0131r<\/p>\n<ul>\n<li>M\u00fcqavil\u0259nin \u0130dar\u0259 edilm\u0259si;<br \/>\n<hr \/>\n<\/li>\n<li>\u0130\u015fin yerin\u0259 yetirlm\u0259si m\u00fcdd\u0259tin\u0259 n\u0259zar\u0259t;<br \/>\n<hr \/>\n<\/li>\n<li>Logistika;<br \/>\n<hr \/>\n<\/li>\n<li>Material\u0131n idar\u0259 olunmas\u0131;<br \/>\n<hr \/>\n<\/li>\n<li>Al\u0131\u015f;<br \/>\n<hr \/>\n<\/li>\n<li>T\u0259chizat\u00e7\u0131 Keyfiyy\u0259ti;<\/li>\n<\/ul>\n<p>AZCO b\u00fct\u00fcn \u0259sas istehsalat bazarlar\u0131nda \u00f6z\u00fcn\u00fcn n\u00fcmay\u0259nd\u0259l\u0259ri v\u0259 n\u0259zar\u0259t\u00e7il\u0259ri il\u0259 t\u0259msil olunur. Biz n\u0259zar\u0259t\u00e7il\u0259rimiz\u0259 AZCO proqram\u0131na \u0259sas\u0259n t\u0259lim ke\u00e7mi\u015fik v\u0259 onlar Neft v\u0259 Qaz\u0131n k\u0259\u015ffiyyat v\u0259 hasilat\u0131, Istehsal etm\u0259 v\u0259 S\u0259naye M\u00fc\u0259ssis\u0259l\u0259ri \u00fc\u00e7\u00fcn y\u00fcks\u0259k s\u0259viyy\u0259li m\u0259hsullar\u0131n tam \u00e7atd\u0131r\u0131lmas\u0131na z\u0259man\u0259t verm\u0259y\u0259 haz\u0131rd\u0131rlar.<\/p>\n","protected":false},"excerpt":{"rendered":"<p>T\u0259chizat xidm\u0259tl\u0259ri AZCO M\u00fc\u015ft\u0259rinin \u0259sas investisiyalar\u0131na \u0259n yax\u015f\u0131 d\u0259y\u0259ri t\u0259min etm\u0259k \u00fc\u00e7\u00fcn maddi-texniki t\u0259chizat prosesind\u0259 t\u0259chizat t\u0259cr\u00fcb\u0259sind\u0259n v\u0259 t\u0259chizat\u00e7\u0131 \u015f\u0259b\u0259k\u0259l\u0259rind\u0259n istifad\u0259 olunmas\u0131na diqq\u0259ti c\u0259ml\u0259\u015fdirir. Biz avadanl\u0131q\/cihaz\u0131n layih\u0259sini t\u0259min etm\u0259k \u00fc\u00e7\u00fcn t\u0259cr\u00fcb\u0259 v\u0259 bazar haqq\u0131nda biliyimizi t\u0259klif edir v\u0259 ya t\u0259chizat\u00e7\u0131lar\u0131n siyah\u0131s\u0131n\u0131 v\u0259 M\u00fc\u015ft\u0259ri t\u0259r\u0259find\u0259n t\u0259min olunan Layih\u0259 paketin\u0259 \u0259sas\u0259n tender prosesini t\u0259\u015fkil ed\u0259 bil\u0259r, texniki [&hellip;]<\/p>\n","protected":false},"author":1,"featured_media":805,"parent":0,"menu_order":0,"comment_status":"closed","ping_status":"closed","template":"","meta":{"footnotes":""},"class_list":["post-672","page","type-page","status-publish","has-post-thumbnail","hentry"],"_links":{"self":[{"href":"https:\/\/azco.az\/az\/wp-json\/wp\/v2\/pages\/672","targetHints":{"allow":["GET"]}}],"collection":[{"href":"https:\/\/azco.az\/az\/wp-json\/wp\/v2\/pages"}],"about":[{"href":"https:\/\/azco.az\/az\/wp-json\/wp\/v2\/types\/page"}],"author":[{"embeddable":true,"href":"https:\/\/azco.az\/az\/wp-json\/wp\/v2\/users\/1"}],"replies":[{"embeddable":true,"href":"https:\/\/azco.az\/az\/wp-json\/wp\/v2\/comments?post=672"}],"version-history":[{"count":5,"href":"https:\/\/azco.az\/az\/wp-json\/wp\/v2\/pages\/672\/revisions"}],"predecessor-version":[{"id":3417,"href":"https:\/\/azco.az\/az\/wp-json\/wp\/v2\/pages\/672\/revisions\/3417"}],"wp:featuredmedia":[{"embeddable":true,"href":"https:\/\/azco.az\/az\/wp-json\/wp\/v2\/media\/805"}],"wp:attachment":[{"href":"https:\/\/azco.az\/az\/wp-json\/wp\/v2\/media?parent=672"}],"curies":[{"name":"wp","href":"https:\/\/api.w.org\/{rel}","templated":true}]}}