{"id":1732,"date":"2025-05-07T18:25:50","date_gmt":"2025-05-07T14:55:50","guid":{"rendered":"https:\/\/azco.parazitt.ir\/?page_id=1732"},"modified":"2025-05-07T18:38:07","modified_gmt":"2025-05-07T15:08:07","slug":"lisenziyalarimiz","status":"publish","type":"page","link":"https:\/\/azco.az\/az\/lisenziyalarimiz\/","title":{"rendered":"Lisenziyalar\u0131m\u0131z"},"content":{"rendered":"\t\t<div data-elementor-type=\"wp-page\" data-elementor-id=\"1732\" class=\"elementor elementor-1732\" data-elementor-post-type=\"page\">\n\t\t\t\t<div class=\"elementor-element elementor-element-62fa42c e-con-full e-flex e-con e-parent\" data-id=\"62fa42c\" data-element_type=\"container\" data-e-type=\"container\" data-settings=\"{&quot;background_background&quot;:&quot;classic&quot;}\">\n\t\t<div class=\"elementor-element elementor-element-cb1748c e-con-full e-flex e-con e-child\" data-id=\"cb1748c\" data-element_type=\"container\" data-e-type=\"container\" data-settings=\"{&quot;background_background&quot;:&quot;classic&quot;}\">\n\t\t\t\t<\/div>\n\t\t<div class=\"elementor-element elementor-element-3b0b8f2 e-con-full e-flex e-con e-child\" data-id=\"3b0b8f2\" data-element_type=\"container\" data-e-type=\"container\" data-settings=\"{&quot;background_background&quot;:&quot;classic&quot;}\">\n\t\t\t\t<div class=\"elementor-element elementor-element-7793910 elementor-widget elementor-widget-heading\" data-id=\"7793910\" data-element_type=\"widget\" data-e-type=\"widget\" data-widget_type=\"heading.default\">\n\t\t\t\t<div class=\"elementor-widget-container\">\n\t\t\t\t\t<h2 class=\"elementor-heading-title elementor-size-default\">AZCO<\/h2>\t\t\t\t<\/div>\n\t\t\t\t<\/div>\n\t\t\t\t<div class=\"elementor-element elementor-element-8739eb9 elementor-widget elementor-widget-heading\" data-id=\"8739eb9\" data-element_type=\"widget\" data-e-type=\"widget\" data-widget_type=\"heading.default\">\n\t\t\t\t<div class=\"elementor-widget-container\">\n\t\t\t\t\t<h2 class=\"elementor-heading-title elementor-size-default\">Lisenziyalar\u0131m\u0131z<\/h2>\t\t\t\t<\/div>\n\t\t\t\t<\/div>\n\t\t\t\t<div class=\"elementor-element elementor-element-2b4d79b elementor-widget elementor-widget-text-editor\" data-id=\"2b4d79b\" data-element_type=\"widget\" data-e-type=\"widget\" data-widget_type=\"text-editor.default\">\n\t\t\t\t<div class=\"elementor-widget-container\">\n\t\t\t\t\t\t\t\t\t<p>AZCO beyn\u0259lxalq tan\u0131nm\u0131\u015f sertifikatlarla xidm\u0259tl\u0259rinin keyfiyy\u0259tini, t\u0259hl\u00fck\u0259sizliyini v\u0259 qlobal standartlara uy\u011funlu\u011funu t\u0259min edir.<\/p>\t\t\t\t\t\t\t\t<\/div>\n\t\t\t\t<\/div>\n\t\t<div class=\"elementor-element elementor-element-630c879 e-grid e-con-full elementor-hidden-desktop e-con e-child\" data-id=\"630c879\" data-element_type=\"container\" data-e-type=\"container\">\n\t\t\t\t<div class=\"elementor-element elementor-element-71e5b67 elementor-widget elementor-widget-image\" data-id=\"71e5b67\" data-element_type=\"widget\" data-e-type=\"widget\" data-widget_type=\"image.default\">\n\t\t\t\t<div class=\"elementor-widget-container\">\n\t\t\t\t\t\t\t\t\t\t\t\t\t\t\t<img fetchpriority=\"high\" decoding=\"async\" width=\"725\" height=\"1024\" src=\"https:\/\/azco.az\/wp-content\/uploads\/2025\/05\/lisens1-1-725x1024.jpg\" class=\"attachment-large size-large wp-image-1723\" alt=\"\" srcset=\"https:\/\/azco.az\/wp-content\/uploads\/2025\/05\/lisens1-1-725x1024.jpg 725w, https:\/\/azco.az\/wp-content\/uploads\/2025\/05\/lisens1-1-212x300.jpg 212w, https:\/\/azco.az\/wp-content\/uploads\/2025\/05\/lisens1-1-768x1085.jpg 768w, https:\/\/azco.az\/wp-content\/uploads\/2025\/05\/lisens1-1.jpg 1000w\" sizes=\"(max-width: 725px) 100vw, 725px\" \/>\t\t\t\t\t\t\t\t\t\t\t\t\t\t\t<\/div>\n\t\t\t\t<\/div>\n\t\t\t\t<div class=\"elementor-element elementor-element-6a9700f elementor-widget elementor-widget-image\" data-id=\"6a9700f\" data-element_type=\"widget\" data-e-type=\"widget\" data-widget_type=\"image.default\">\n\t\t\t\t<div class=\"elementor-widget-container\">\n\t\t\t\t\t\t\t\t\t\t\t\t\t\t\t<img decoding=\"async\" width=\"725\" height=\"1024\" src=\"https:\/\/azco.az\/wp-content\/uploads\/2025\/05\/lisensse2-1-725x1024.jpg\" class=\"attachment-large size-large wp-image-1727\" alt=\"\" srcset=\"https:\/\/azco.az\/wp-content\/uploads\/2025\/05\/lisensse2-1-725x1024.jpg 725w, https:\/\/azco.az\/wp-content\/uploads\/2025\/05\/lisensse2-1-212x300.jpg 212w, https:\/\/azco.az\/wp-content\/uploads\/2025\/05\/lisensse2-1-768x1085.jpg 768w, https:\/\/azco.az\/wp-content\/uploads\/2025\/05\/lisensse2-1.jpg 1000w\" sizes=\"(max-width: 725px) 100vw, 725px\" \/>\t\t\t\t\t\t\t\t\t\t\t\t\t\t\t<\/div>\n\t\t\t\t<\/div>\n\t\t\t\t<\/div>\n\t\t\t\t<\/div>\n\t\t<div class=\"elementor-element elementor-element-8638c73 e-con-full e-flex e-con e-child\" data-id=\"8638c73\" data-element_type=\"container\" data-e-type=\"container\" data-settings=\"{&quot;background_background&quot;:&quot;classic&quot;}\">\n\t\t\t\t<\/div>\n\t\t\t\t<\/div>\n\t\t\t\t<\/div>\n\t\t","protected":false},"excerpt":{"rendered":"<p>AZCO Lisenziyalar\u0131m\u0131z AZCO beyn\u0259lxalq tan\u0131nm\u0131\u015f sertifikatlarla xidm\u0259tl\u0259rinin keyfiyy\u0259tini, t\u0259hl\u00fck\u0259sizliyini v\u0259 qlobal standartlara uy\u011funlu\u011funu t\u0259min edir.<\/p>\n","protected":false},"author":1,"featured_media":0,"parent":0,"menu_order":0,"comment_status":"closed","ping_status":"closed","template":"","meta":{"footnotes":""},"class_list":["post-1732","page","type-page","status-publish","hentry"],"_links":{"self":[{"href":"https:\/\/azco.az\/az\/wp-json\/wp\/v2\/pages\/1732","targetHints":{"allow":["GET"]}}],"collection":[{"href":"https:\/\/azco.az\/az\/wp-json\/wp\/v2\/pages"}],"about":[{"href":"https:\/\/azco.az\/az\/wp-json\/wp\/v2\/types\/page"}],"author":[{"embeddable":true,"href":"https:\/\/azco.az\/az\/wp-json\/wp\/v2\/users\/1"}],"replies":[{"embeddable":true,"href":"https:\/\/azco.az\/az\/wp-json\/wp\/v2\/comments?post=1732"}],"version-history":[{"count":8,"href":"https:\/\/azco.az\/az\/wp-json\/wp\/v2\/pages\/1732\/revisions"}],"predecessor-version":[{"id":1765,"href":"https:\/\/azco.az\/az\/wp-json\/wp\/v2\/pages\/1732\/revisions\/1765"}],"wp:attachment":[{"href":"https:\/\/azco.az\/az\/wp-json\/wp\/v2\/media?parent=1732"}],"curies":[{"name":"wp","href":"https:\/\/api.w.org\/{rel}","templated":true}]}}