{"id":1428,"date":"2025-05-06T13:52:54","date_gmt":"2025-05-06T10:22:54","guid":{"rendered":"https:\/\/azco.parazitt.ir\/?page_id=1428"},"modified":"2025-05-30T21:57:32","modified_gmt":"2025-05-30T18:27:32","slug":"inspeksiya","status":"publish","type":"page","link":"https:\/\/azco.az\/az\/inspeksiya\/","title":{"rendered":"\u0130nspeksiya"},"content":{"rendered":"<h2><span style=\"color: #ff6600;\">T\u0259fti\u015f v\u0259 N\u0259zar\u0259t Xidm\u0259tl\u0259ri<\/span><\/h2>\n<p>AZCO olaraq biz s\u0259naye standartlar\u0131na, normativ t\u0259l\u0259bl\u0259r\u0259 v\u0259 m\u00fc\u015ft\u0259ri g\u00f6zl\u0259ntil\u0259rin\u0259 uy\u011fun \u015f\u0259kild\u0259, m\u00fcst\u0259qil v\u0259 obyektiv \u00fc\u00e7\u00fcnc\u00fc t\u0259r\u0259f t\u0259fti\u015f xidm\u0259tl\u0259ri t\u0259qdim edirik. Pe\u015f\u0259kar m\u00fch\u0259ndis hey\u0259timiz qeyri-da\u011f\u0131d\u0131c\u0131 s\u0131naq (NDT) texnologiyalar\u0131ndan istifad\u0259 ed\u0259r\u0259k struktur v\u0259 materiallar\u0131n keyfiyy\u0259tini v\u0259 t\u0259hl\u00fck\u0259sizliyini yoxlay\u0131r.<\/p>\n<h3><span style=\"color: #003366;\">\u018fsas NDT Xidm\u0259tl\u0259ri<\/span><\/h3>\n<ul>\n<li>Vizual v\u0259 qaynaq m\u00fcayin\u0259si<\/li>\n<li>\u00d6rt\u00fck, s\u0259th haz\u0131rl\u0131\u011f\u0131 v\u0259 boya yoxlamas\u0131<\/li>\n<li>DPI (N\u00fcfuzetm\u0259 boyas\u0131 testi)<\/li>\n<li>MPI (Maqnit hiss\u0259cikl\u0259r testi)<\/li>\n<li>UT (Ultras\u0259s testi)<\/li>\n<li>RT &amp; RTI (Radioqrafiya testi v\u0259 \u015f\u0259rhi)<\/li>\n<\/ul>\n<h3><span style=\"color: #003366;\">T\u0259kmill\u0259\u015fdirilmi\u015f NDT Texnologiyalar\u0131<\/span><\/h3>\n<ul>\n<li>ToFD (Difraksiya vaxt\u0131 metodu)<\/li>\n<li>PAUT (Fazal\u0131 massiv ultras\u0259s)<\/li>\n<li>AUT (Avtomatla\u015fd\u0131r\u0131lm\u0131\u015f ultras\u0259s)<\/li>\n<li>LRUT (Uzun m\u0259saf\u0259li UT)<\/li>\n<li>ET v\u0259 PEC (Burul\u011fan c\u0259r\u0259yan testl\u0259ri)<\/li>\n<li>Termoqrafiya v\u0259 akustik emissiya t\u0259hlili<\/li>\n<\/ul>\n<h3><span style=\"color: #003366;\">Xidm\u0259t G\u00f6st\u0259rdiyimiz S\u0259naye Sektoru<\/span><\/h3>\n<ul>\n<li>Neft v\u0259 qaz \u2013 boru k\u0259m\u0259rl\u0259ri, \u00e7\u0259nl\u0259r v\u0259 emal obyektl\u0259rinin yoxlan\u0131lmas\u0131<\/li>\n<li>Kimya v\u0259 neft-kimya \u2013 istilik d\u0259yi\u015fdiricil\u0259ri, reaktorlar v\u0259 boru sisteml\u0259rinin t\u0259hlili<\/li>\n<li>Enerji \u2013 n\u00fcv\u0259, istilik v\u0259 b\u0259rpa olunan enerji obyektl\u0259rinin monitorinqi<\/li>\n<li>M\u0259d\u0259n v\u0259 a\u011f\u0131r s\u0259naye \u2013 m\u0259d\u0259n qur\u011fular\u0131n\u0131n struktur m\u00fcayin\u0259si<\/li>\n<li>Aerokosmik v\u0259 istehsalat \u2013 y\u00fcks\u0259k d\u0259qiqlikl\u0259 aviasiya komponentl\u0259rinin yoxlanmas\u0131<\/li>\n<li>\u0130nfrastruktur v\u0259 n\u0259qliyyat \u2013 k\u00f6rp\u00fcl\u0259r v\u0259 rels sisteml\u0259ri \u00fc\u00e7\u00fcn qeyri-invaziv yoxlamalar<\/li>\n<\/ul>\n<h3><span style=\"color: #003366;\">\u00dc\u00e7\u00fcnc\u00fc T\u0259r\u0259f T\u0259fti\u015f Xidm\u0259tl\u0259ri<\/span><\/h3>\n<p>AZCO olaraq biz layih\u0259l\u0259rin b\u00fct\u00fcn m\u0259rh\u0259l\u0259l\u0259rind\u0259 obyektiv v\u0259 detall\u0131 yoxlama xidm\u0259tl\u0259ri t\u0259qdim edirik. M\u0259qs\u0259dimiz layih\u0259nin normativl\u0259r\u0259, texniki \u015f\u0259rtl\u0259r\u0259 v\u0259 keyfiyy\u0259t g\u00f6st\u0259ricil\u0259rin\u0259 uy\u011fun \u015f\u0259kild\u0259 icra olunmas\u0131n\u0131 t\u0259min etm\u0259kdir.<\/p>\n<h3><span style=\"color: #003366;\">\u018fsas T\u0259fti\u015f Xidm\u0259tl\u0259ri<\/span><\/h3>\n<ul>\n<li>Tikinti \u015firk\u0259tl\u0259rinin auditi v\u0259 qiym\u0259tl\u0259ndirilm\u0259si<\/li>\n<li>\u00c7ertyojlar\u0131n v\u0259 dizayn s\u0259n\u0259dl\u0259rinin uy\u011funluq yoxlanmas\u0131<\/li>\n<li>MEP sisteml\u0259rinin (Mexaniki, Elektrik, Santexnika) t\u0259fti\u015fi<\/li>\n<li>Yan\u011f\u0131ns\u00f6nd\u00fcrm\u0259 v\u0259 elektrik sisteml\u0259rinin yoxlanmas\u0131<\/li>\n<li>Tikinti v\u0259 qura\u015fd\u0131rma i\u015fl\u0259rinin sah\u0259 t\u0259fti\u015fi<\/li>\n<li>Material v\u0259 t\u0259chizat q\u0259bulunda keyfiyy\u0259t n\u0259zar\u0259ti<\/li>\n<li>T\u0259dar\u00fck\u00e7\u00fc v\u0259 ma\u011faza yoxlamalar\u0131<\/li>\n<li>Qald\u0131r\u0131c\u0131 avadanl\u0131qlar\u0131n sertifikatla\u015fd\u0131r\u0131lmas\u0131<\/li>\n<li>Beton s\u0131naqlar\u0131 v\u0259 analizl\u0259ri<\/li>\n<li>QHSE s\u0259n\u0259dl\u0259rinin yoxlanmas\u0131 v\u0259 t\u0259sdiqi<\/li>\n<\/ul>\n<p>AZCO, m\u00fcst\u0259qil t\u0259fti\u015f xidm\u0259ti il\u0259 riskl\u0259ri azald\u0131r, layih\u0259nin keyfiyy\u0259tli v\u0259 t\u0259hl\u00fck\u0259siz \u015f\u0259kild\u0259 icras\u0131n\u0131 t\u0259min edir.<\/p>\n","protected":false},"excerpt":{"rendered":"<p>T\u0259fti\u015f v\u0259 N\u0259zar\u0259t Xidm\u0259tl\u0259ri AZCO olaraq biz s\u0259naye standartlar\u0131na, normativ t\u0259l\u0259bl\u0259r\u0259 v\u0259 m\u00fc\u015ft\u0259ri g\u00f6zl\u0259ntil\u0259rin\u0259 uy\u011fun \u015f\u0259kild\u0259, m\u00fcst\u0259qil v\u0259 obyektiv \u00fc\u00e7\u00fcnc\u00fc t\u0259r\u0259f t\u0259fti\u015f xidm\u0259tl\u0259ri t\u0259qdim edirik. Pe\u015f\u0259kar m\u00fch\u0259ndis hey\u0259timiz qeyri-da\u011f\u0131d\u0131c\u0131 s\u0131naq (NDT) texnologiyalar\u0131ndan istifad\u0259 ed\u0259r\u0259k struktur v\u0259 materiallar\u0131n keyfiyy\u0259tini v\u0259 t\u0259hl\u00fck\u0259sizliyini yoxlay\u0131r. \u018fsas NDT Xidm\u0259tl\u0259ri Vizual v\u0259 qaynaq m\u00fcayin\u0259si \u00d6rt\u00fck, s\u0259th haz\u0131rl\u0131\u011f\u0131 v\u0259 boya yoxlamas\u0131 DPI [&hellip;]<\/p>\n","protected":false},"author":1,"featured_media":3348,"parent":0,"menu_order":0,"comment_status":"closed","ping_status":"closed","template":"","meta":{"footnotes":""},"class_list":["post-1428","page","type-page","status-publish","has-post-thumbnail","hentry"],"_links":{"self":[{"href":"https:\/\/azco.az\/az\/wp-json\/wp\/v2\/pages\/1428","targetHints":{"allow":["GET"]}}],"collection":[{"href":"https:\/\/azco.az\/az\/wp-json\/wp\/v2\/pages"}],"about":[{"href":"https:\/\/azco.az\/az\/wp-json\/wp\/v2\/types\/page"}],"author":[{"embeddable":true,"href":"https:\/\/azco.az\/az\/wp-json\/wp\/v2\/users\/1"}],"replies":[{"embeddable":true,"href":"https:\/\/azco.az\/az\/wp-json\/wp\/v2\/comments?post=1428"}],"version-history":[{"count":6,"href":"https:\/\/azco.az\/az\/wp-json\/wp\/v2\/pages\/1428\/revisions"}],"predecessor-version":[{"id":3423,"href":"https:\/\/azco.az\/az\/wp-json\/wp\/v2\/pages\/1428\/revisions\/3423"}],"wp:featuredmedia":[{"embeddable":true,"href":"https:\/\/azco.az\/az\/wp-json\/wp\/v2\/media\/3348"}],"wp:attachment":[{"href":"https:\/\/azco.az\/az\/wp-json\/wp\/v2\/media?parent=1428"}],"curies":[{"name":"wp","href":"https:\/\/api.w.org\/{rel}","templated":true}]}}