{"id":1015,"date":"2025-04-25T23:44:46","date_gmt":"2025-04-25T20:14:46","guid":{"rendered":"https:\/\/azco.parazitt.ir\/?page_id=1015"},"modified":"2025-05-25T05:59:05","modified_gmt":"2025-05-25T02:29:05","slug":"esas-hadis%c9%99l%c9%99r","status":"publish","type":"page","link":"https:\/\/azco.az\/az\/esas-hadis%c9%99l%c9%99r\/","title":{"rendered":"\u018fsas Hadis\u0259l\u0259r"},"content":{"rendered":"\t\t<div data-elementor-type=\"wp-page\" data-elementor-id=\"1015\" class=\"elementor elementor-1015 elementor-905\" data-elementor-post-type=\"page\">\n\t\t\t\t<div class=\"elementor-element elementor-element-129f99a e-flex e-con-boxed e-con e-parent\" data-id=\"129f99a\" data-element_type=\"container\" data-e-type=\"container\">\n\t\t\t\t\t<div class=\"e-con-inner\">\n\t\t\t\t<div class=\"elementor-element elementor-element-c870b00 elementor-widget elementor-widget-ot-timeline\" data-id=\"c870b00\" data-element_type=\"widget\" data-e-type=\"widget\" data-widget_type=\"ot-timeline.default\">\n\t\t\t\t<div class=\"elementor-widget-container\">\n\t\t\t\t\t\t\t<div class=\"ot-timeline\">\r\n\t\t\t\t        <div class=\"ot-timeline-item\">\r\n\t            <div class=\"tl-time\">\r\n\t                <span>2018<\/span>\r\n\t            <\/div>\r\n\t            <div class=\"tl-marker\"><\/div>\r\n\t            <div class=\"tl-detail\">\r\n\t            \t<h4 class=\"tl-title\">PMD t\u0259chizat\u00e7\u0131 siyah\u0131s\u0131 <\/h4>\r\n\t            \t<p>PMD t\u0259chizat\u00e7\u0131 siyah\u0131s\u0131 -- AZCO PMD t\u0259chizat\u00e7\u0131 siyah\u0131s\u0131na \u0259lav\u0259 olundu.<\/p>\r\n\t            <\/div>\r\n\t        <\/div>\r\n\t        \t        <div class=\"ot-timeline-item\">\r\n\t            <div class=\"tl-time\">\r\n\t                <span>2017<\/span>\r\n\t            <\/div>\r\n\t            <div class=\"tl-marker\"><\/div>\r\n\t            <div class=\"tl-detail\">\r\n\t            \t<h4 class=\"tl-title\">BP t\u0259chizat\u00e7\u0131 siyah\u0131s\u0131<\/h4>\r\n\t            \t<p>AZCO BP-nin t\u0259chizat\u00e7\u0131lar siyah\u0131sna daxil edilmi\u015fdir<\/p>\r\n\t            <\/div>\r\n\t        <\/div>\r\n\t        \t        <div class=\"ot-timeline-item\">\r\n\t            <div class=\"tl-time\">\r\n\t                <span>2017<\/span>\r\n\t            <\/div>\r\n\t            <div class=\"tl-marker\"><\/div>\r\n\t            <div class=\"tl-detail\">\r\n\t            \t<h4 class=\"tl-title\">Lisenziya verildi<\/h4>\r\n\t            \t<p>AZCO Az\u0259rbaycan Respublikas\u0131n\u0131n \u0130qtisadiyyat Nazirliyi t\u0259r\u0259find\u0259n, T\u0259hl\u00fck\u0259 potensiall\u0131 obyektl\u0259rd\u0259 istisamar olunan avadanl\u0131\u011f\u0131n v\u0259 texniki qur\u011fular\u0131n diaqnostikas\u0131 v\u0259 dig\u0259r texniki yoxlamalar\u0131n ke\u00e7irilm\u0259sini h\u0259yata ke\u00e7irm\u0259y\u0259 icaz\u0259 ver\u0259n lisenziya alm\u0131\u015fd\u0131r<\/p>\r\n\t            <\/div>\r\n\t        <\/div>\r\n\t        \t        <div class=\"ot-timeline-item\">\r\n\t            <div class=\"tl-time\">\r\n\t                <span>2016<\/span>\r\n\t            <\/div>\r\n\t            <div class=\"tl-marker\"><\/div>\r\n\t            <div class=\"tl-detail\">\r\n\t            \t<h4 class=\"tl-title\">Lisenziya verildi<\/h4>\r\n\t            \t<p>AZCO Az\u0259rbaycan Respublikas\u0131n\u0131n \u0130qtisadiyyat Nazirliyi t\u0259r\u0259find\u0259n,Tikintisin\u0259 icaz\u0259 t\u0259l\u0259b olunan bina v\u0259 qur\u011fular\u0131n tikinti-qura\u015fd\u0131rma i\u015fl\u0259rini h\u0259yata ke\u00e7irm\u0259y\u0259 icaz\u0259 ver\u0259n lisenziya alm\u0131\u015fd\u0131r<\/p>\r\n\t            <\/div>\r\n\t        <\/div>\r\n\t        \t        <div class=\"ot-timeline-item\">\r\n\t            <div class=\"tl-time\">\r\n\t                <span>2016<\/span>\r\n\t            <\/div>\r\n\t            <div class=\"tl-marker\"><\/div>\r\n\t            <div class=\"tl-detail\">\r\n\t            \t<h4 class=\"tl-title\">M\u00fch\u0259ndislik xidm\u0259tl\u0259ri <\/h4>\r\n\t            \t<p>AZCO EPC \u015firk\u0259ti art\u0131q \u201c\u0130nc\u0259 i\u015fl\u0259r\u201d \u00fczr\u0259 d\u0259 f\u0259aliyy\u0259tini u\u011furla h\u0259yata ke\u00e7irir.<\/p>\r\n\t            <\/div>\r\n\t        <\/div>\r\n\t        \t        <div class=\"ot-timeline-item\">\r\n\t            <div class=\"tl-time\">\r\n\t                <span>2015<\/span>\r\n\t            <\/div>\r\n\t            <div class=\"tl-marker\"><\/div>\r\n\t            <div class=\"tl-detail\">\r\n\t            \t<h4 class=\"tl-title\">Fit-i u\u011furla yerin\u0259 yetirm\u0259k<\/h4>\r\n\t            \t<p>AZCO EPC \u015firk\u0259ti art\u0131q Mexaniki, Elektrik v\u0259 Su t\u0259chizat\u0131 i\u015fl\u0259rini u\u011furla h\u0259yata ke\u00e7irir.<\/p>\r\n\t            <\/div>\r\n\t        <\/div>\r\n\t        \t        <div class=\"ot-timeline-item\">\r\n\t            <div class=\"tl-time\">\r\n\t                <span>2015<\/span>\r\n\t            <\/div>\r\n\t            <div class=\"tl-marker\"><\/div>\r\n\t            <div class=\"tl-detail\">\r\n\t            \t<h4 class=\"tl-title\">Mexaniki i\u015fl\u0259rin u\u011furla yerin\u0259 yetirilm\u0259si<\/h4>\r\n\t            \t<p>AZCO qlobal neft qiym\u0259tinin enm\u0259si v\u0259 \u00e7oxlu layih\u0259l\u0259rin dayand\u0131r\u0131lmas\u0131ndan sonra,bazarda \u00f6z dayan\u0131ql\u0131\u011f\u0131n\u0131 qoruyub saxlam\u0131\u015f v\u0259 f\u0259aliyy\u0259tini davam etdirm\u0259y\u0259 m\u00fcv\u0259ff\u0259q olmu\u015fdur<\/p>\r\n\t            <\/div>\r\n\t        <\/div>\r\n\t        \t        <div class=\"ot-timeline-item\">\r\n\t            <div class=\"tl-time\">\r\n\t                <span>2015<\/span>\r\n\t            <\/div>\r\n\t            <div class=\"tl-marker\"><\/div>\r\n\t            <div class=\"tl-detail\">\r\n\t            \t<h4 class=\"tl-title\">\u00c7\u00f6k\u00fcb dayanmaq<\/h4>\r\n\t            \t<p>AZCO Az\u0259rbaycanda Skandinaviya Ticar\u0259t palatas\u0131n\u0131n \u00fczv\u00fc olmu\u015fdur.<\/p>\r\n\t            <\/div>\r\n\t        <\/div>\r\n\t        \t        <div class=\"ot-timeline-item\">\r\n\t            <div class=\"tl-time\">\r\n\t                <span>2015<\/span>\r\n\t            <\/div>\r\n\t            <div class=\"tl-marker\"><\/div>\r\n\t            <div class=\"tl-detail\">\r\n\t            \t<h4 class=\"tl-title\">Nordik Ticar\u0259t Palatas\u0131n\u0131n \u00fczv\u00fc<\/h4>\r\n\t            \t<p>AZCO EPC Isve\u00e7 Ofisi a\u00e7\u0131lm\u0131\u015fd\u0131r.<\/p>\r\n\t            <\/div>\r\n\t        <\/div>\r\n\t        \t        <div class=\"ot-timeline-item\">\r\n\t            <div class=\"tl-time\">\r\n\t                <span>2015<\/span>\r\n\t            <\/div>\r\n\t            <div class=\"tl-marker\"><\/div>\r\n\t            <div class=\"tl-detail\">\r\n\t            \t<h4 class=\"tl-title\">\u0130sve\u00e7 ofisi a\u00e7\u0131ld\u0131<\/h4>\r\n\t            \t<p>AZCO EPC Tehran-\u0130ran Ofisi a\u00e7\u0131lm\u0131\u015fd\u0131r.<\/p>\r\n\t            <\/div>\r\n\t        <\/div>\r\n\t        \t        <div class=\"ot-timeline-item\">\r\n\t            <div class=\"tl-time\">\r\n\t                <span>2014<\/span>\r\n\t            <\/div>\r\n\t            <div class=\"tl-marker\"><\/div>\r\n\t            <div class=\"tl-detail\">\r\n\t            \t<h4 class=\"tl-title\">Tehran-\u0130ran ofisi a\u00e7\u0131ld\u0131<\/h4>\r\n\t            \t<p>AZCO EPC Tehran-\u0130ran Ofisi a\u00e7\u0131lm\u0131\u015fd\u0131r.<\/p>\r\n\t            <\/div>\r\n\t        <\/div>\r\n\t        \t        <div class=\"ot-timeline-item\">\r\n\t            <div class=\"tl-time\">\r\n\t                <span>2014<\/span>\r\n\t            <\/div>\r\n\t            <div class=\"tl-marker\"><\/div>\r\n\t            <div class=\"tl-detail\">\r\n\t            \t<h4 class=\"tl-title\">EPC \u015firk\u0259ti kimi qo\u015fuldu<\/h4>\r\n\t            \t<p>AZCO EPC \u015firk\u0259ti olaraq Az\u0259rbaycanda, Qala-Bak\u0131 ilk beyn\u0259lxalq M\u0259kt\u0259b tikinti layih\u0259sinin Tikinti i\u015fl\u0259rinin yerin\u0259 yetirlim\u0259sin\u0259 qo\u015fulmu\u015fdur.<\/p>\r\n\t            <\/div>\r\n\t        <\/div>\r\n\t        \t        <div class=\"ot-timeline-item\">\r\n\t            <div class=\"tl-time\">\r\n\t                <span>2013<\/span>\r\n\t            <\/div>\r\n\t            <div class=\"tl-marker\"><\/div>\r\n\t            <div class=\"tl-detail\">\r\n\t            \t<h4 class=\"tl-title\">T\u0259briz-\u0130ran ofisi a\u00e7\u0131ld\u0131<\/h4>\r\n\t            \t<p>AZCO EPC T\u0259briz-Iran Ofisi a\u00e7\u0131lm\u0131\u015fd\u0131r.<\/p>\r\n\t            <\/div>\r\n\t        <\/div>\r\n\t        \t        <div class=\"ot-timeline-item\">\r\n\t            <div class=\"tl-time\">\r\n\t                <span>2013<\/span>\r\n\t            <\/div>\r\n\t            <div class=\"tl-marker\"><\/div>\r\n\t            <div class=\"tl-detail\">\r\n\t            \t<h4 class=\"tl-title\">\u015eirk\u0259tin ad\u0131 d\u0259yi\u015fdirildi<\/h4>\r\n\t            \t<p>\u015eirk\u0259t s\u0259hmdarlar\u0131 birg\u0259 i\u015f f\u0259aliyy\u0259tini dayand\u0131rm\u0131\u015f v\u0259 \u015firk\u0259tin ad\u0131 d\u0259yi\u015fil\u0259r\u0259k \u201cAZCO Engineering-Procurement & Construction Co\u201d MMC olmu\u015fdur v\u0259 \u015firk\u0259td\u0259 yeni idar\u0259etm\u0259 sistemi ba\u015flam\u0131\u015fd\u0131r.<\/p>\r\n\t            <\/div>\r\n\t        <\/div>\r\n\t        \t        <div class=\"ot-timeline-item\">\r\n\t            <div class=\"tl-time\">\r\n\t                <span>2012<\/span>\r\n\t            <\/div>\r\n\t            <div class=\"tl-marker\"><\/div>\r\n\t            <div class=\"tl-detail\">\r\n\t            \t<h4 class=\"tl-title\">\u018fn yax\u015f\u0131 EPC kimi se\u00e7ildi<\/h4>\r\n\t            \t<p>AZCO \u0259n yax\u015f\u0131 EPC podrat\u00e7\u0131s\u0131 se\u00e7ilmi\u015fdir v\u0259 h\u0259m\u00e7inin layih\u0259 i\u015fl\u0259rini vaxt\u0131nda m\u00fcv\u0259ff\u0259qiyy\u0259tl\u0259 v\u0259 professional sur\u0259td\u0259 yerin\u0259 yetirdiyin\u0259 g\u00f6r\u0259 A\u0130MC t\u0259r\u0259find\u0259n m\u00fckafatland\u0131r\u0131lm\u0131\u015fd\u0131r.<\/p>\r\n\t            <\/div>\r\n\t        <\/div>\r\n\t        \t        <div class=\"ot-timeline-item\">\r\n\t            <div class=\"tl-time\">\r\n\t                <span>2012<\/span>\r\n\t            <\/div>\r\n\t            <div class=\"tl-marker\"><\/div>\r\n\t            <div class=\"tl-detail\">\r\n\t            \t<h4 class=\"tl-title\">\u018fmlak sektoru<\/h4>\r\n\t            \t<p>Da\u015f\u0131nmaz \u018fmlak sektoruna daxil olmu\u015fdur.<\/p>\r\n\t            <\/div>\r\n\t        <\/div>\r\n\t        \t        <div class=\"ot-timeline-item\">\r\n\t            <div class=\"tl-time\">\r\n\t                <span>2011<\/span>\r\n\t            <\/div>\r\n\t            <div class=\"tl-marker\"><\/div>\r\n\t            <div class=\"tl-detail\">\r\n\t            \t<h4 class=\"tl-title\">\u018fmlak sektoru<\/h4>\r\n\t            \t<p>\u0130lk olaraq Oceaneering v\u0259 BP \u015firk\u0259tl\u0259ri il\u0259 birlikd\u0259 Sualt\u0131 polad layih\u0259sin\u0259 qo\u015fulmu\u015fdur v\u0259 bu i\u015fl\u0259ri m\u00fcv\u0259ff\u0259qiyy\u0259tl\u0259 ba\u015fa vurmu\u015fdur.<\/p>\r\n\t            <\/div>\r\n\t        <\/div>\r\n\t        \t        <div class=\"ot-timeline-item\">\r\n\t            <div class=\"tl-time\">\r\n\t                <span>2011<\/span>\r\n\t            <\/div>\r\n\t            <div class=\"tl-marker\"><\/div>\r\n\t            <div class=\"tl-detail\">\r\n\t            \t<h4 class=\"tl-title\">Neft v\u0259 Qaz sektoru<\/h4>\r\n\t            \t<p>Neft v\u0259 Qaz sektoruna daxil olmu\u015fdur.<\/p>\r\n\t            <\/div>\r\n\t        <\/div>\r\n\t        \t        <div class=\"ot-timeline-item\">\r\n\t            <div class=\"tl-time\">\r\n\t                <span>2011<\/span>\r\n\t            <\/div>\r\n\t            <div class=\"tl-marker\"><\/div>\r\n\t            <div class=\"tl-detail\">\r\n\t            \t<h4 class=\"tl-title\">AIMC il\u0259 EPC m\u00fcqavil\u0259si imzaland\u0131<\/h4>\r\n\t            \t<p>AZCO A\u0130MC \u015firk\u0259ti il\u0259 EPC m\u00fcqavil\u0259si imzalam\u0131\u015fd\u0131r (Azerbaijan \u0130nternational Mining Co.).<\/p>\r\n\t            <\/div>\r\n\t        <\/div>\r\n\t        \t        <div class=\"ot-timeline-item\">\r\n\t            <div class=\"tl-time\">\r\n\t                <span>2011<\/span>\r\n\t            <\/div>\r\n\t            <div class=\"tl-marker\"><\/div>\r\n\t            <div class=\"tl-detail\">\r\n\t            \t<h4 class=\"tl-title\">M\u0259d\u0259n\u00e7ilik sektoru<\/h4>\r\n\t            \t<p>M\u0259d\u0259n s\u0259nayesi sektoruna daxil olmu\u015fdur.<\/p>\r\n\t            <\/div>\r\n\t        <\/div>\r\n\t        \t        <div class=\"ot-timeline-item\">\r\n\t            <div class=\"tl-time\">\r\n\t                <span>2010<\/span>\r\n\t            <\/div>\r\n\t            <div class=\"tl-marker\"><\/div>\r\n\t            <div class=\"tl-detail\">\r\n\t            \t<h4 class=\"tl-title\">\u0130lk b\u00f6y\u00fckmiqyasl\u0131 Ged\u0259b\u0259k layih\u0259sin\u0259 qo\u015fulmaq<\/h4>\r\n\t            \t<p>\u015eirk\u0259t G\u0259d\u0259b\u0259yd\u0259 ilk Yuyulma \u00fc\u00e7\u00fcn geni\u015f h\u0259cmli \u00c7\u0259nl\u0259rin haz\u0131rlanmas\u0131 zavodu layih\u0259sin\u0259 qo\u015fulma\u011fa t\u0259klif alm\u0131\u015fd\u0131r.<\/p>\r\n\t            <\/div>\r\n\t        <\/div>\r\n\t        \t        <div class=\"ot-timeline-item\">\r\n\t            <div class=\"tl-time\">\r\n\t                <span>2010<\/span>\r\n\t            <\/div>\r\n\t            <div class=\"tl-marker\"><\/div>\r\n\t            <div class=\"tl-detail\">\r\n\t            \t<h4 class=\"tl-title\">EPC inki\u015faf sektoru<\/h4>\r\n\t            \t<p>EPC inki\u015faf sektoruna daxil olmu\u015fdur<\/p>\r\n\t            <\/div>\r\n\t        <\/div>\r\n\t        \t        <div class=\"ot-timeline-item\">\r\n\t            <div class=\"tl-time\">\r\n\t                <span>2010<\/span>\r\n\t            <\/div>\r\n\t            <div class=\"tl-marker\"><\/div>\r\n\t            <div class=\"tl-detail\">\r\n\t            \t<h4 class=\"tl-title\">Bak\u0131 Ofisi<\/h4>\r\n\t            \t<p>Bak\u0131 Ofisi a\u00e7\u0131lm\u0131\u015fd\u0131r.<\/p>\r\n\t            <\/div>\r\n\t        <\/div>\r\n\t        \t    <\/div>\r\n\t\t\r\n\t\t\t\t\t\t<\/div>\n\t\t\t\t<\/div>\n\t\t\t\t\t<\/div>\n\t\t\t\t<\/div>\n\t\t\t\t<\/div>\n\t\t","protected":false},"excerpt":{"rendered":"<p>2018 PMD t\u0259chizat\u00e7\u0131 siyah\u0131s\u0131 PMD t\u0259chizat\u00e7\u0131 siyah\u0131s\u0131 &#8212; AZCO PMD t\u0259chizat\u00e7\u0131 siyah\u0131s\u0131na \u0259lav\u0259 olundu. 2017 BP t\u0259chizat\u00e7\u0131 siyah\u0131s\u0131 AZCO BP-nin t\u0259chizat\u00e7\u0131lar siyah\u0131sna daxil edilmi\u015fdir 2017 Lisenziya verildi AZCO Az\u0259rbaycan Respublikas\u0131n\u0131n \u0130qtisadiyyat Nazirliyi t\u0259r\u0259find\u0259n, T\u0259hl\u00fck\u0259 potensiall\u0131 obyektl\u0259rd\u0259 istisamar olunan avadanl\u0131\u011f\u0131n v\u0259 texniki qur\u011fular\u0131n diaqnostikas\u0131 v\u0259 dig\u0259r texniki yoxlamalar\u0131n ke\u00e7irilm\u0259sini h\u0259yata ke\u00e7irm\u0259y\u0259 icaz\u0259 ver\u0259n lisenziya alm\u0131\u015fd\u0131r 2016 [&hellip;]<\/p>\n","protected":false},"author":1,"featured_media":0,"parent":0,"menu_order":0,"comment_status":"closed","ping_status":"closed","template":"","meta":{"footnotes":""},"class_list":["post-1015","page","type-page","status-publish","hentry"],"_links":{"self":[{"href":"https:\/\/azco.az\/az\/wp-json\/wp\/v2\/pages\/1015","targetHints":{"allow":["GET"]}}],"collection":[{"href":"https:\/\/azco.az\/az\/wp-json\/wp\/v2\/pages"}],"about":[{"href":"https:\/\/azco.az\/az\/wp-json\/wp\/v2\/types\/page"}],"author":[{"embeddable":true,"href":"https:\/\/azco.az\/az\/wp-json\/wp\/v2\/users\/1"}],"replies":[{"embeddable":true,"href":"https:\/\/azco.az\/az\/wp-json\/wp\/v2\/comments?post=1015"}],"version-history":[{"count":11,"href":"https:\/\/azco.az\/az\/wp-json\/wp\/v2\/pages\/1015\/revisions"}],"predecessor-version":[{"id":2557,"href":"https:\/\/azco.az\/az\/wp-json\/wp\/v2\/pages\/1015\/revisions\/2557"}],"wp:attachment":[{"href":"https:\/\/azco.az\/az\/wp-json\/wp\/v2\/media?parent=1015"}],"curies":[{"name":"wp","href":"https:\/\/api.w.org\/{rel}","templated":true}]}}