{"id":1007,"date":"2025-04-25T23:42:28","date_gmt":"2025-04-25T20:12:28","guid":{"rendered":"https:\/\/azco.parazitt.ir\/?page_id=1007"},"modified":"2025-06-01T06:49:21","modified_gmt":"2025-06-01T03:19:21","slug":"missiyamiz-v%c9%99-strateji-baxisimiz","status":"publish","type":"page","link":"https:\/\/azco.az\/az\/missiyamiz-v%c9%99-strateji-baxisimiz\/","title":{"rendered":"Missiyam\u0131z v\u0259 Strateji Bax\u0131\u015f\u0131m\u0131z"},"content":{"rendered":"<h2><span style=\"color: #ff6600;\"><strong>B\u0130Z\u0130M M\u0130SS\u0130YAMIZ<\/strong><\/span><\/h2>\n<p>Bizim missiyam\u0131z Orta Asiyada v\u0259 Qafqazda neft v\u0259 qaz, neftkimya, tikinti v\u0259 da\u011f-m\u0259d\u0259n sektorlar\u0131nda m\u00fc\u015ft\u0259ril\u0259rimizin ard\u0131c\u0131l sur\u0259td\u0259 \u00fcst\u00fcnl\u00fck ver\u0259c\u0259kl\u0259ri EPC \u015firk\u0259ti olmaqdan ibar\u0259tdir. Biz layih\u0259nin idar\u0259 olunmas\u0131n\u0131 optimal sur\u0259td\u0259 a\u015fa\u011f\u0131dak\u0131 yollarla yerin\u0259 yetirm\u0259y\u0259 can at\u0131r\u0131q;<\/p>\n<ul>\n<li><span style=\"color: #003366;\"><strong>EPC sah\u0259sind\u0259 d\u00fcnya standartlar\u0131 s\u0259viyy\u0259sind\u0259 y\u00fcks\u0259k keyfiyy\u0259t;<\/strong><\/span><br \/>\n<hr \/>\n<\/li>\n<li><span style=\"color: #003366;\"><strong>Komandada i\u015fl\u0259m\u0259yi d\u0259y\u0259rl\u0259ndir\u0259n yarad\u0131c\u0131, professional \u0259m\u0259kda\u015flar\u0131n c\u0259lb olunmas\u0131;<\/strong><\/span><br \/>\n<hr \/>\n<\/li>\n<li><span style=\"color: #003366;\"><strong>Vaxt\u0131nda t\u0259hvil verm\u0259 v\u0259 minumum x\u0259rcl\u0259r\u0259 uy\u011fun qiym\u0259t;<\/strong><\/span><br \/>\n<hr \/>\n<\/li>\n<li><span style=\"color: #003366;\"><strong>\u018fm\u0259kda\u015flar\u0131m\u0131z \u00fc\u00e7\u00fcn t\u0259hl\u00fck\u0259siz v\u0259 sa\u011flam i\u015f m\u00fchiti;<\/strong><\/span><br \/>\n<hr \/>\n<\/li>\n<li><span style=\"color: #003366;\"><strong>Sosial v\u0259 ekoloji cavabdehliy\u0259 d\u0259st\u0259k;<\/strong><\/span><br \/>\n<hr \/>\n<\/li>\n<li><span style=\"color: #003366;\"><strong>Texnologiyadan\u00a0istifad\u0259d\u0259n \u0259min olmaq v\u0259 m\u00fc\u015ft\u0259rinin m\u0259mnunlu\u011funu t\u0259min etm\u0259k;<\/strong><\/span><\/li>\n<\/ul>\n<p>&nbsp;<\/p>\n<h2><span style=\"color: #ff6600;\"><strong>B\u0130Z\u0130M STRATEJ\u0130 BAXI\u015eIMIZ<\/strong><\/span><\/h2>\n<ul>\n<li><strong><span style=\"color: #003366;\">Bizim starteji bax\u0131\u015f\u0131m\u0131z b\u00fct\u00fcn maraql\u0131 t\u0259r\u0259fl\u0259rin y\u00fcks\u0259k s\u0259rmay\u0259 portfeli faizl\u0259ri -ci il\u0259 kimi m\u00fc\u015ft\u0259ril\u0259rimizin ehtiyaclar\u0131n\u0131 vaxt\u0131nda yerin\u0259 yetirm\u0259miz \u00fc\u00e7\u00fcn m\u0259rk\u0259zi Asiyada v\u0259 Qafqazda EPC sah\u0259sind\u0259 d\u00fcnya standartlar\u0131 s\u0259viyy\u0259sind\u0259 lider v\u0259 ir\u0259lid\u0259 ged\u0259n \u015firk\u0259t olmaqan ibar\u0259tdir.<\/span><\/strong><br \/>\n<hr \/>\n<\/li>\n<\/ul>\n<ul>\n<li><strong><span style=\"color: #003366;\">Biz d\u00fc\u015f\u00fcn\u00fcr\u00fck ki, bizim g\u00fcc\u00fcm\u00fcz \u015eirk\u0259tin insanlar\u0131nda, M\u00fcasir \u0130qtisadiyyat\u0131n \u00e7a\u011f\u0131r\u0131\u015flar\u0131na uy\u011funla\u015fmaq \u00fc\u00e7\u00fcn onlar\u0131n s\u0259ri\u015ft\u0259si, t\u0259cr\u00fcb\u0259si, bilik v\u0259 \u00e7evikliyind\u0259, eyni zamanda davaml\u0131 v\u0259 dinamik \u015f\u0259kild\u0259 bizim g\u00f6st\u0259ricil\u0259ri yax\u015f\u0131la\u015fd\u0131rmaq v\u0259 geni\u015fl\u0259ndirm\u0259k qabiliyy\u0259tind\u0259dir.<\/span><\/strong><br \/>\n<hr \/>\n<\/li>\n<\/ul>\n<ul>\n<li><strong><span style=\"color: #003366;\">Bizim iddial\u0131 m\u0259qs\u0259dimiz ilk olaraq D\u0259y\u0259rl\u0259rimiz v\u0259 \u0130dar\u0259etm\u0259 t\u0259cr\u00fcb\u0259mizi yaymaqla f\u0259aliyy\u0259t g\u00f6st\u0259rdiyimiz sah\u0259d\u0259 inki\u015faf\u0131n stimulla\u015fd\u0131r\u0131c\u0131 subyekti olmaqd\u0131r.<\/span><\/strong><\/li>\n<\/ul>\n","protected":false},"excerpt":{"rendered":"<p>B\u0130Z\u0130M M\u0130SS\u0130YAMIZ Bizim missiyam\u0131z Orta Asiyada v\u0259 Qafqazda neft v\u0259 qaz, neftkimya, tikinti v\u0259 da\u011f-m\u0259d\u0259n sektorlar\u0131nda m\u00fc\u015ft\u0259ril\u0259rimizin ard\u0131c\u0131l sur\u0259td\u0259 \u00fcst\u00fcnl\u00fck ver\u0259c\u0259kl\u0259ri EPC \u015firk\u0259ti olmaqdan ibar\u0259tdir. Biz layih\u0259nin idar\u0259 olunmas\u0131n\u0131 optimal sur\u0259td\u0259 a\u015fa\u011f\u0131dak\u0131 yollarla yerin\u0259 yetirm\u0259y\u0259 can at\u0131r\u0131q; EPC sah\u0259sind\u0259 d\u00fcnya standartlar\u0131 s\u0259viyy\u0259sind\u0259 y\u00fcks\u0259k keyfiyy\u0259t; Komandada i\u015fl\u0259m\u0259yi d\u0259y\u0259rl\u0259ndir\u0259n yarad\u0131c\u0131, professional \u0259m\u0259kda\u015flar\u0131n c\u0259lb olunmas\u0131; Vaxt\u0131nda t\u0259hvil verm\u0259 [&hellip;]<\/p>\n","protected":false},"author":1,"featured_media":0,"parent":0,"menu_order":0,"comment_status":"closed","ping_status":"closed","template":"","meta":{"footnotes":""},"class_list":["post-1007","page","type-page","status-publish","hentry"],"_links":{"self":[{"href":"https:\/\/azco.az\/az\/wp-json\/wp\/v2\/pages\/1007","targetHints":{"allow":["GET"]}}],"collection":[{"href":"https:\/\/azco.az\/az\/wp-json\/wp\/v2\/pages"}],"about":[{"href":"https:\/\/azco.az\/az\/wp-json\/wp\/v2\/types\/page"}],"author":[{"embeddable":true,"href":"https:\/\/azco.az\/az\/wp-json\/wp\/v2\/users\/1"}],"replies":[{"embeddable":true,"href":"https:\/\/azco.az\/az\/wp-json\/wp\/v2\/comments?post=1007"}],"version-history":[{"count":5,"href":"https:\/\/azco.az\/az\/wp-json\/wp\/v2\/pages\/1007\/revisions"}],"predecessor-version":[{"id":3506,"href":"https:\/\/azco.az\/az\/wp-json\/wp\/v2\/pages\/1007\/revisions\/3506"}],"wp:attachment":[{"href":"https:\/\/azco.az\/az\/wp-json\/wp\/v2\/media?parent=1007"}],"curies":[{"name":"wp","href":"https:\/\/api.w.org\/{rel}","templated":true}]}}